{"id":726449,"date":"2025-08-27T20:07:05","date_gmt":"2025-08-27T17:07:05","guid":{"rendered":"https:\/\/roveyayinevi.com.tr\/index.php\/urun\/mefisto-ile-erdisi\/"},"modified":"2026-04-16T02:34:07","modified_gmt":"2026-04-15T23:34:07","slug":"mefisto-ile-erdisi","status":"publish","type":"product","link":"https:\/\/roveyayinevi.com.tr\/index.php\/urun\/mefisto-ile-erdisi\/","title":{"rendered":"Mefisto \u0130le Erdi\u015fi"},"content":{"rendered":"<p>\u201cB\u00fct\u00fcn\u00fcyle \u00f6teki\u201d olanla kar\u015f\u0131la\u015fma, ister idrak edilsin ister edilmesin, dinsel yap\u0131da bir deneyim ba\u015flat\u0131r. \u00c7a\u011f\u0131m\u0131z ileride muhtemelen, H\u0131ristiyanl\u0131\u011f\u0131n zaferi ile yok edilen \u201cda\u011f\u0131n\u0131k dinsel deneyimleri\u201d yeniden ke\u015ffeden ilk \u00e7a\u011f olarak an\u0131lacakt\u0131r. Bilin\u00e7alt\u0131n\u0131n etkinliklerine kar\u015f\u0131 duyulan \u00e7ekim, mitos ve simgelere kar\u015f\u0131 duyulan ilgi, egzotik, ilkel, arkaik olana kar\u015f\u0131 duyulan heves, i\u00e7erdikleri b\u00fct\u00fcn karma\u015f\u0131k duygularla \u201c\u00d6tekilerle\u201d kar\u015f\u0131la\u015fmalar vb. b\u00fct\u00fcn bunlar, muhtemelen g\u00fcn\u00fcn birinde yeni bir t\u00fcr dinsellik olarak g\u00f6r\u00fclecektir. \u015eu an i\u00e7in, b\u00fct\u00fcn bu \u00f6gelerin, eskinin tekrar\u0131 olmayacak yeni bir insanl\u0131\u011f\u0131n y\u00fckseli\u015fini haz\u0131rlamakta oldu\u011funu seziyoruz. Zira insan\u0131 tam olarak tan\u0131yabilmek i\u00e7in, \u015fimdi art\u0131k dikkate al\u0131nmas\u0131 gereken \u015earkiyat\u00e7\u0131lar\u0131n, etnologlar\u0131n, derinlik psikologlar\u0131n\u0131n ve din tarih\u00e7ilerinin ara\u015ft\u0131rmalar\u0131d\u0131r. Bu bilginler Asyal\u0131larda oldu\u011fu kadar \u201cilkellerde\u201d de kabul g\u00f6ren onca simgenin, mitosun, il\u00e2hi ve teknik fig\u00fcr\u00fcn insani a\u00e7\u0131dan \u00f6nemini, psikolojik \u201chakikatini\u201d ve manevi a\u00e7\u0131dan de\u011ferini ortaya koymaktan vazge\u00e7mediler. [\u2026] Er ge\u00e7 \u201c\u00f6tekilerle\u201d \u2013geleneksel, Asyal\u0131 ve \u201cilkel\u201d k\u00fclt\u00fcrlerin temsilcileriyle\u2013 diyalog ba\u015flayacakt\u0131r, ama bu diyalog g\u00fcn\u00fcm\u00fcz\u00fcn (toplumsal, ekonomik, siyasal, t\u0131bb\u00ee vb. ger\u00e7ekliklere ula\u015famayan) deneyimsel ve faydac\u0131 diliyle de\u011fil ama insani ger\u00e7eklikleri, manevi de\u011ferleri anlatabilen k\u00fclt\u00fcrel bir dille olacakt\u0131r. <\/p>\n","protected":false},"excerpt":{"rendered":"<p>\u201cB\u00fct\u00fcn\u00fcyle \u00f6teki\u201d olanla kar\u015f\u0131la\u015fma, ister idrak edilsin ister edilmesin, dinsel yap\u0131da bir deneyim ba\u015flat\u0131r. \u00c7a\u011f\u0131m\u0131z ileride muhtemelen, H\u0131ristiyanl\u0131\u011f\u0131n zaferi ile yok edilen \u201cda\u011f\u0131n\u0131k dinsel deneyimleri\u201d yeniden<span class=\"excerpt-hellip\"> [\u2026]<\/span><\/p>\n","protected":false},"featured_media":0,"template":"","meta":{"_monsterinsights_skip_tracking":false,"_monsterinsights_sitenote_active":false,"_monsterinsights_sitenote_note":"","_monsterinsights_sitenote_category":0},"product_brand":[],"product_cat":[15499,13488],"product_tag":[],"class_list":{"0":"post-726449","1":"product","2":"type-product","3":"status-publish","5":"product_cat-antropoloji","6":"product_cat-toplum-ve-insan","7":"pa_cilt-ciltsiz","8":"pa_tur-kitap","9":"pa_yayinevi-dogu-bati-yayinlari","10":"pa_yazar-mircea-eliade","12":"first","13":"instock","14":"sale","15":"shipping-taxable","16":"purchasable","17":"product-type-simple"},"_links":{"self":[{"href":"https:\/\/roveyayinevi.com.tr\/index.php\/wp-json\/wp\/v2\/product\/726449","targetHints":{"allow":["GET"]}}],"collection":[{"href":"https:\/\/roveyayinevi.com.tr\/index.php\/wp-json\/wp\/v2\/product"}],"about":[{"href":"https:\/\/roveyayinevi.com.tr\/index.php\/wp-json\/wp\/v2\/types\/product"}],"wp:attachment":[{"href":"https:\/\/roveyayinevi.com.tr\/index.php\/wp-json\/wp\/v2\/media?parent=726449"}],"wp:term":[{"taxonomy":"product_brand","embeddable":true,"href":"https:\/\/roveyayinevi.com.tr\/index.php\/wp-json\/wp\/v2\/product_brand?post=726449"},{"taxonomy":"product_cat","embeddable":true,"href":"https:\/\/roveyayinevi.com.tr\/index.php\/wp-json\/wp\/v2\/product_cat?post=726449"},{"taxonomy":"product_tag","embeddable":true,"href":"https:\/\/roveyayinevi.com.tr\/index.php\/wp-json\/wp\/v2\/product_tag?post=726449"}],"curies":[{"name":"wp","href":"https:\/\/api.w.org\/{rel}","templated":true}]}}