{"id":726447,"date":"2025-08-27T20:07:03","date_gmt":"2025-08-27T17:07:03","guid":{"rendered":"https:\/\/roveyayinevi.com.tr\/index.php\/urun\/sevgili-hic-tanimadigim-cocuk-2-mektup-agaci\/"},"modified":"2026-04-16T02:34:07","modified_gmt":"2026-04-15T23:34:07","slug":"sevgili-hic-tanimadigim-cocuk-2-mektup-agaci","status":"publish","type":"product","link":"https:\/\/roveyayinevi.com.tr\/index.php\/urun\/sevgili-hic-tanimadigim-cocuk-2-mektup-agaci\/","title":{"rendered":"Sevgili Hi\u00e7 Tan\u0131mad\u0131\u011f\u0131m \u00c7ocuk-2  Mektup A\u011fac\u0131"},"content":{"rendered":"<p>Kimi mucizeler hi\u00e7 beklemedi\u011finiz anlarda ger\u00e7ekle\u015febilir&#8230;Teknoloji \u00e7a\u011f\u0131 \u00e7ocuklar\u0131n\u0131 mektup yazma k\u00fclt\u00fcr\u00fcyle tan\u0131\u015ft\u0131ran Sevgili Hi\u00e7 Tan\u0131mad\u0131\u011f\u0131m \u00c7ocuk&#8217;un merakla beklenen devam kitab\u0131 Mektup A\u011fac\u0131; hayat\u0131n getirdiklerini ve g\u00f6t\u00fcrd\u00fcklerini yine mektuplar arac\u0131l\u0131\u011f\u0131yla payla\u015fmay\u0131 s\u00fcrd\u00fcr\u00fcyor. Hanzade Servi&#8217;nin bu e\u011flenceli roman\u0131, \u00e7ocukluk g\u00fcnlerini geride b\u0131rakmaya haz\u0131rlanan bir delikanl\u0131n\u0131n h\u00fcz\u00fcnle, sevin\u00e7le ve farkl\u0131 heyecanlarla s\u0131nanan olgunla\u015fma ser\u00fcvenini sayfalar\u0131na ta\u015f\u0131yor. G\u00fcn\u00fcm\u00fcz ger\u00e7ekli\u011fini, ge\u00e7mi\u015f g\u00fczel g\u00fcnleri an\u0131msatan naif duygular ve unutulmaya y\u00fcz tutmu\u015f kimi nostaljik al\u0131\u015fkanl\u0131klar e\u015fli\u011finde sorgulamaya iten yazar; kitapseverlerin y\u00fcre\u011finde, ka\u00e7\u0131n\u0131lmaz bir mektup yazma iste\u011fi uyand\u0131r\u0131yor.   Ya\u015fas\u0131n! Baler ve ailesi, tam \u00fc\u00e7 y\u0131l sonra Avustralya&#8217;dan geri d\u00f6nd\u00fc. \u00dcstelik bir ki\u015fi \u00e7o\u011falarak&#8230; Eski dostumuz, rol ald\u0131\u011f\u0131 belgesel ve YouTube kanal\u0131 sayesinde fenomen olmu\u015f olsa da; aynaya bakt\u0131\u011f\u0131nda g\u00f6rd\u00fc\u011f\u00fc on \u00fc\u00e7 ya\u015f\u0131ndaki \u00e7ocuk sanki hi\u00e7 tan\u0131mad\u0131\u011f\u0131 biri! Son zamanlarda boyu epey uzad\u0131, sa\u00e7lar\u0131n\u0131n rengi az\u0131c\u0131k a\u00e7\u0131ld\u0131, sesi farenjit olmu\u015f bir \u00f6rdek gibi ve Ruhi ad\u0131nda bir sivilcesi var. \u00c7oktand\u0131r Menevi\u015f&#8217;e tek bir sat\u0131r bile yazamad\u0131\u011f\u0131 i\u00e7in i\u00e7ten i\u00e7e \u00fcz\u00fclse de, Tayra&#8217;yla dostlu\u011funu ilerletmesi onu az da olsa teselli ediyor. LGS s\u0131nav\u0131na haz\u0131rl\u0131k tela\u015f\u0131, eski arkada\u015flar\u0131yla yeni hayat\u0131na uyum sa\u011flama \u00e7abas\u0131 derken, Baler&#8217;in d\u00fcnyas\u0131nda i\u015fler zorla\u015f\u0131yor. Akl\u0131ndan bir t\u00fcrl\u00fc \u00e7\u0131kmayan gizemli kutuyu ve kendisine s\u00fcrekli k\u00f6t\u00fc yorumlar yazan trol&#8217;\u00fc de unutmamak gerek tabii. Baler&#8217;in \u00e7\u00f6zmesi gereken pek \u00e7ok sorun var. Ama \u00f6ncelikle \u00c7\u0131narl\u0131tepe&#8217;ye Menevi\u015f&#8217;in heykelini yapt\u0131rmak istiyor&#8230; \u0130lk kitapta yaratt\u0131\u011f\u0131 gizemi ve heyecan\u0131, devam kitab\u0131nda ustal\u0131kla t\u0131rmand\u0131ran Hanzade Servi; ge\u00e7mi\u015fle bug\u00fcn\u00fcn ileti\u015fim al\u0131\u015fkanl\u0131klar\u0131 aras\u0131nda k\u00f6pr\u00fcler kurarken, son y\u0131llarda dijital teknolojiler kullan\u0131larak ger\u00e7ekle\u015ftirilen siber zorbal\u0131\u011fa da dikkat \u00e7ekiyor.   G\u00fc\u00e7l\u00fc kurgusu ve incelikli anlat\u0131m\u0131 sayesinde serinin ilk kitab\u0131ndan ba\u011f\u0131ms\u0131z olarak da okunabilecek Mektup A\u011fac\u0131, yazar\u0131na do\u011frudan mektup yazma olana\u011f\u0131 sunarak etkile\u015fimli bir okuma deneyimi ya\u015fat\u0131yor.<\/p>\n","protected":false},"excerpt":{"rendered":"<p>Kimi mucizeler hi\u00e7 beklemedi\u011finiz anlarda ger\u00e7ekle\u015febilir&#8230;Teknoloji \u00e7a\u011f\u0131 \u00e7ocuklar\u0131n\u0131 mektup yazma k\u00fclt\u00fcr\u00fcyle tan\u0131\u015ft\u0131ran Sevgili Hi\u00e7 Tan\u0131mad\u0131\u011f\u0131m \u00c7ocuk&#8217;un merakla beklenen devam kitab\u0131 Mektup A\u011fac\u0131; hayat\u0131n getirdiklerini ve g\u00f6t\u00fcrd\u00fcklerini<span class=\"excerpt-hellip\"> [\u2026]<\/span><\/p>\n","protected":false},"featured_media":0,"template":"","meta":{"_monsterinsights_skip_tracking":false,"_monsterinsights_sitenote_active":false,"_monsterinsights_sitenote_note":"","_monsterinsights_sitenote_category":0},"product_brand":[],"product_cat":[12275,12274],"product_tag":[],"class_list":{"0":"post-726447","1":"product","2":"type-product","3":"status-publish","5":"product_cat-6-12-yas-kitaplari","6":"product_cat-cocuk-ve-genclik-kitaplari","7":"pa_cilt-ciltsiz","8":"pa_tur-kitap","9":"pa_yayinevi-tudem-yayinlari","10":"pa_yazar-hanzade-servi","12":"first","13":"instock","14":"sale","15":"shipping-taxable","16":"purchasable","17":"product-type-simple"},"_links":{"self":[{"href":"https:\/\/roveyayinevi.com.tr\/index.php\/wp-json\/wp\/v2\/product\/726447","targetHints":{"allow":["GET"]}}],"collection":[{"href":"https:\/\/roveyayinevi.com.tr\/index.php\/wp-json\/wp\/v2\/product"}],"about":[{"href":"https:\/\/roveyayinevi.com.tr\/index.php\/wp-json\/wp\/v2\/types\/product"}],"wp:attachment":[{"href":"https:\/\/roveyayinevi.com.tr\/index.php\/wp-json\/wp\/v2\/media?parent=726447"}],"wp:term":[{"taxonomy":"product_brand","embeddable":true,"href":"https:\/\/roveyayinevi.com.tr\/index.php\/wp-json\/wp\/v2\/product_brand?post=726447"},{"taxonomy":"product_cat","embeddable":true,"href":"https:\/\/roveyayinevi.com.tr\/index.php\/wp-json\/wp\/v2\/product_cat?post=726447"},{"taxonomy":"product_tag","embeddable":true,"href":"https:\/\/roveyayinevi.com.tr\/index.php\/wp-json\/wp\/v2\/product_tag?post=726447"}],"curies":[{"name":"wp","href":"https:\/\/api.w.org\/{rel}","templated":true}]}}