{"id":726446,"date":"2025-08-27T20:07:03","date_gmt":"2025-08-27T17:07:03","guid":{"rendered":"https:\/\/roveyayinevi.com.tr\/index.php\/urun\/genel-muhasebe-3\/"},"modified":"2026-04-16T02:34:07","modified_gmt":"2026-04-15T23:34:07","slug":"genel-muhasebe-3","status":"publish","type":"product","link":"https:\/\/roveyayinevi.com.tr\/index.php\/urun\/genel-muhasebe-3\/","title":{"rendered":"Genel Muhasebe"},"content":{"rendered":"<p>1. Giri\u015f 2. Bilan\u00e7o Kavram\u0131 3. Hesap Kavram\u0131 4. Muhasebe Sistemi 5. Varl\u0131klar\u0131n \u0130zlenmesi 6. Kaynak Hesaplar\u0131 7. Naz\u0131m Hesaplar 8. Gelir Tablosu Hesaplar\u0131 9. D\u00f6nem Sonu \u0130\u015flemleri <\/p>\n","protected":false},"excerpt":{"rendered":"<p>1. Giri\u015f 2. Bilan\u00e7o Kavram\u0131 3. Hesap Kavram\u0131 4. Muhasebe Sistemi 5. Varl\u0131klar\u0131n \u0130zlenmesi 6. Kaynak Hesaplar\u0131 7. Naz\u0131m Hesaplar 8. Gelir Tablosu Hesaplar\u0131 9. D\u00f6nem<span class=\"excerpt-hellip\"> [\u2026]<\/span><\/p>\n","protected":false},"featured_media":0,"template":"","meta":{"_monsterinsights_skip_tracking":false,"_monsterinsights_sitenote_active":false,"_monsterinsights_sitenote_note":"","_monsterinsights_sitenote_category":0},"product_brand":[],"product_cat":[13043,14381],"product_tag":[],"class_list":{"0":"post-726446","1":"product","2":"type-product","3":"status-publish","5":"product_cat-ekonomi","6":"product_cat-isletme-muhasebe-maliye","7":"pa_cilt-ciltsiz","8":"pa_tur-kitap","9":"pa_yayinevi-gazi-kitabevi","10":"pa_yazar-orhan-sevilengul","12":"first","13":"instock","14":"sale","15":"shipping-taxable","16":"purchasable","17":"product-type-simple"},"_links":{"self":[{"href":"https:\/\/roveyayinevi.com.tr\/index.php\/wp-json\/wp\/v2\/product\/726446","targetHints":{"allow":["GET"]}}],"collection":[{"href":"https:\/\/roveyayinevi.com.tr\/index.php\/wp-json\/wp\/v2\/product"}],"about":[{"href":"https:\/\/roveyayinevi.com.tr\/index.php\/wp-json\/wp\/v2\/types\/product"}],"wp:attachment":[{"href":"https:\/\/roveyayinevi.com.tr\/index.php\/wp-json\/wp\/v2\/media?parent=726446"}],"wp:term":[{"taxonomy":"product_brand","embeddable":true,"href":"https:\/\/roveyayinevi.com.tr\/index.php\/wp-json\/wp\/v2\/product_brand?post=726446"},{"taxonomy":"product_cat","embeddable":true,"href":"https:\/\/roveyayinevi.com.tr\/index.php\/wp-json\/wp\/v2\/product_cat?post=726446"},{"taxonomy":"product_tag","embeddable":true,"href":"https:\/\/roveyayinevi.com.tr\/index.php\/wp-json\/wp\/v2\/product_tag?post=726446"}],"curies":[{"name":"wp","href":"https:\/\/api.w.org\/{rel}","templated":true}]}}