{"id":726445,"date":"2025-08-27T20:07:02","date_gmt":"2025-08-27T17:07:02","guid":{"rendered":"https:\/\/roveyayinevi.com.tr\/index.php\/urun\/jack-london\/"},"modified":"2026-04-16T02:34:07","modified_gmt":"2026-04-15T23:34:07","slug":"jack-london","status":"publish","type":"product","link":"https:\/\/roveyayinevi.com.tr\/index.php\/urun\/jack-london\/","title":{"rendered":"Jack London"},"content":{"rendered":"<p>\u201cCesur insanlar\u0131n \u00f6l\u00fcm\u00fcn\u00fc seyretmek, korkaklar\u0131n hayatlar\u0131 i\u00e7in yalvard\u0131\u011f\u0131n\u0131 i\u015fitmekten daha kolayd\u0131r.\u201dModern distopik roman\u0131n en erken \u00f6rneklerinden biri olarak de\u011ferlendirilen ve bilim kurgu \u00f6\u011feleri de ta\u015f\u0131yan Demir \u00d6k\u00e7e, oligar\u015finin Amerika&#8217;daki y\u00fckseli\u015fiyle birlikte ya\u015fanan ac\u0131mas\u0131z s\u0131n\u0131f sava\u015f\u0131n\u0131 konu al\u0131r.Jack London&#8217;\u0131n sosyalist g\u00f6r\u00fc\u015flerinin en a\u00e7\u0131k \u015fekliyle ifade edildi\u011fi bu roman, yirminci y\u00fczy\u0131l\u0131n ba\u015flang\u0131c\u0131n\u0131n \u00e7alkant\u0131l\u0131 ruhunu \u00fcrpertici bir dille aktard\u0131\u011f\u0131 gibi yaz\u0131ld\u0131ktan seneler sonra ya\u015fanan fa\u015fizmin y\u00fckseli\u015fi ve otoriter h\u00fck\u00fcmetlerle ilgili isabetli \u00f6ng\u00f6r\u00fclerde bulunur<\/p>\n","protected":false},"excerpt":{"rendered":"<p>\u201cCesur insanlar\u0131n \u00f6l\u00fcm\u00fcn\u00fc seyretmek, korkaklar\u0131n hayatlar\u0131 i\u00e7in yalvard\u0131\u011f\u0131n\u0131 i\u015fitmekten daha kolayd\u0131r.\u201dModern distopik roman\u0131n en erken \u00f6rneklerinden biri olarak de\u011ferlendirilen ve bilim kurgu \u00f6\u011feleri de ta\u015f\u0131yan Demir<span class=\"excerpt-hellip\"> [\u2026]<\/span><\/p>\n","protected":false},"featured_media":0,"template":"","meta":{"_monsterinsights_skip_tracking":false,"_monsterinsights_sitenote_active":false,"_monsterinsights_sitenote_note":"","_monsterinsights_sitenote_category":0},"product_brand":[],"product_cat":[12291,12711],"product_tag":[],"class_list":{"0":"post-726445","1":"product","2":"type-product","3":"status-publish","5":"product_cat-edebiyat","6":"product_cat-roman-oyku","7":"pa_cilt-ciltsiz","8":"pa_tur-kitap","9":"pa_yayinevi-bilgi-yayinevi","10":"pa_yazar-demir-okce","12":"first","13":"instock","14":"sale","15":"shipping-taxable","16":"purchasable","17":"product-type-simple"},"_links":{"self":[{"href":"https:\/\/roveyayinevi.com.tr\/index.php\/wp-json\/wp\/v2\/product\/726445","targetHints":{"allow":["GET"]}}],"collection":[{"href":"https:\/\/roveyayinevi.com.tr\/index.php\/wp-json\/wp\/v2\/product"}],"about":[{"href":"https:\/\/roveyayinevi.com.tr\/index.php\/wp-json\/wp\/v2\/types\/product"}],"wp:attachment":[{"href":"https:\/\/roveyayinevi.com.tr\/index.php\/wp-json\/wp\/v2\/media?parent=726445"}],"wp:term":[{"taxonomy":"product_brand","embeddable":true,"href":"https:\/\/roveyayinevi.com.tr\/index.php\/wp-json\/wp\/v2\/product_brand?post=726445"},{"taxonomy":"product_cat","embeddable":true,"href":"https:\/\/roveyayinevi.com.tr\/index.php\/wp-json\/wp\/v2\/product_cat?post=726445"},{"taxonomy":"product_tag","embeddable":true,"href":"https:\/\/roveyayinevi.com.tr\/index.php\/wp-json\/wp\/v2\/product_tag?post=726445"}],"curies":[{"name":"wp","href":"https:\/\/api.w.org\/{rel}","templated":true}]}}