{"id":726444,"date":"2025-08-27T20:07:01","date_gmt":"2025-08-27T17:07:01","guid":{"rendered":"https:\/\/roveyayinevi.com.tr\/index.php\/urun\/frankenstein-3\/"},"modified":"2026-04-16T02:34:07","modified_gmt":"2026-04-15T23:34:07","slug":"frankenstein-3","status":"publish","type":"product","link":"https:\/\/roveyayinevi.com.tr\/index.php\/urun\/frankenstein-3\/","title":{"rendered":"Frankenstein"},"content":{"rendered":"<p>\u201cAh Frankenstein, herkese adil davran\u0131p da adaletini, hatta merhametini herkesten \u00e7ok hak eden beni ezip ge\u00e7me! Beni sen yaratt\u0131n, hat\u0131rla; senin \u00c2dem&#8217;in olabilirdim fakat tam aksine, hi\u00e7bir yanl\u0131\u015f\u0131m olmasa da sevin\u00e7ten mahrum b\u0131rak\u0131p s\u00fcrg\u00fcn etti\u011fin mele\u011fim. Her yerde telafisi olmaks\u0131z\u0131n d\u0131\u015fland\u0131\u011f\u0131m saadeti g\u00f6r\u00fcyorum. M\u00fc\u015ffik ve iyi niyetliydim ama \u00e7aresizlik benden bir canavar yaratt\u0131.\u201dMary Shelley&#8217;nin bir r\u00fcyas\u0131ndan ald\u0131\u011f\u0131 ilhamla yazd\u0131\u011f\u0131 Frankenstein veya Modern Prometheus, Victor Frankenstein&#8217;\u0131n bilim a\u015fk\u0131yla ve \u00f6l\u00fcm\u00fc fethetmek umuduyla yaratt\u0131\u011f\u0131 ancak mucizevi olmas\u0131 gerekirken t\u00fcrl\u00fc felaketlere sebep olan canl\u0131n\u0131n t\u00fcyler \u00fcrpertici hik\u00e2yesini anlat\u0131r. \u0130lk bask\u0131s\u0131n\u0131 1818 y\u0131l\u0131nda, Shelley hen\u00fcz yirmi ya\u015f\u0131ndayken yapan bu eser, yaz\u0131lmas\u0131n\u0131n \u00fczerinden iki as\u0131ra yak\u0131n bir s\u00fcre ge\u00e7mesine ra\u011fmen halen ak\u0131c\u0131 anlat\u0131m\u0131yla okurlar\u0131 b\u00fcy\u00fclemekte, pek \u00e7ok film ve oyun uyarlamas\u0131na ilham vermektedir.<\/p>\n","protected":false},"excerpt":{"rendered":"<p>\u201cAh Frankenstein, herkese adil davran\u0131p da adaletini, hatta merhametini herkesten \u00e7ok hak eden beni ezip ge\u00e7me! Beni sen yaratt\u0131n, hat\u0131rla; senin \u00c2dem&#8217;in olabilirdim fakat tam aksine,<span class=\"excerpt-hellip\"> [\u2026]<\/span><\/p>\n","protected":false},"featured_media":0,"template":"","meta":{"_monsterinsights_skip_tracking":false,"_monsterinsights_sitenote_active":false,"_monsterinsights_sitenote_note":"","_monsterinsights_sitenote_category":0},"product_brand":[],"product_cat":[12291,12711],"product_tag":[],"class_list":{"0":"post-726444","1":"product","2":"type-product","3":"status-publish","5":"product_cat-edebiyat","6":"product_cat-roman-oyku","7":"pa_cilt-ciltsiz","8":"pa_tur-kitap","9":"pa_yayinevi-bilgi-yayinevi","10":"pa_yazar-mary-shelley","12":"first","13":"instock","14":"sale","15":"shipping-taxable","16":"purchasable","17":"product-type-simple"},"_links":{"self":[{"href":"https:\/\/roveyayinevi.com.tr\/index.php\/wp-json\/wp\/v2\/product\/726444","targetHints":{"allow":["GET"]}}],"collection":[{"href":"https:\/\/roveyayinevi.com.tr\/index.php\/wp-json\/wp\/v2\/product"}],"about":[{"href":"https:\/\/roveyayinevi.com.tr\/index.php\/wp-json\/wp\/v2\/types\/product"}],"wp:attachment":[{"href":"https:\/\/roveyayinevi.com.tr\/index.php\/wp-json\/wp\/v2\/media?parent=726444"}],"wp:term":[{"taxonomy":"product_brand","embeddable":true,"href":"https:\/\/roveyayinevi.com.tr\/index.php\/wp-json\/wp\/v2\/product_brand?post=726444"},{"taxonomy":"product_cat","embeddable":true,"href":"https:\/\/roveyayinevi.com.tr\/index.php\/wp-json\/wp\/v2\/product_cat?post=726444"},{"taxonomy":"product_tag","embeddable":true,"href":"https:\/\/roveyayinevi.com.tr\/index.php\/wp-json\/wp\/v2\/product_tag?post=726444"}],"curies":[{"name":"wp","href":"https:\/\/api.w.org\/{rel}","templated":true}]}}