{"id":726442,"date":"2025-08-27T20:06:59","date_gmt":"2025-08-27T17:06:59","guid":{"rendered":"https:\/\/roveyayinevi.com.tr\/index.php\/urun\/hadis-ve-kultur-yazilari-ciltli\/"},"modified":"2026-04-16T02:34:07","modified_gmt":"2026-04-15T23:34:07","slug":"hadis-ve-kultur-yazilari-ciltli","status":"publish","type":"product","link":"https:\/\/roveyayinevi.com.tr\/index.php\/urun\/hadis-ve-kultur-yazilari-ciltli\/","title":{"rendered":"Hadis ve K\u00fclt\u00fcr Yaz\u0131lar\u0131 ( Ciltli )"},"content":{"rendered":"<p>Elinizdeki kitap, yazar\u0131n, modern zamanlardaki hadis \u00e7al\u0131\u015fmalar\u0131n\u0131n ekseni konusundaki fikir, g\u00f6r\u00fc\u015f ve d\u00fc\u015f\u00fcncelerini yans\u0131tan yaz\u0131lardan olu\u015fmaktad\u0131r. Bug\u00fcn hadisle me\u015fgul olanlar\u0131n fark\u0131nda olmalar\u0131 gereken noktalar; hadis alan\u0131nda eksen kaymalar\u0131n\u0131n tespiti; hadis kaynaklar\u0131n\u0131n akt\u00fcel de\u011feri ve g\u00fcn\u00fcm\u00fczde bu literat\u00fcr\u00fcn nas\u0131l anla\u015f\u0131lmas\u0131 gerekti\u011fi; hadis ara\u015ft\u0131rmac\u0131lar\u0131n\u0131n, bug\u00fcn sa\u011fl\u0131kl\u0131 bir &#8216;kitap konseptine&#8217; sahip olup olmad\u0131klar\u0131na ili\u015fkin sorular; hadis ve k\u00fclt\u00fcr ili\u015fkisine dair tarihi \u00f6rneklemeler; hadisin tarihinde kad\u0131n ger\u00e7ekli\u011fi gibi konular kitab\u0131n ana temas\u0131n\u0131 olu\u015fturmaktad\u0131r.<\/p>\n","protected":false},"excerpt":{"rendered":"<p>Elinizdeki kitap, yazar\u0131n, modern zamanlardaki hadis \u00e7al\u0131\u015fmalar\u0131n\u0131n ekseni konusundaki fikir, g\u00f6r\u00fc\u015f ve d\u00fc\u015f\u00fcncelerini yans\u0131tan yaz\u0131lardan olu\u015fmaktad\u0131r. Bug\u00fcn hadisle me\u015fgul olanlar\u0131n fark\u0131nda olmalar\u0131 gereken noktalar; hadis alan\u0131nda<span class=\"excerpt-hellip\"> [\u2026]<\/span><\/p>\n","protected":false},"featured_media":0,"template":"","meta":{"_monsterinsights_skip_tracking":false,"_monsterinsights_sitenote_active":false,"_monsterinsights_sitenote_note":"","_monsterinsights_sitenote_category":0},"product_brand":[],"product_cat":[16789,12718,12719],"product_tag":[],"class_list":{"0":"post-726442","1":"product","2":"type-product","3":"status-publish","5":"product_cat-diger-islam","6":"product_cat-din","7":"product_cat-islam","8":"pa_cilt-ciltli","9":"pa_tur-kitap","10":"pa_yayinevi-otto-yayinlari","11":"pa_yazar-mehmet-emin-ozafsar","13":"first","14":"instock","15":"sale","16":"shipping-taxable","17":"purchasable","18":"product-type-simple"},"_links":{"self":[{"href":"https:\/\/roveyayinevi.com.tr\/index.php\/wp-json\/wp\/v2\/product\/726442","targetHints":{"allow":["GET"]}}],"collection":[{"href":"https:\/\/roveyayinevi.com.tr\/index.php\/wp-json\/wp\/v2\/product"}],"about":[{"href":"https:\/\/roveyayinevi.com.tr\/index.php\/wp-json\/wp\/v2\/types\/product"}],"wp:attachment":[{"href":"https:\/\/roveyayinevi.com.tr\/index.php\/wp-json\/wp\/v2\/media?parent=726442"}],"wp:term":[{"taxonomy":"product_brand","embeddable":true,"href":"https:\/\/roveyayinevi.com.tr\/index.php\/wp-json\/wp\/v2\/product_brand?post=726442"},{"taxonomy":"product_cat","embeddable":true,"href":"https:\/\/roveyayinevi.com.tr\/index.php\/wp-json\/wp\/v2\/product_cat?post=726442"},{"taxonomy":"product_tag","embeddable":true,"href":"https:\/\/roveyayinevi.com.tr\/index.php\/wp-json\/wp\/v2\/product_tag?post=726442"}],"curies":[{"name":"wp","href":"https:\/\/api.w.org\/{rel}","templated":true}]}}