{"id":726440,"date":"2025-08-27T20:06:58","date_gmt":"2025-08-27T17:06:58","guid":{"rendered":"https:\/\/roveyayinevi.com.tr\/index.php\/urun\/dunyaya-acilan-sinemamiz-ve-yeni-bir-kusak\/"},"modified":"2026-04-16T02:34:07","modified_gmt":"2026-04-15T23:34:07","slug":"dunyaya-acilan-sinemamiz-ve-yeni-bir-kusak","status":"publish","type":"product","link":"https:\/\/roveyayinevi.com.tr\/index.php\/urun\/dunyaya-acilan-sinemamiz-ve-yeni-bir-kusak\/","title":{"rendered":"D\u00fcnyaya A\u00e7\u0131lan Sinemam\u0131z ve Yeni Bir Ku\u015fak"},"content":{"rendered":"<p>Ko*rona Vir\u00fcs \u00e7a\u011f\u0131 aniden bast\u0131rd\u0131\u011f\u0131nda, Atill\u00e2 Dorsay d\u00f6nem gere\u011fi iki sinema kitab\u0131na birden ba\u015flamak \u00fczereydi: sinemam\u0131z\u0131n yak\u0131ndan izledi\u011fi o son ve parlak 2010-2020 y\u0131llar\u0131n\u0131n filmleri. Ve de 2015-2020 aras\u0131n\u0131n yine \u00e7ok \u00f6nemli buldu\u011fu d\u00fcnya sinemas\u0131. O arada \u00f6zellikle \u201c65 ya\u015f \u00fcst\u00fc\u201dlere reva g\u00f6r\u00fclenler bu zor d\u00f6nemi kolayla\u015ft\u0131r\u0131c\u0131 de\u011fildiyse de, yazar\u0131m\u0131z g\u00f6revini yapt\u0131. Do\u011frusu bu y\u0131l\u0131nA\u011fustos ay\u0131nda birden ortaya \u00e7\u0131kan kalp hastal\u0131\u011f\u0131 ve o \u201c6 by-pass birden\u201d ameliyat\u0131 hi\u00e7 hesapta yoktu. Ama o da a\u015f\u0131lm\u0131\u015f g\u00f6z\u00fck\u00fcyor. Ve b\u00f6ylece, t\u00fcm engellere ra\u011fmen kitaplar \u00e7\u0131kt\u0131, \u00e7\u0131k\u0131yor. Bu kitapta yenileriyle kar\u0131\u015fm\u0131\u015f kimi eski Ye\u015fil\u00e7am an\u0131lar\u0131 da yok de\u011fil. Ayr\u0131ca Alt\u0131nAy\u0131 veya Alt\u0131n Palmiye\u2019ye uzanan ba\u015far\u0131lar, bizi terk edip gidenler, star\u2019l\u0131 dedikodular; arada k\u0131vr\u0131lan polemikler, at\u0131\u015fmalar, anekdotlar&#8230; A\u011f\u0131rl\u0131k elbette filmlerin kendisinde. Bu y\u0131llar\u0131n i\u00e7erdi\u011fi \u00e7a\u011fda\u015fl\u0131kta, yaratmada, gen\u00e7le\u015fmede&#8230;. Ve de g\u00f6z ya\u015fartacak kadar g\u00f6rkemli ilk \u00e7\u0131k\u0131\u015flarda.Hepsi bu toplam\u0131n i\u00e7inde sizi bekliyor.<\/p>\n","protected":false},"excerpt":{"rendered":"<p>Ko*rona Vir\u00fcs \u00e7a\u011f\u0131 aniden bast\u0131rd\u0131\u011f\u0131nda, Atill\u00e2 Dorsay d\u00f6nem gere\u011fi iki sinema kitab\u0131na birden ba\u015flamak \u00fczereydi: sinemam\u0131z\u0131n yak\u0131ndan izledi\u011fi o son ve parlak 2010-2020 y\u0131llar\u0131n\u0131n filmleri. Ve<span class=\"excerpt-hellip\"> [\u2026]<\/span><\/p>\n","protected":false},"featured_media":0,"template":"","meta":{"_monsterinsights_skip_tracking":false,"_monsterinsights_sitenote_active":false,"_monsterinsights_sitenote_note":"","_monsterinsights_sitenote_category":0},"product_brand":[],"product_cat":[12409,12408],"product_tag":[],"class_list":{"0":"post-726440","1":"product","2":"type-product","3":"status-publish","5":"product_cat-fotograf-sinema-tiyatro","6":"product_cat-sanat","7":"pa_cilt-ciltsiz","8":"pa_tur-kitap","9":"pa_yayinevi-remzi-kitabevi","10":"pa_yazar-atilla-dorsay","12":"first","13":"instock","14":"sale","15":"shipping-taxable","16":"purchasable","17":"product-type-simple"},"_links":{"self":[{"href":"https:\/\/roveyayinevi.com.tr\/index.php\/wp-json\/wp\/v2\/product\/726440","targetHints":{"allow":["GET"]}}],"collection":[{"href":"https:\/\/roveyayinevi.com.tr\/index.php\/wp-json\/wp\/v2\/product"}],"about":[{"href":"https:\/\/roveyayinevi.com.tr\/index.php\/wp-json\/wp\/v2\/types\/product"}],"wp:attachment":[{"href":"https:\/\/roveyayinevi.com.tr\/index.php\/wp-json\/wp\/v2\/media?parent=726440"}],"wp:term":[{"taxonomy":"product_brand","embeddable":true,"href":"https:\/\/roveyayinevi.com.tr\/index.php\/wp-json\/wp\/v2\/product_brand?post=726440"},{"taxonomy":"product_cat","embeddable":true,"href":"https:\/\/roveyayinevi.com.tr\/index.php\/wp-json\/wp\/v2\/product_cat?post=726440"},{"taxonomy":"product_tag","embeddable":true,"href":"https:\/\/roveyayinevi.com.tr\/index.php\/wp-json\/wp\/v2\/product_tag?post=726440"}],"curies":[{"name":"wp","href":"https:\/\/api.w.org\/{rel}","templated":true}]}}