{"id":726438,"date":"2025-08-27T20:06:56","date_gmt":"2025-08-27T17:06:56","guid":{"rendered":"https:\/\/roveyayinevi.com.tr\/index.php\/urun\/universiteler-icin-turkce-dil-bilgisi\/"},"modified":"2026-04-16T02:34:07","modified_gmt":"2026-04-15T23:34:07","slug":"universiteler-icin-turkce-dil-bilgisi","status":"publish","type":"product","link":"https:\/\/roveyayinevi.com.tr\/index.php\/urun\/universiteler-icin-turkce-dil-bilgisi\/","title":{"rendered":"\u00dcniversiteler \u0130\u00e7in T\u00fcrk\u00e7e Dil Bilgisi"},"content":{"rendered":"<p>Bu \u00e7al\u0131\u015fma, T\u00fcrkiye ve T\u00fcrkiye d\u0131\u015f\u0131nda \u00f6\u011fretim faaliyetlerine devam eden E\u011fitim Fak\u00fclteleri ve Edebiyat Fak\u00fcltelerinin ilgili b\u00f6l\u00fcmlerinde okutulan T\u00fcrk\u00e7e Dilbilgisi Dersleri (Ses Bilgisi, \u015eekil Bilgisi ile Ses ve \u015eekil Bilgisi, S\u00f6zc\u00fck Bilgisi, C\u00fcmle Bilgisi) i\u00e7in haz\u0131rlanm\u0131\u015ft\u0131r. Son y\u0131llarda Avrupa \u00fclkeleri, Amerika Birle\u015fik Devletleri ve di\u011fer pek \u00e7ok \u00fclke k\u00fct\u00fcphanelerinde, \u00f6zellikle de \u00fcniversite k\u00fct\u00fcphanelerinde, s\u0131k\u00e7a \u00e7al\u0131\u015fma ve ara\u015ft\u0131rma yapma f\u0131rsat\u0131 bulduk. Gitti\u011fimiz her k\u00fct\u00fcphanede T\u00fcrk\u00e7e kitap say\u0131lar\u0131na ve T\u00fcrk\u00e7e dil bilgisi kitaplar\u0131na bakt\u0131k. Birka\u00e7 istisna hari\u00e7 durumun hi\u00e7 de iyi olmad\u0131\u011f\u0131n\u0131 belirtmek gerekmektedir. Bununla birlikte T\u00fcrk\u00e7e \u00f6\u011fretim kitaplar\u0131 ve T\u00fcrk\u00e7e dil bilgisi kitaplar\u0131 ise yok denecek durumdad\u0131r. Bu durum, T\u00fcrk\u00e7e \u00f6\u011fretimini olumsuz etkilemektedir.  Bu \u00e7al\u0131\u015fma yap\u0131l\u0131rken T\u00fcrk\u00e7e \u00f6\u011fretiminin d\u00fcnyadaki durumu da dikkate al\u0131nm\u0131\u015ft\u0131r. Bu \u00e7al\u0131\u015fma T\u00fcrk\u00e7e Ses Bilgisi, T\u00fcrk\u00e7e Bi\u00e7im Bilgisi, T\u00fcrk\u00e7e S\u00f6zc\u00fck Bilgisi ve T\u00fcrk\u00e7e C\u00fcmle Bilgisi olmak \u00fczere d\u00f6rt b\u00f6l\u00fcmden olu\u015fmaktad\u0131r <\/p>\n","protected":false},"excerpt":{"rendered":"<p>Bu \u00e7al\u0131\u015fma, T\u00fcrkiye ve T\u00fcrkiye d\u0131\u015f\u0131nda \u00f6\u011fretim faaliyetlerine devam eden E\u011fitim Fak\u00fclteleri ve Edebiyat Fak\u00fcltelerinin ilgili b\u00f6l\u00fcmlerinde okutulan T\u00fcrk\u00e7e Dilbilgisi Dersleri (Ses Bilgisi, \u015eekil Bilgisi ile<span class=\"excerpt-hellip\"> [\u2026]<\/span><\/p>\n","protected":false},"featured_media":0,"template":"","meta":{"_monsterinsights_skip_tracking":false,"_monsterinsights_sitenote_active":false,"_monsterinsights_sitenote_note":"","_monsterinsights_sitenote_category":0},"product_brand":[],"product_cat":[14597,12566,32356],"product_tag":[],"class_list":{"0":"post-726438","1":"product","2":"type-product","3":"status-publish","5":"product_cat-dil-ogrenimi","6":"product_cat-egitim","7":"product_cat-turkce","8":"pa_cilt-ciltsiz","9":"pa_tur-kitap","10":"pa_yayinevi-altinordu-yayinlari","11":"pa_yazar-necati-demir","13":"first","14":"instock","15":"sale","16":"shipping-taxable","17":"purchasable","18":"product-type-simple"},"_links":{"self":[{"href":"https:\/\/roveyayinevi.com.tr\/index.php\/wp-json\/wp\/v2\/product\/726438","targetHints":{"allow":["GET"]}}],"collection":[{"href":"https:\/\/roveyayinevi.com.tr\/index.php\/wp-json\/wp\/v2\/product"}],"about":[{"href":"https:\/\/roveyayinevi.com.tr\/index.php\/wp-json\/wp\/v2\/types\/product"}],"wp:attachment":[{"href":"https:\/\/roveyayinevi.com.tr\/index.php\/wp-json\/wp\/v2\/media?parent=726438"}],"wp:term":[{"taxonomy":"product_brand","embeddable":true,"href":"https:\/\/roveyayinevi.com.tr\/index.php\/wp-json\/wp\/v2\/product_brand?post=726438"},{"taxonomy":"product_cat","embeddable":true,"href":"https:\/\/roveyayinevi.com.tr\/index.php\/wp-json\/wp\/v2\/product_cat?post=726438"},{"taxonomy":"product_tag","embeddable":true,"href":"https:\/\/roveyayinevi.com.tr\/index.php\/wp-json\/wp\/v2\/product_tag?post=726438"}],"curies":[{"name":"wp","href":"https:\/\/api.w.org\/{rel}","templated":true}]}}