{"id":726437,"date":"2025-08-27T20:06:55","date_gmt":"2025-08-27T17:06:55","guid":{"rendered":"https:\/\/roveyayinevi.com.tr\/index.php\/urun\/3-sinif-hikayeler-10-kitap-set\/"},"modified":"2026-04-16T02:34:07","modified_gmt":"2026-04-15T23:34:07","slug":"3-sinif-hikayeler-10-kitap-set","status":"publish","type":"product","link":"https:\/\/roveyayinevi.com.tr\/index.php\/urun\/3-sinif-hikayeler-10-kitap-set\/","title":{"rendered":"3. S\u0131n\u0131f Hikayeler (10 Kitap Set)"},"content":{"rendered":"<p>\u015eeng\u00fcl Asal\u2019\u0131n kaleminden muhte\u015fem bir seri: 3. S\u0131n\u0131f Hikayeler.\u00c7ocuklar bu hik\u00e2yelerle hem okuman\u0131n keyfine varacak hem de bir\u00e7ok kazan\u0131m\u0131 \u00f6\u011frenecek.Kazan\u0131mlar:*S\u00f6zl\u00fc-yaz\u0131l\u0131 ifade g\u00fcc\u00fc geli\u015fir.*Hayal g\u00fcc\u00fc geli\u015fir.*\u00d6z g\u00fcven kazan\u0131r.*Adaletli olur.*Sorumluluklar\u0131n\u0131n fark\u0131na var\u0131r.*Kelime hazinesi zenginle\u015fir.*Kitap okumay\u0131 sever.*Olaylar\u0131 tarafs\u0131z yorumlar.*Onlarca atas\u00f6z\u00fc ve deyimin anlam\u0131n\u0131 kavrar.*Empati yapar. Alay etmez.*Do\u011fay\u0131 sever, korur.1-\u015eeker\u2019in R\u00fcyas\u0131: 978-605-2206-29-42-Ormanlar Kral\u0131 E\u015fek: 978-605-2206-36-23-\u00c7aylak Tav\u015fan: 978-605-2206-39-34-Korsan Camo: 978-605-2206-34-85-Yaz Tatili: 978-605-2206-38-66-Dedem Ay\u00e7i\u00e7e\u011fi: 978-605-2206-31-77-U\u00e7an Balon: 978-605-2206-37-98-Ihlamur Mahallesi: 978-605-2206-33-19-G\u0131c\u0131k Joe: 978-605-2206-32-410-Mucit Sacit: 978-605-2206-35-5<\/p>\n","protected":false},"excerpt":{"rendered":"<p>\u015eeng\u00fcl Asal\u2019\u0131n kaleminden muhte\u015fem bir seri: 3. S\u0131n\u0131f Hikayeler.\u00c7ocuklar bu hik\u00e2yelerle hem okuman\u0131n keyfine varacak hem de bir\u00e7ok kazan\u0131m\u0131 \u00f6\u011frenecek.Kazan\u0131mlar:*S\u00f6zl\u00fc-yaz\u0131l\u0131 ifade g\u00fcc\u00fc geli\u015fir.*Hayal g\u00fcc\u00fc geli\u015fir.*\u00d6z g\u00fcven<span class=\"excerpt-hellip\"> [\u2026]<\/span><\/p>\n","protected":false},"featured_media":0,"template":"","meta":{"_monsterinsights_skip_tracking":false,"_monsterinsights_sitenote_active":false,"_monsterinsights_sitenote_note":"","_monsterinsights_sitenote_category":0},"product_brand":[],"product_cat":[12274,12284],"product_tag":[],"class_list":{"0":"post-726437","1":"product","2":"type-product","3":"status-publish","5":"product_cat-cocuk-ve-genclik-kitaplari","6":"product_cat-hikayeler","7":"pa_cilt-set","8":"pa_tur-kitap","9":"pa_yayinevi-bicirik-yayinlari","10":"pa_yazar-sengul-asal","12":"first","13":"instock","14":"sale","15":"shipping-taxable","16":"purchasable","17":"product-type-simple"},"_links":{"self":[{"href":"https:\/\/roveyayinevi.com.tr\/index.php\/wp-json\/wp\/v2\/product\/726437","targetHints":{"allow":["GET"]}}],"collection":[{"href":"https:\/\/roveyayinevi.com.tr\/index.php\/wp-json\/wp\/v2\/product"}],"about":[{"href":"https:\/\/roveyayinevi.com.tr\/index.php\/wp-json\/wp\/v2\/types\/product"}],"wp:attachment":[{"href":"https:\/\/roveyayinevi.com.tr\/index.php\/wp-json\/wp\/v2\/media?parent=726437"}],"wp:term":[{"taxonomy":"product_brand","embeddable":true,"href":"https:\/\/roveyayinevi.com.tr\/index.php\/wp-json\/wp\/v2\/product_brand?post=726437"},{"taxonomy":"product_cat","embeddable":true,"href":"https:\/\/roveyayinevi.com.tr\/index.php\/wp-json\/wp\/v2\/product_cat?post=726437"},{"taxonomy":"product_tag","embeddable":true,"href":"https:\/\/roveyayinevi.com.tr\/index.php\/wp-json\/wp\/v2\/product_tag?post=726437"}],"curies":[{"name":"wp","href":"https:\/\/api.w.org\/{rel}","templated":true}]}}