{"id":726436,"date":"2025-08-27T20:06:55","date_gmt":"2025-08-27T17:06:55","guid":{"rendered":"https:\/\/roveyayinevi.com.tr\/index.php\/urun\/perspektifi-anlamak-cizim-sanati-8\/"},"modified":"2026-04-16T02:34:07","modified_gmt":"2026-04-15T23:34:07","slug":"perspektifi-anlamak-cizim-sanati-8","status":"publish","type":"product","link":"https:\/\/roveyayinevi.com.tr\/index.php\/urun\/perspektifi-anlamak-cizim-sanati-8\/","title":{"rendered":"Perspektifi Anlamak &#8211; \u00c7izim Sanat\u0131 8"},"content":{"rendered":"<p>Hem perspektif, hem de yap\u0131 ara\u015ft\u0131rmas\u0131, \u00e7izime gu\u0308venli ve ak\u0131lc\u0131 bir ilke sa\u011flar. El yap\u0131m\u0131 ya da do\u011fal, basit ya da karma\u015f\u0131k, herhangi bir objenin canl\u0131 serbest \u00e7izimi, yal\u0131nla\u015ft\u0131r\u0131lm\u0131\u015f ve a\u00e7\u0131k olarak ifade edilmi\u015f perspektif kuramlar ile yap\u0131ld\u0131\u011f\u0131nda, meram\u0131n\u0131 daha do\u011fru anlat\u0131r, belirgin ve yanl\u0131\u015fs\u0131z olur.Bu kitapta;Atmosferik perspektif,Merkezi \u00e7izgisel perspektif,\u0130ki noktal\u0131, \u00e7izgisel perspektif,\u00dc\u00e7 noktal\u0131 \u00e7izgisel perspektif,Yap\u0131, g\u00f6lge ve yans\u0131maya dair bir\u00e7ok uygulama ve teknik bulabilirsiniz.<\/p>\n","protected":false},"excerpt":{"rendered":"<p>Hem perspektif, hem de yap\u0131 ara\u015ft\u0131rmas\u0131, \u00e7izime gu\u0308venli ve ak\u0131lc\u0131 bir ilke sa\u011flar. El yap\u0131m\u0131 ya da do\u011fal, basit ya da karma\u015f\u0131k, herhangi bir objenin canl\u0131<span class=\"excerpt-hellip\"> [\u2026]<\/span><\/p>\n","protected":false},"featured_media":0,"template":"","meta":{"_monsterinsights_skip_tracking":false,"_monsterinsights_sitenote_active":false,"_monsterinsights_sitenote_note":"","_monsterinsights_sitenote_category":0},"product_brand":[],"product_cat":[15733,12408],"product_tag":[],"class_list":{"0":"post-726436","1":"product","2":"type-product","3":"status-publish","5":"product_cat-resim","6":"product_cat-sanat","7":"pa_cilt-ciltsiz","8":"pa_tur-kitap","9":"pa_yayinevi-beta-kitap","10":"pa_yazar-giovanni-civardi","12":"first","13":"instock","14":"sale","15":"shipping-taxable","16":"purchasable","17":"product-type-simple"},"_links":{"self":[{"href":"https:\/\/roveyayinevi.com.tr\/index.php\/wp-json\/wp\/v2\/product\/726436","targetHints":{"allow":["GET"]}}],"collection":[{"href":"https:\/\/roveyayinevi.com.tr\/index.php\/wp-json\/wp\/v2\/product"}],"about":[{"href":"https:\/\/roveyayinevi.com.tr\/index.php\/wp-json\/wp\/v2\/types\/product"}],"wp:attachment":[{"href":"https:\/\/roveyayinevi.com.tr\/index.php\/wp-json\/wp\/v2\/media?parent=726436"}],"wp:term":[{"taxonomy":"product_brand","embeddable":true,"href":"https:\/\/roveyayinevi.com.tr\/index.php\/wp-json\/wp\/v2\/product_brand?post=726436"},{"taxonomy":"product_cat","embeddable":true,"href":"https:\/\/roveyayinevi.com.tr\/index.php\/wp-json\/wp\/v2\/product_cat?post=726436"},{"taxonomy":"product_tag","embeddable":true,"href":"https:\/\/roveyayinevi.com.tr\/index.php\/wp-json\/wp\/v2\/product_tag?post=726436"}],"curies":[{"name":"wp","href":"https:\/\/api.w.org\/{rel}","templated":true}]}}