{"id":726435,"date":"2025-08-27T20:06:54","date_gmt":"2025-08-27T17:06:54","guid":{"rendered":"https:\/\/roveyayinevi.com.tr\/index.php\/urun\/isik-ve-golgenin-cizimi-cizim-sanati-5\/"},"modified":"2026-04-13T02:42:22","modified_gmt":"2026-04-12T23:42:22","slug":"isik-ve-golgenin-cizimi-cizim-sanati-5","status":"publish","type":"product","link":"https:\/\/roveyayinevi.com.tr\/index.php\/urun\/isik-ve-golgenin-cizimi-cizim-sanati-5\/","title":{"rendered":"I\u015f\u0131k ve G\u00f6lgenin \u00c7izimi &#8211; \u00c7izim Sanat\u0131 5"},"content":{"rendered":"<p>Bu k\u0131sa kitapta, ihtiyac\u0131n\u0131z olan temel \u00e7izim teknikleri a\u00e7\u0131klanm\u0131\u015f ve \u00f6zellikle deneyimlemenin ve g\u00f6zlemlemenin y\u00f6ntemlerini \u00f6nererek, Chiaroscuro\u2019nun kama\u015f\u0131k konusuna baz\u0131 yararl\u0131 yakla\u015f\u0131mlar sunmaya \u00e7al\u0131\u015f\u0131lm\u0131\u015ft\u0131r. Resmedilecek her konu, \u0131\u015f\u0131k ve g\u00f6lge oyununu gerektirir. Chiaroscuro sadece ger\u00e7ek\u00e7i ve do\u011fal bak\u0131\u015f\u0131 de\u011fil, ayr\u0131ca duygular\u0131, halleri, ama\u00e7lar\u0131, hayalleri, umutlar\u0131 ve deneyimleri bildirmek ve sunmak bak\u0131m\u0131ndan, muhtemelen g\u00fcn\u00fcm\u00fczde daha \u00f6nemlidir. <\/p>\n","protected":false},"excerpt":{"rendered":"<p>Bu k\u0131sa kitapta, ihtiyac\u0131n\u0131z olan temel \u00e7izim teknikleri a\u00e7\u0131klanm\u0131\u015f ve \u00f6zellikle deneyimlemenin ve g\u00f6zlemlemenin y\u00f6ntemlerini \u00f6nererek, Chiaroscuro\u2019nun kama\u015f\u0131k konusuna baz\u0131 yararl\u0131 yakla\u015f\u0131mlar sunmaya \u00e7al\u0131\u015f\u0131lm\u0131\u015ft\u0131r. Resmedilecek her<span class=\"excerpt-hellip\"> [\u2026]<\/span><\/p>\n","protected":false},"featured_media":0,"template":"","meta":{"_monsterinsights_skip_tracking":false,"_monsterinsights_sitenote_active":false,"_monsterinsights_sitenote_note":"","_monsterinsights_sitenote_category":0},"product_brand":[],"product_cat":[15733,12408],"product_tag":[],"class_list":{"0":"post-726435","1":"product","2":"type-product","3":"status-publish","5":"product_cat-resim","6":"product_cat-sanat","7":"pa_cilt-ciltsiz","8":"pa_tur-kitap","9":"pa_yayinevi-beta-kitap","10":"pa_yazar-beta-kolektif","12":"first","13":"instock","14":"sale","15":"shipping-taxable","16":"purchasable","17":"product-type-simple"},"_links":{"self":[{"href":"https:\/\/roveyayinevi.com.tr\/index.php\/wp-json\/wp\/v2\/product\/726435","targetHints":{"allow":["GET"]}}],"collection":[{"href":"https:\/\/roveyayinevi.com.tr\/index.php\/wp-json\/wp\/v2\/product"}],"about":[{"href":"https:\/\/roveyayinevi.com.tr\/index.php\/wp-json\/wp\/v2\/types\/product"}],"wp:attachment":[{"href":"https:\/\/roveyayinevi.com.tr\/index.php\/wp-json\/wp\/v2\/media?parent=726435"}],"wp:term":[{"taxonomy":"product_brand","embeddable":true,"href":"https:\/\/roveyayinevi.com.tr\/index.php\/wp-json\/wp\/v2\/product_brand?post=726435"},{"taxonomy":"product_cat","embeddable":true,"href":"https:\/\/roveyayinevi.com.tr\/index.php\/wp-json\/wp\/v2\/product_cat?post=726435"},{"taxonomy":"product_tag","embeddable":true,"href":"https:\/\/roveyayinevi.com.tr\/index.php\/wp-json\/wp\/v2\/product_tag?post=726435"}],"curies":[{"name":"wp","href":"https:\/\/api.w.org\/{rel}","templated":true}]}}