{"id":726434,"date":"2025-08-27T20:06:54","date_gmt":"2025-08-27T17:06:54","guid":{"rendered":"https:\/\/roveyayinevi.com.tr\/index.php\/urun\/el-ve-ayak-cizimi-cizim-sanati-2\/"},"modified":"2026-04-16T02:34:07","modified_gmt":"2026-04-15T23:34:07","slug":"el-ve-ayak-cizimi-cizim-sanati-2","status":"publish","type":"product","link":"https:\/\/roveyayinevi.com.tr\/index.php\/urun\/el-ve-ayak-cizimi-cizim-sanati-2\/","title":{"rendered":"El ve Ayak \u00c7izimi &#8211; \u00c7izim Sanat\u0131 2"},"content":{"rendered":"<p>Bu k\u0131sa kitapta, yararl\u0131 baz\u0131 temel \u00f6\u011feleri de\u011ferlendirmek yada pratik yapmak i\u00e7in \u00f6nerdim. Elleri ve ayaklar\u0131 g\u00f6zlemlemeye nas\u0131l ba\u015flayaca\u011f\u0131n\u0131z\u0131 size g\u00f6stermek in, insan v\u00fccudunun etkileyici, anlaml\u0131 olan par\u00e7alar\u0131n\u0131 \u00e7izmenize(\u00f6nce objektif, ger\u00e7ek\u00e7i ve makul bir yalda, fakat sonra ba\u011f\u0131ms\u0131zl\u0131\u011f\u0131n ve \u00f6zg\u00fcrl\u00fc\u011f\u00fcn artmas\u0131yla, ki\u015fisel tarzda) yard\u0131m edebilecek baz\u0131 ba\u015fl\u0131klar\u0131, \u00e7e\u015fitli b\u00f6l\u00fcmlere yerle\u015ftirmeye \u00e7al\u0131\u015ft\u0131m.<\/p>\n","protected":false},"excerpt":{"rendered":"<p>Bu k\u0131sa kitapta, yararl\u0131 baz\u0131 temel \u00f6\u011feleri de\u011ferlendirmek yada pratik yapmak i\u00e7in \u00f6nerdim. Elleri ve ayaklar\u0131 g\u00f6zlemlemeye nas\u0131l ba\u015flayaca\u011f\u0131n\u0131z\u0131 size g\u00f6stermek in, insan v\u00fccudunun etkileyici, anlaml\u0131<span class=\"excerpt-hellip\"> [\u2026]<\/span><\/p>\n","protected":false},"featured_media":0,"template":"","meta":{"_monsterinsights_skip_tracking":false,"_monsterinsights_sitenote_active":false,"_monsterinsights_sitenote_note":"","_monsterinsights_sitenote_category":0},"product_brand":[],"product_cat":[15733,12408],"product_tag":[],"class_list":{"0":"post-726434","1":"product","2":"type-product","3":"status-publish","5":"product_cat-resim","6":"product_cat-sanat","7":"pa_cilt-ciltsiz","8":"pa_tur-kitap","9":"pa_yayinevi-beta-kitap","10":"pa_yazar-giovanni-civardi","12":"first","13":"instock","14":"sale","15":"shipping-taxable","16":"purchasable","17":"product-type-simple"},"_links":{"self":[{"href":"https:\/\/roveyayinevi.com.tr\/index.php\/wp-json\/wp\/v2\/product\/726434","targetHints":{"allow":["GET"]}}],"collection":[{"href":"https:\/\/roveyayinevi.com.tr\/index.php\/wp-json\/wp\/v2\/product"}],"about":[{"href":"https:\/\/roveyayinevi.com.tr\/index.php\/wp-json\/wp\/v2\/types\/product"}],"wp:attachment":[{"href":"https:\/\/roveyayinevi.com.tr\/index.php\/wp-json\/wp\/v2\/media?parent=726434"}],"wp:term":[{"taxonomy":"product_brand","embeddable":true,"href":"https:\/\/roveyayinevi.com.tr\/index.php\/wp-json\/wp\/v2\/product_brand?post=726434"},{"taxonomy":"product_cat","embeddable":true,"href":"https:\/\/roveyayinevi.com.tr\/index.php\/wp-json\/wp\/v2\/product_cat?post=726434"},{"taxonomy":"product_tag","embeddable":true,"href":"https:\/\/roveyayinevi.com.tr\/index.php\/wp-json\/wp\/v2\/product_tag?post=726434"}],"curies":[{"name":"wp","href":"https:\/\/api.w.org\/{rel}","templated":true}]}}