{"id":726433,"date":"2025-08-27T20:06:53","date_gmt":"2025-08-27T17:06:53","guid":{"rendered":"https:\/\/roveyayinevi.com.tr\/index.php\/urun\/mimar-cem-kenar\/"},"modified":"2026-04-16T02:34:07","modified_gmt":"2026-04-15T23:34:07","slug":"mimar-cem-kenar","status":"publish","type":"product","link":"https:\/\/roveyayinevi.com.tr\/index.php\/urun\/mimar-cem-kenar\/","title":{"rendered":"Mimar Cem Kenar"},"content":{"rendered":"<p>Kimi \u00e7ocuk kumdan kaleler yapar.Kimi de \u00e7amurdan pasta.Kimi de b\u00fcy\u00fck kuleler yapar.Bina yapmak konusunda Cem Kenar kadar ba\u015far\u0131l\u0131 \u00e7ocuk yoktu, bir defa, evin \u00f6n bah\u00e7esinde, M\u0131s\u0131r\u2019daki b\u00fcy\u00fck Sfenks&#8217;lerden birinin kopyas\u0131n\u0131 bile yapm\u0131\u015ft\u0131! Ne yaz\u0131k ki Cem\u2019in yetene\u011fini \u00e7ok az ki\u015fi takdir ediyordu. \u00d6zellikle ikinci s\u0131n\u0131f \u00f6\u011fretmeni Melis Ye\u015fil, mimariden nefret ederdi. G\u00f6r\u00fcn\u00fc\u015fe g\u00f6re Cem\u2019in cetvelini b\u0131rak\u0131p, boya kalemleriyle yetinmesi gerekecekti. Tabii \u00e7\u0131kt\u0131klar\u0131 okul gezisinde, nas\u0131l bir mimar oldu\u011funu kan\u0131tlamas\u0131 gerekene kadar&#8230;\u201cUyakl\u0131 c\u00fcmleler ile sulu boya ve dolmakalemle yap\u0131lm\u0131\u015f \u00e7izimler k\u00fc\u00e7\u00fcklerde ilham yarat\u0131yor.\u201d-Washington Post\u201cKesinlikle harika.\u201d-Library Media Connection<\/p>\n","protected":false},"excerpt":{"rendered":"<p>Kimi \u00e7ocuk kumdan kaleler yapar.Kimi de \u00e7amurdan pasta.Kimi de b\u00fcy\u00fck kuleler yapar.Bina yapmak konusunda Cem Kenar kadar ba\u015far\u0131l\u0131 \u00e7ocuk yoktu, bir defa, evin \u00f6n bah\u00e7esinde, M\u0131s\u0131r\u2019daki<span class=\"excerpt-hellip\"> [\u2026]<\/span><\/p>\n","protected":false},"featured_media":0,"template":"","meta":{"_monsterinsights_skip_tracking":false,"_monsterinsights_sitenote_active":false,"_monsterinsights_sitenote_note":"","_monsterinsights_sitenote_category":0},"product_brand":[],"product_cat":[12274,12518],"product_tag":[],"class_list":{"0":"post-726433","1":"product","2":"type-product","3":"status-publish","5":"product_cat-cocuk-ve-genclik-kitaplari","6":"product_cat-okul-oncesi-kitaplar","7":"pa_cilt-ciltsiz","8":"pa_tur-kitap","9":"pa_yayinevi-ucanfil-ozel-urun","10":"pa_yazar-andrea-beaty","12":"first","13":"instock","14":"sale","15":"shipping-taxable","16":"purchasable","17":"product-type-simple"},"_links":{"self":[{"href":"https:\/\/roveyayinevi.com.tr\/index.php\/wp-json\/wp\/v2\/product\/726433","targetHints":{"allow":["GET"]}}],"collection":[{"href":"https:\/\/roveyayinevi.com.tr\/index.php\/wp-json\/wp\/v2\/product"}],"about":[{"href":"https:\/\/roveyayinevi.com.tr\/index.php\/wp-json\/wp\/v2\/types\/product"}],"wp:attachment":[{"href":"https:\/\/roveyayinevi.com.tr\/index.php\/wp-json\/wp\/v2\/media?parent=726433"}],"wp:term":[{"taxonomy":"product_brand","embeddable":true,"href":"https:\/\/roveyayinevi.com.tr\/index.php\/wp-json\/wp\/v2\/product_brand?post=726433"},{"taxonomy":"product_cat","embeddable":true,"href":"https:\/\/roveyayinevi.com.tr\/index.php\/wp-json\/wp\/v2\/product_cat?post=726433"},{"taxonomy":"product_tag","embeddable":true,"href":"https:\/\/roveyayinevi.com.tr\/index.php\/wp-json\/wp\/v2\/product_tag?post=726433"}],"curies":[{"name":"wp","href":"https:\/\/api.w.org\/{rel}","templated":true}]}}