{"id":726425,"date":"2025-08-27T20:05:46","date_gmt":"2025-08-27T17:05:46","guid":{"rendered":"https:\/\/roveyayinevi.com.tr\/index.php\/urun\/bizans-imparatoru-iv-romanos-diogenes\/"},"modified":"2026-04-16T02:34:07","modified_gmt":"2026-04-15T23:34:07","slug":"bizans-imparatoru-iv-romanos-diogenes","status":"publish","type":"product","link":"https:\/\/roveyayinevi.com.tr\/index.php\/urun\/bizans-imparatoru-iv-romanos-diogenes\/","title":{"rendered":"Bizans \u0130mparatoru IV. Romanos Diogenes"},"content":{"rendered":"<p>Bizans \u0130mparatorlu\u011fu, g\u00fcc\u00fcn\u00fcn doruk noktas\u0131na ula\u015ft\u0131\u011f\u0131 11. y\u00fczy\u0131l\u0131n ba\u015flar\u0131ndan itibaren, tahta \u00e7\u0131kan imparatorlar\u0131n takip etti\u011fi yanl\u0131\u015f politikalar neticesinde siyas\u00ee, asker\u00ee ve ekonomik bir gerileme i\u00e7erisine girmi\u015ftir. Ba\u015fkentteki i\u00e7 m\u00fccadeleler, imparatorlu\u011fu, Malazgirt Sava\u015f\u0131\u2019na g\u00f6t\u00fcren bir karga\u015fa s\u00fcrecine s\u00fcr\u00fcklemi\u015ftir.Ayn\u0131 d\u00f6nemde Yak\u0131ndo\u011fu co\u011frafyas\u0131na giren Sel\u00e7uklular, k\u0131sa s\u00fcrede \u0130ran co\u011frafyas\u0131nda g\u00fc\u00e7l\u00fc bir devlet kurmay\u0131 ba\u015farm\u0131\u015f, ard\u0131ndan Azerbaycan \u00fczerinden Anadolu\u2019ya girmi\u015f; Sultan Alp-Arslan (1063-1072) d\u00f6neminde de Anadolu\u2019nun i\u00e7 kesimlerine kadar uzanan ak\u0131nlar d\u00fczenlemeye ba\u015flam\u0131\u015flard\u0131r. B\u00fct\u00fcn bu geli\u015fmeler neticesinde, Bizans saray\u0131nda, Sel\u00e7uklu ak\u0131nlar\u0131na kar\u015f\u0131 koyacak bir imparator aray\u0131\u015f\u0131na girilerek deneyimli bir komutan olan Romanos 4. Diogenes\u2019in (1068-1071) tahta \u00e7\u0131kar\u0131lmas\u0131na karar verilmi\u015ftir.Bu \u00f6zg\u00fcn \u00e7al\u0131\u015fma, bir yandan \u0130mparator Romanos 4. Diogenes\u2019in biyografisini, devrin ana kaynaklar\u0131 ve modern ara\u015ft\u0131rmalara dayanarak okuyucuya sunarken, di\u011fer yandan da Malazgirt Sava\u015f\u0131\u2019n\u0131n arka plan\u0131n\u0131 ba\u015far\u0131l\u0131 bir \u015fekilde ortaya koymaktad\u0131r.Prof. Dr. Osman Gazi \u00d6zg\u00fcdenli<\/p>\n","protected":false},"excerpt":{"rendered":"<p>Bizans \u0130mparatorlu\u011fu, g\u00fcc\u00fcn\u00fcn doruk noktas\u0131na ula\u015ft\u0131\u011f\u0131 11. y\u00fczy\u0131l\u0131n ba\u015flar\u0131ndan itibaren, tahta \u00e7\u0131kan imparatorlar\u0131n takip etti\u011fi yanl\u0131\u015f politikalar neticesinde siyas\u00ee, asker\u00ee ve ekonomik bir gerileme i\u00e7erisine girmi\u015ftir.<span class=\"excerpt-hellip\"> [\u2026]<\/span><\/p>\n","protected":false},"featured_media":0,"template":"","meta":{"_monsterinsights_skip_tracking":false,"_monsterinsights_sitenote_active":false,"_monsterinsights_sitenote_note":"","_monsterinsights_sitenote_category":0},"product_brand":[],"product_cat":[12370,12304],"product_tag":[],"class_list":{"0":"post-726425","1":"product","2":"type-product","3":"status-publish","5":"product_cat-arastirma-inceleme","6":"product_cat-tarih","7":"pa_cilt-ciltsiz","8":"pa_tur-kitap","9":"pa_yayinevi-yeditepe-yayinevi","10":"pa_yazar-omer-faruk-uyanik","12":"first","13":"instock","14":"sale","15":"shipping-taxable","16":"purchasable","17":"product-type-simple"},"_links":{"self":[{"href":"https:\/\/roveyayinevi.com.tr\/index.php\/wp-json\/wp\/v2\/product\/726425","targetHints":{"allow":["GET"]}}],"collection":[{"href":"https:\/\/roveyayinevi.com.tr\/index.php\/wp-json\/wp\/v2\/product"}],"about":[{"href":"https:\/\/roveyayinevi.com.tr\/index.php\/wp-json\/wp\/v2\/types\/product"}],"wp:attachment":[{"href":"https:\/\/roveyayinevi.com.tr\/index.php\/wp-json\/wp\/v2\/media?parent=726425"}],"wp:term":[{"taxonomy":"product_brand","embeddable":true,"href":"https:\/\/roveyayinevi.com.tr\/index.php\/wp-json\/wp\/v2\/product_brand?post=726425"},{"taxonomy":"product_cat","embeddable":true,"href":"https:\/\/roveyayinevi.com.tr\/index.php\/wp-json\/wp\/v2\/product_cat?post=726425"},{"taxonomy":"product_tag","embeddable":true,"href":"https:\/\/roveyayinevi.com.tr\/index.php\/wp-json\/wp\/v2\/product_tag?post=726425"}],"curies":[{"name":"wp","href":"https:\/\/api.w.org\/{rel}","templated":true}]}}