{"id":726422,"date":"2025-08-27T20:05:44","date_gmt":"2025-08-27T17:05:44","guid":{"rendered":"https:\/\/roveyayinevi.com.tr\/index.php\/urun\/mitoloji-ve-cinsiyet\/"},"modified":"2026-04-16T02:34:07","modified_gmt":"2026-04-15T23:34:07","slug":"mitoloji-ve-cinsiyet","status":"publish","type":"product","link":"https:\/\/roveyayinevi.com.tr\/index.php\/urun\/mitoloji-ve-cinsiyet\/","title":{"rendered":"Mitoloji ve Cinsiyet"},"content":{"rendered":"<p>Kuzey Avrupa\u2019n\u0131n tarihi ve Viking Mitolojisi \u00e7o\u011fu kez erkeksi imgeler ve g\u00fc\u00e7 sembolleriyle a\u00e7\u0131klanm\u0131\u015ft\u0131r. Ancak Vikinglerin tarihleri ve inan\u00e7lar\u0131 sadece erkeklerine ait de\u011fildir, kad\u0131nlar\u0131n\u0131n da bu erkeksi g\u00f6r\u00fcn\u00fcm alt\u0131nda s\u00f6yleyecek s\u00f6zleri vard\u0131r. \u0130skandinavya ile Avrupa\u2019n\u0131n geri kalan\u0131 aras\u0131ndaki kar\u015f\u0131l\u0131kl\u0131 etkile\u015fimin uzun tarihi boyunca destanlar ve efsaneler sadece tek bir cinsel kimli\u011fin bask\u0131n karakteriyle a\u00e7\u0131klanmaya \u00e7al\u0131\u015f\u0131lm\u0131\u015ft\u0131r. Oysa tarihin uzun anlat\u0131lar\u0131 i\u00e7inde farkl\u0131 cinsel kimliklerin mitolojik anlamlar\u0131 g\u00fcn y\u00fcz\u00fcne \u00e7\u0131kmaktad\u0131r. Mitoloji ile cinsiyet birbirinden hi\u00e7bir zaman ba\u011f\u0131ms\u0131z olmam\u0131\u015ft\u0131r. Elinizdeki bu kitap Vikinglerin g\u00f6zlerini kan b\u00fcr\u00fcm\u00fc\u015f canilerinin, d\u00fc\u015fmanlar\u0131n\u0131 korkutan sava\u015f\u00e7\u0131lar\u0131n\u0131n ve do\u011fa\u00fcst\u00fc nitelikleriyle masallar\u0131 s\u00fcsleyen kimi varl\u0131klar\u0131n\u0131n cinsel kimliklerle olan ilgisini tart\u0131\u015fmaktad\u0131r. Kad\u0131nlar\u0131n Viking inan\u00e7lar\u0131ndaki yeri, mitolojiyle cinsiyet aras\u0131ndaki ba\u011flant\u0131 \u00fczerinden ara\u015ft\u0131r\u0131ld\u0131k\u00e7a Avrupa\u2019n\u0131n unutulmu\u015f kuruntular\u0131 ortaya \u00e7\u0131km\u0131\u015f; cinsiyete ili\u015fkin basma kal\u0131p yarg\u0131lar\u0131n kadim mitolojiyle ilgisi belirginle\u015fmi\u015ftir. K\u0131sacas\u0131 bu eser okurlar\u0131n\u0131; Orta\u00e7a\u011f\u2019\u0131n karanl\u0131k k\u00f6\u015felerinde kimisi unutulup giden s\u00f6ylencelerin, efsanelerin ve destanlar\u0131n arkas\u0131ndaki mitolojik Viking imgesinin kad\u0131ns\u0131 yan\u0131n\u0131 ke\u015ffetmeye \u00e7a\u011f\u0131rmaktad\u0131r<\/p>\n","protected":false},"excerpt":{"rendered":"<p>Kuzey Avrupa\u2019n\u0131n tarihi ve Viking Mitolojisi \u00e7o\u011fu kez erkeksi imgeler ve g\u00fc\u00e7 sembolleriyle a\u00e7\u0131klanm\u0131\u015ft\u0131r. Ancak Vikinglerin tarihleri ve inan\u00e7lar\u0131 sadece erkeklerine ait de\u011fildir, kad\u0131nlar\u0131n\u0131n da bu<span class=\"excerpt-hellip\"> [\u2026]<\/span><\/p>\n","protected":false},"featured_media":0,"template":"","meta":{"_monsterinsights_skip_tracking":false,"_monsterinsights_sitenote_active":false,"_monsterinsights_sitenote_note":"","_monsterinsights_sitenote_category":0},"product_brand":[],"product_cat":[12718,12858],"product_tag":[],"class_list":{"0":"post-726422","1":"product","2":"type-product","3":"status-publish","5":"product_cat-din","6":"product_cat-mitolojiler","7":"pa_cilt-ciltsiz","8":"pa_tur-kitap","9":"pa_yayinevi-yeditepe-yayinevi","10":"pa_yazar-selahattin-ozkan","12":"first","13":"instock","14":"sale","15":"shipping-taxable","16":"purchasable","17":"product-type-simple"},"_links":{"self":[{"href":"https:\/\/roveyayinevi.com.tr\/index.php\/wp-json\/wp\/v2\/product\/726422","targetHints":{"allow":["GET"]}}],"collection":[{"href":"https:\/\/roveyayinevi.com.tr\/index.php\/wp-json\/wp\/v2\/product"}],"about":[{"href":"https:\/\/roveyayinevi.com.tr\/index.php\/wp-json\/wp\/v2\/types\/product"}],"wp:attachment":[{"href":"https:\/\/roveyayinevi.com.tr\/index.php\/wp-json\/wp\/v2\/media?parent=726422"}],"wp:term":[{"taxonomy":"product_brand","embeddable":true,"href":"https:\/\/roveyayinevi.com.tr\/index.php\/wp-json\/wp\/v2\/product_brand?post=726422"},{"taxonomy":"product_cat","embeddable":true,"href":"https:\/\/roveyayinevi.com.tr\/index.php\/wp-json\/wp\/v2\/product_cat?post=726422"},{"taxonomy":"product_tag","embeddable":true,"href":"https:\/\/roveyayinevi.com.tr\/index.php\/wp-json\/wp\/v2\/product_tag?post=726422"}],"curies":[{"name":"wp","href":"https:\/\/api.w.org\/{rel}","templated":true}]}}