{"id":726419,"date":"2025-08-27T20:05:41","date_gmt":"2025-08-27T17:05:41","guid":{"rendered":"https:\/\/roveyayinevi.com.tr\/index.php\/urun\/demans-hastasi-bir-sevdiginizle-hayata-bakmak\/"},"modified":"2026-04-13T02:42:22","modified_gmt":"2026-04-12T23:42:22","slug":"demans-hastasi-bir-sevdiginizle-hayata-bakmak","status":"publish","type":"product","link":"https:\/\/roveyayinevi.com.tr\/index.php\/urun\/demans-hastasi-bir-sevdiginizle-hayata-bakmak\/","title":{"rendered":"Demans Hastas\u0131 Bir Sevdi\u011finizle Hayata Bakmak"},"content":{"rendered":"<p>\u00c7ok sevdi\u011finiz biri demans hastas\u0131 oldu\u011funda, \u00f6ncelikle bilmeniz gereken \u015fey, bak\u0131m\u0131n zorluklar\u0131 kar\u015f\u0131s\u0131nda kendi ruh sa\u011fl\u0131\u011f\u0131n\u0131z\u0131 da koruman\u0131z gerekti\u011fidir. Demans Hastas\u0131 Bir Sevdi\u011finizle Hayata Bakmak; stresinizi azaltmak, dengenizi korumak ve demansl\u0131 ki\u015fiyle ileti\u015fiminizde kolayl\u0131k sa\u011flamak i\u00e7in size \u015fefkat dolu bir rehber olarak yol g\u00f6sterecek.Bu kitapta, varl\u0131\u011f\u0131n\u0131zla ve sakinli\u011finizle demans hastas\u0131na nas\u0131l yakla\u015faca\u011f\u0131n\u0131z\u0131; sevdi\u011finiz ki\u015fiye \u015fefkatle yan\u0131t vermeyi; s\u00f6zc\u00fcklerin olmad\u0131\u011f\u0131 zamanlarda bile birbirinize \u00f6zg\u00fc ileti\u015fim kurmay\u0131 \u00f6\u011freneceksiniz. En \u00f6nemlisi de demans bak\u0131m\u0131n\u0131n \u00f6n\u00fcn\u00fcze \u00e7\u0131kard\u0131\u011f\u0131 \u00fcz\u00fcnt\u00fc, \u00f6fke, depresyon ve di\u011fer olumsuz duygular\u0131 nas\u0131l y\u00f6netece\u011finizi ke\u015ffedecek ve sevdi\u011finizle birlikte ge\u00e7irece\u011finiz bu yolculukta her an g\u00fc\u00e7 ve anlam bulacaks\u0131n\u0131z.<\/p>\n","protected":false},"excerpt":{"rendered":"<p>\u00c7ok sevdi\u011finiz biri demans hastas\u0131 oldu\u011funda, \u00f6ncelikle bilmeniz gereken \u015fey, bak\u0131m\u0131n zorluklar\u0131 kar\u015f\u0131s\u0131nda kendi ruh sa\u011fl\u0131\u011f\u0131n\u0131z\u0131 da koruman\u0131z gerekti\u011fidir. Demans Hastas\u0131 Bir Sevdi\u011finizle Hayata Bakmak; stresinizi<span class=\"excerpt-hellip\"> [\u2026]<\/span><\/p>\n","protected":false},"featured_media":0,"template":"","meta":{"_monsterinsights_skip_tracking":false,"_monsterinsights_sitenote_active":false,"_monsterinsights_sitenote_note":"","_monsterinsights_sitenote_category":0},"product_brand":[],"product_cat":[16965,13365],"product_tag":[],"class_list":{"0":"post-726419","1":"product","2":"type-product","3":"status-publish","5":"product_cat-genel-saglik-kitaplari","6":"product_cat-saglik","7":"pa_cilt-ciltsiz","8":"pa_tur-kitap","9":"pa_yayinevi-diyojen-yayincilik","10":"pa_yazar-marguerite-manteau-rao","12":"first","13":"instock","14":"sale","15":"shipping-taxable","16":"purchasable","17":"product-type-simple"},"_links":{"self":[{"href":"https:\/\/roveyayinevi.com.tr\/index.php\/wp-json\/wp\/v2\/product\/726419","targetHints":{"allow":["GET"]}}],"collection":[{"href":"https:\/\/roveyayinevi.com.tr\/index.php\/wp-json\/wp\/v2\/product"}],"about":[{"href":"https:\/\/roveyayinevi.com.tr\/index.php\/wp-json\/wp\/v2\/types\/product"}],"wp:attachment":[{"href":"https:\/\/roveyayinevi.com.tr\/index.php\/wp-json\/wp\/v2\/media?parent=726419"}],"wp:term":[{"taxonomy":"product_brand","embeddable":true,"href":"https:\/\/roveyayinevi.com.tr\/index.php\/wp-json\/wp\/v2\/product_brand?post=726419"},{"taxonomy":"product_cat","embeddable":true,"href":"https:\/\/roveyayinevi.com.tr\/index.php\/wp-json\/wp\/v2\/product_cat?post=726419"},{"taxonomy":"product_tag","embeddable":true,"href":"https:\/\/roveyayinevi.com.tr\/index.php\/wp-json\/wp\/v2\/product_tag?post=726419"}],"curies":[{"name":"wp","href":"https:\/\/api.w.org\/{rel}","templated":true}]}}