{"id":726417,"date":"2025-08-27T20:05:40","date_gmt":"2025-08-27T17:05:40","guid":{"rendered":"https:\/\/roveyayinevi.com.tr\/index.php\/urun\/lanetli-kule\/"},"modified":"2026-04-16T02:34:07","modified_gmt":"2026-04-15T23:34:07","slug":"lanetli-kule","status":"publish","type":"product","link":"https:\/\/roveyayinevi.com.tr\/index.php\/urun\/lanetli-kule\/","title":{"rendered":"Lanetli Kule"},"content":{"rendered":"<p>Ha\u00e7li \u00c7a\u011finin SonunuGet\u0130ren Ku\u015fatma\u2026\u201cKu\u015fatmay\u0131 giderek artan bir tempoyla, t\u00fcm y\u00fcrek par\u00e7alayan ayr\u0131nt\u0131lar\u0131yla tasvir eden, maharetle i\u015flenmi\u015f ak\u0131c\u0131 bir anlat\u0131m.\u201d- BBC History\u201cCrowley\u2019nin Akka\u2019n\u0131n d\u00fc\u015f\u00fc\u015f\u00fcne dair s\u00fcr\u00fckleyici \u00e7al\u0131\u015fmas\u0131 kar\u015f\u0131 konulamayan, bitmesini asla istemeyece\u011finiz t\u00fcrde bir kitap.\u201d- Sean McMeekin1291\u2019deki Akka Ku\u015fatmas\u0131 Ha\u00e7l\u0131lar\u0131n Kutsal Topraklar u\u011fruna yapt\u0131klar\u0131 son kanl\u0131 sava\u015ft\u0131. Ku\u015fat\u0131lan kalenin, \u00e7aresizlik i\u00e7inde ge\u00e7en alt\u0131 haftadan sonra Meml\u00fcklere teslim olmas\u0131yla Ha\u00e7l\u0131lar\u0131n Ortado\u011fu\u2019daki iki as\u0131rl\u0131k ser\u00fcveni de son buldu.Akdeniz d\u00fcnyas\u0131yla ilgili birincil kaynaklara ve titiz ara\u015ft\u0131rmalara dayanan s\u00fcr\u00fckleyici tarih kitaplar\u0131yla \u00fcn kazanan Roger Crowley bu eserinde ku\u015fatmaya uzanan yolun capcanl\u0131 anlat\u0131m\u0131n\u0131n yan\u0131nda \u00e7arp\u0131\u015fman\u0131n t\u00fcm teferruatlar\u0131n\u0131 ortaya koyuyor. Mevcut Arap\u00e7a kaynaklar\u0131n yan\u0131 s\u0131ra terc\u00fcme edilmemi\u015f Latince belgelerden de yararlanarak, Akka \u00e7arp\u0131\u015fmas\u0131n\u0131n askeri planlama ve ku\u015fatma sava\u015f\u0131ndaki teknik ilerlemelerde \u00e7ok \u00f6nemli bir yerinin oldu\u011funu, ayr\u0131ca ku\u015fatma esnas\u0131ndaki bireysel kahramanl\u0131klar\u0131n ve vah\u015fi katliam\u0131n da apayr\u0131 bir yerinin oldu\u011funu savunuyor. Ha\u00e7l\u0131 \u00c7a\u011f\u0131\u2019n\u0131n dramatik son anlar\u0131n\u0131n s\u00fcr\u00fckleyici bir tasviri olan eser, d\u00fcnya tarihinde \u00e7ok \u00f6nemli bir d\u00f6n\u00fcm noktas\u0131na yeni ve \u00f6nemli bir bak\u0131\u015f a\u00e7\u0131s\u0131 sunuyor.Lanetli Kule: Akka Ku\u015fatmas\u0131 ve Ha\u00e7l\u0131 \u00c7a\u011f\u0131n\u0131n Sonu, ku\u015fatmaya neden olan olaylar zincirinin dramatik hik\u00e2yesini, Meml\u00fcklerin ve b\u00fcy\u00fck liderleri Baybars\u2019\u0131n bayra\u011f\u0131 alt\u0131nda \u0130slam D\u00fcnyas\u0131&#8217;n\u0131n yeniden bir araya toplan\u0131\u015f\u0131n\u0131, Ha\u00e7l\u0131 kalelerini yok edi\u015fini ve nihayet 1291 y\u0131l\u0131n\u0131n bahar\u0131nda, M\u00fcsl\u00fcmanlar\u0131n Franklara kar\u015f\u0131 o zamana dek toplad\u0131\u011f\u0131 en b\u00fcy\u00fck ordunun Akdeniz\u2019in en zengin \u015fehirlerinden biri olan Akka surlar\u0131na geli\u015finin hikayesini anlat\u0131yor.<\/p>\n","protected":false},"excerpt":{"rendered":"<p>Ha\u00e7li \u00c7a\u011finin SonunuGet\u0130ren Ku\u015fatma\u2026\u201cKu\u015fatmay\u0131 giderek artan bir tempoyla, t\u00fcm y\u00fcrek par\u00e7alayan ayr\u0131nt\u0131lar\u0131yla tasvir eden, maharetle i\u015flenmi\u015f ak\u0131c\u0131 bir anlat\u0131m.\u201d- BBC History\u201cCrowley\u2019nin Akka\u2019n\u0131n d\u00fc\u015f\u00fc\u015f\u00fcne dair s\u00fcr\u00fckleyici \u00e7al\u0131\u015fmas\u0131<span class=\"excerpt-hellip\"> [\u2026]<\/span><\/p>\n","protected":false},"featured_media":0,"template":"","meta":{"_monsterinsights_skip_tracking":false,"_monsterinsights_sitenote_active":false,"_monsterinsights_sitenote_note":"","_monsterinsights_sitenote_category":0},"product_brand":[],"product_cat":[12370,12304],"product_tag":[],"class_list":{"0":"post-726417","1":"product","2":"type-product","3":"status-publish","5":"product_cat-arastirma-inceleme","6":"product_cat-tarih","7":"pa_cilt-ciltsiz","8":"pa_tur-kitap","9":"pa_yayinevi-kronik-kitap","10":"pa_yazar-roger-crowley","12":"first","13":"instock","14":"sale","15":"shipping-taxable","16":"purchasable","17":"product-type-simple"},"_links":{"self":[{"href":"https:\/\/roveyayinevi.com.tr\/index.php\/wp-json\/wp\/v2\/product\/726417","targetHints":{"allow":["GET"]}}],"collection":[{"href":"https:\/\/roveyayinevi.com.tr\/index.php\/wp-json\/wp\/v2\/product"}],"about":[{"href":"https:\/\/roveyayinevi.com.tr\/index.php\/wp-json\/wp\/v2\/types\/product"}],"wp:attachment":[{"href":"https:\/\/roveyayinevi.com.tr\/index.php\/wp-json\/wp\/v2\/media?parent=726417"}],"wp:term":[{"taxonomy":"product_brand","embeddable":true,"href":"https:\/\/roveyayinevi.com.tr\/index.php\/wp-json\/wp\/v2\/product_brand?post=726417"},{"taxonomy":"product_cat","embeddable":true,"href":"https:\/\/roveyayinevi.com.tr\/index.php\/wp-json\/wp\/v2\/product_cat?post=726417"},{"taxonomy":"product_tag","embeddable":true,"href":"https:\/\/roveyayinevi.com.tr\/index.php\/wp-json\/wp\/v2\/product_tag?post=726417"}],"curies":[{"name":"wp","href":"https:\/\/api.w.org\/{rel}","templated":true}]}}