{"id":726415,"date":"2025-08-27T20:05:38","date_gmt":"2025-08-27T17:05:38","guid":{"rendered":"https:\/\/roveyayinevi.com.tr\/index.php\/urun\/dil-ve-konusma-becerisi\/"},"modified":"2026-04-16T02:34:07","modified_gmt":"2026-04-15T23:34:07","slug":"dil-ve-konusma-becerisi","status":"publish","type":"product","link":"https:\/\/roveyayinevi.com.tr\/index.php\/urun\/dil-ve-konusma-becerisi\/","title":{"rendered":"Dil ve Konu\u015fma Becerisi"},"content":{"rendered":"<p>Dikkat At\u00f6lyesi Yay\u0131nlar\u0131&#8217;n\u0131n bu kitab\u0131nda, \u00e7ocuklar nesneleri adland\u0131rmay\u0131, kendisi hakk\u0131nda bir hikaye olu\u015fturmay\u0131, kelimeler ile sembolleri ve kelimeler ile eylemleri hat\u0131rlamay\u0131, mevsimleri ve g\u00fcnl\u00fck rutini tekrarlamay\u0131, ak\u0131l y\u00fcr\u00fctmeyi ve sonu\u00e7 \u00e7\u0131karmay\u0131, haf\u0131za ve hayal g\u00fcc\u00fcn\u00fc geli\u015ftirmeyi \u00f6\u011frenecektir. Dil geli\u015fimi, \u00e7ocuklarda geli\u015ftirilmesi gereken en \u00f6nemli becerilerdendir. Dil geli\u015fiminin neredeyse tamam\u0131 konu\u015fulan dili anlama ve onu geli\u015ftirmeyle ilgilidir.<\/p>\n","protected":false},"excerpt":{"rendered":"<p>Dikkat At\u00f6lyesi Yay\u0131nlar\u0131&#8217;n\u0131n bu kitab\u0131nda, \u00e7ocuklar nesneleri adland\u0131rmay\u0131, kendisi hakk\u0131nda bir hikaye olu\u015fturmay\u0131, kelimeler ile sembolleri ve kelimeler ile eylemleri hat\u0131rlamay\u0131, mevsimleri ve g\u00fcnl\u00fck rutini tekrarlamay\u0131,<span class=\"excerpt-hellip\"> [\u2026]<\/span><\/p>\n","protected":false},"featured_media":0,"template":"","meta":{"_monsterinsights_skip_tracking":false,"_monsterinsights_sitenote_active":false,"_monsterinsights_sitenote_note":"","_monsterinsights_sitenote_category":0},"product_brand":[],"product_cat":[12913,12274],"product_tag":[],"class_list":{"0":"post-726415","1":"product","2":"type-product","3":"status-publish","5":"product_cat-3-6-yas-kitaplari","6":"product_cat-cocuk-ve-genclik-kitaplari","7":"pa_cilt-ciltsiz","8":"pa_tur-kitap","9":"pa_yayinevi-dikkat-atolyesi-yayinlari","10":"pa_yazar-dikkat-atolyesi-kolektif","12":"first","13":"instock","14":"sale","15":"shipping-taxable","16":"purchasable","17":"product-type-simple"},"_links":{"self":[{"href":"https:\/\/roveyayinevi.com.tr\/index.php\/wp-json\/wp\/v2\/product\/726415","targetHints":{"allow":["GET"]}}],"collection":[{"href":"https:\/\/roveyayinevi.com.tr\/index.php\/wp-json\/wp\/v2\/product"}],"about":[{"href":"https:\/\/roveyayinevi.com.tr\/index.php\/wp-json\/wp\/v2\/types\/product"}],"wp:attachment":[{"href":"https:\/\/roveyayinevi.com.tr\/index.php\/wp-json\/wp\/v2\/media?parent=726415"}],"wp:term":[{"taxonomy":"product_brand","embeddable":true,"href":"https:\/\/roveyayinevi.com.tr\/index.php\/wp-json\/wp\/v2\/product_brand?post=726415"},{"taxonomy":"product_cat","embeddable":true,"href":"https:\/\/roveyayinevi.com.tr\/index.php\/wp-json\/wp\/v2\/product_cat?post=726415"},{"taxonomy":"product_tag","embeddable":true,"href":"https:\/\/roveyayinevi.com.tr\/index.php\/wp-json\/wp\/v2\/product_tag?post=726415"}],"curies":[{"name":"wp","href":"https:\/\/api.w.org\/{rel}","templated":true}]}}