{"id":726414,"date":"2025-08-27T20:05:37","date_gmt":"2025-08-27T17:05:37","guid":{"rendered":"https:\/\/roveyayinevi.com.tr\/index.php\/urun\/hafiza-gelisimi\/"},"modified":"2026-04-16T02:34:07","modified_gmt":"2026-04-15T23:34:07","slug":"hafiza-gelisimi","status":"publish","type":"product","link":"https:\/\/roveyayinevi.com.tr\/index.php\/urun\/hafiza-gelisimi\/","title":{"rendered":"Haf\u0131za Geli\u015fimi"},"content":{"rendered":"<p>Bir \u00e7ocu\u011fun haf\u0131zas\u0131n\u0131 \u00e7ok k\u00fc\u00e7\u00fck ya\u015flardan itibaren geli\u015ftirmek \u00f6nemlidir. \u00c7\u00fcnk\u00fc haf\u0131za e\u011fitimi, bili\u015fsel ba\u011flant\u0131lar\u0131n geli\u015fimine katk\u0131 sa\u011flar. Yava\u015f yava\u015f do\u011fru hat\u0131rlama yetene\u011fine sahip olan okul \u00f6ncesi \u00f6\u011frencileri, yeni bilgiyi \u00f6\u011frenmede zorluk \u00e7ekmezler ve gelecekte kendilerini bekleyen zihinsel s\u00fcre\u00e7lere daha haz\u0131r hale gelirler. Bu kitap erken \u00e7ocukluk d\u00f6neminde haf\u0131za geli\u015fiminde iyi bir rehber niteli\u011fi ta\u015f\u0131r. Kitaptaki etkinlikler, \u00e7ocu\u011fun geli\u015fiminin ya\u015f \u00f6zelliklerini ve daha erken ya\u015fta sahip oldu\u011fu d\u00fcnya hakk\u0131ndaki temel bilgiler dikkate al\u0131narak haz\u0131rlanm\u0131\u015ft\u0131r.<\/p>\n","protected":false},"excerpt":{"rendered":"<p>Bir \u00e7ocu\u011fun haf\u0131zas\u0131n\u0131 \u00e7ok k\u00fc\u00e7\u00fck ya\u015flardan itibaren geli\u015ftirmek \u00f6nemlidir. \u00c7\u00fcnk\u00fc haf\u0131za e\u011fitimi, bili\u015fsel ba\u011flant\u0131lar\u0131n geli\u015fimine katk\u0131 sa\u011flar. Yava\u015f yava\u015f do\u011fru hat\u0131rlama yetene\u011fine sahip olan okul \u00f6ncesi<span class=\"excerpt-hellip\"> [\u2026]<\/span><\/p>\n","protected":false},"featured_media":0,"template":"","meta":{"_monsterinsights_skip_tracking":false,"_monsterinsights_sitenote_active":false,"_monsterinsights_sitenote_note":"","_monsterinsights_sitenote_category":0},"product_brand":[],"product_cat":[12913,12274],"product_tag":[],"class_list":{"0":"post-726414","1":"product","2":"type-product","3":"status-publish","5":"product_cat-3-6-yas-kitaplari","6":"product_cat-cocuk-ve-genclik-kitaplari","7":"pa_cilt-ciltsiz","8":"pa_tur-kitap","9":"pa_yayinevi-dikkat-atolyesi-yayinlari","10":"pa_yazar-dikkat-atolyesi-kolektif","12":"first","13":"instock","14":"sale","15":"shipping-taxable","16":"purchasable","17":"product-type-simple"},"_links":{"self":[{"href":"https:\/\/roveyayinevi.com.tr\/index.php\/wp-json\/wp\/v2\/product\/726414","targetHints":{"allow":["GET"]}}],"collection":[{"href":"https:\/\/roveyayinevi.com.tr\/index.php\/wp-json\/wp\/v2\/product"}],"about":[{"href":"https:\/\/roveyayinevi.com.tr\/index.php\/wp-json\/wp\/v2\/types\/product"}],"wp:attachment":[{"href":"https:\/\/roveyayinevi.com.tr\/index.php\/wp-json\/wp\/v2\/media?parent=726414"}],"wp:term":[{"taxonomy":"product_brand","embeddable":true,"href":"https:\/\/roveyayinevi.com.tr\/index.php\/wp-json\/wp\/v2\/product_brand?post=726414"},{"taxonomy":"product_cat","embeddable":true,"href":"https:\/\/roveyayinevi.com.tr\/index.php\/wp-json\/wp\/v2\/product_cat?post=726414"},{"taxonomy":"product_tag","embeddable":true,"href":"https:\/\/roveyayinevi.com.tr\/index.php\/wp-json\/wp\/v2\/product_tag?post=726414"}],"curies":[{"name":"wp","href":"https:\/\/api.w.org\/{rel}","templated":true}]}}