{"id":726412,"date":"2025-08-27T20:05:36","date_gmt":"2025-08-27T17:05:36","guid":{"rendered":"https:\/\/roveyayinevi.com.tr\/index.php\/urun\/operasyon-mussolini\/"},"modified":"2026-04-16T02:34:07","modified_gmt":"2026-04-15T23:34:07","slug":"operasyon-mussolini","status":"publish","type":"product","link":"https:\/\/roveyayinevi.com.tr\/index.php\/urun\/operasyon-mussolini\/","title":{"rendered":"Operasyon: Mussolini"},"content":{"rendered":"<p>25 Temmuz 1943. \u0130talya\u2019dan gelen beklenmedik haberler F\u00fchrer Kararg\u00e2h\u0131\u2019na \u00e2deta birer bomba gibi d\u00fc\u015fer. Mussolini, Kral Vittorio Emanuele\u2019nin villas\u0131nda s\u0131rra kadem basm\u0131\u015f ve \u0130talya\u2019y\u0131 21 y\u0131ld\u0131r demir bir yumrukla y\u00f6neten Fa\u015fist Parti bir gece i\u00e7erisinde da\u011f\u0131lm\u0131\u015ft\u0131r. Yeni h\u00fck\u00fbmetin ba\u015f\u0131 olan Mare\u015fal Badoglio, her ne kadar \u0130talya\u2019n\u0131n Almanya ile birlikte harbe devam edece\u011fini a\u00e7\u0131klam\u0131\u015fsa da, Hitler bunun zaman kazanmak i\u00e7in s\u00f6ylenen bir yalan oldu\u011fundan ve \u0130talyanlar\u0131n ilk f\u0131rsatta M\u00fcttefiklere teslim olaca\u011f\u0131ndan emindir.Almanlar bir yandan Roma\u2019y\u0131 i\u015fgal ve \u0130talya\u2019da Fa\u015fizmi ihya etmeye haz\u0131rlan\u0131rken, Hitler Mussolini\u2019nin derh\u00e2l bulunmas\u0131 ve kurtar\u0131lmas\u0131 i\u00e7in bizzat emir verir.Mussolini\u2019nin varl\u0131\u011f\u0131, \u0130talya\u2019da Fa\u015fizmin yeniden tesisi ve yakla\u015fan M\u00fcttefik istilas\u0131n\u0131n \u0131\u015f\u0131\u011f\u0131nda b\u00f6lgede istikrar\u0131n sa\u011flanabilmesi i\u00e7in elzemdir. Aksi, Alman \u015fehirlerinin M\u00fcttefik stratejik bombard\u0131manlar\u0131yla haritadan silindi\u011fi ve Kursk ma\u011flubiyetiyle do\u011fuda inisiyatifin K\u0131z\u0131l Ordu\u2019ya ge\u00e7ti\u011fi bu kritik s\u00fcre\u00e7te, Akdeniz cephesinin topyek\u00fbn \u00e7\u00f6k\u00fc\u015f\u00fcne vesile olabilece\u011fi gibi, Almanya\u2019daki rejim kar\u015f\u0131tlar\u0131n\u0131 da benzer bir giri\u015fim ad\u0131na y\u00fcreklendirecektir. Hitler\u2019in, birincil \u00f6nceli\u011fi h\u00e2line getirece\u011fi \u201cMe\u015fe Harek\u00e2t\u0131\u201d i\u00e7in bizzat g\u00f6revlendirece\u011fi ki\u015filer ise, se\u00e7kin hava indirme kuvvetleri komutan\u0131 Korgeneral Kurt Student ile yeni kurulmu\u015f SS \u00d6zel Kuvvetleri olan Friedenthal Taburu Komutan\u0131 Y\u00fczba\u015f\u0131 Otto Skorzeny\u2019dir.  Hitler\u2019in Generalleri Konu\u015fuyor, Karde\u015fler Tak\u0131m\u0131 ve benzer bir\u00e7ok eseri T\u00fcrk\u00e7eye ba\u015far\u0131yla kazand\u0131ran Sel\u00e7uk Uygur, \u0130kinci D\u00fcnya Sava\u015f\u0131 ve 20. y\u00fczy\u0131l\u0131n en \u00fcnl\u00fc \u00f6zel operasyonlar\u0131ndan birini bu kez kendi kaleminden anlat\u0131yor.Uygur\u2019un bu \u00e7al\u0131\u015fmas\u0131, sava\u015f\u0131n seyrini etkileyen Me\u015fe Harek\u00e2t\u0131 ile perde arkas\u0131nda asker\u00ee, siyas\u00ee ve toplumsal geli\u015fmeleri hem Alman hem de \u0130talyan nazar\u0131ndan ele almakla kalm\u0131yor; istihbarat, planlama ve icra s\u00fcre\u00e7lerini titizlikle inceleyerek operasyona dair yanl\u0131\u015f bilinen bir\u00e7ok ger\u00e7e\u011fi de su y\u00fcz\u00fcne \u00e7\u0131kar\u0131yor. Uygur, ak\u0131c\u0131 dili ve s\u00fcr\u00fckleyici \u00fcslubuyla, operasyonu ve operasyona sahne olan tarihsel ba\u011flam\u0131 bir tarihi roman yahut film s\u00fcr\u00fckleyicili\u011fiyle aktar\u0131yor.<\/p>\n","protected":false},"excerpt":{"rendered":"<p>25 Temmuz 1943. \u0130talya\u2019dan gelen beklenmedik haberler F\u00fchrer Kararg\u00e2h\u0131\u2019na \u00e2deta birer bomba gibi d\u00fc\u015fer. Mussolini, Kral Vittorio Emanuele\u2019nin villas\u0131nda s\u0131rra kadem basm\u0131\u015f ve \u0130talya\u2019y\u0131 21 y\u0131ld\u0131r<span class=\"excerpt-hellip\"> [\u2026]<\/span><\/p>\n","protected":false},"featured_media":0,"template":"","meta":{"_monsterinsights_skip_tracking":false,"_monsterinsights_sitenote_active":false,"_monsterinsights_sitenote_note":"","_monsterinsights_sitenote_category":0},"product_brand":[],"product_cat":[12370,12304],"product_tag":[],"class_list":{"0":"post-726412","1":"product","2":"type-product","3":"status-publish","5":"product_cat-arastirma-inceleme","6":"product_cat-tarih","7":"pa_cilt-ciltsiz","8":"pa_tur-kitap","9":"pa_yayinevi-kronik-kitap","10":"pa_yazar-selcuk-uygur","12":"first","13":"instock","14":"sale","15":"shipping-taxable","16":"purchasable","17":"product-type-simple"},"_links":{"self":[{"href":"https:\/\/roveyayinevi.com.tr\/index.php\/wp-json\/wp\/v2\/product\/726412","targetHints":{"allow":["GET"]}}],"collection":[{"href":"https:\/\/roveyayinevi.com.tr\/index.php\/wp-json\/wp\/v2\/product"}],"about":[{"href":"https:\/\/roveyayinevi.com.tr\/index.php\/wp-json\/wp\/v2\/types\/product"}],"wp:attachment":[{"href":"https:\/\/roveyayinevi.com.tr\/index.php\/wp-json\/wp\/v2\/media?parent=726412"}],"wp:term":[{"taxonomy":"product_brand","embeddable":true,"href":"https:\/\/roveyayinevi.com.tr\/index.php\/wp-json\/wp\/v2\/product_brand?post=726412"},{"taxonomy":"product_cat","embeddable":true,"href":"https:\/\/roveyayinevi.com.tr\/index.php\/wp-json\/wp\/v2\/product_cat?post=726412"},{"taxonomy":"product_tag","embeddable":true,"href":"https:\/\/roveyayinevi.com.tr\/index.php\/wp-json\/wp\/v2\/product_tag?post=726412"}],"curies":[{"name":"wp","href":"https:\/\/api.w.org\/{rel}","templated":true}]}}