{"id":726409,"date":"2025-08-27T20:05:34","date_gmt":"2025-08-27T17:05:34","guid":{"rendered":"https:\/\/roveyayinevi.com.tr\/index.php\/urun\/kitap-okuyan-cocuk-yetistirmek\/"},"modified":"2026-04-16T02:34:07","modified_gmt":"2026-04-15T23:34:07","slug":"kitap-okuyan-cocuk-yetistirmek","status":"publish","type":"product","link":"https:\/\/roveyayinevi.com.tr\/index.php\/urun\/kitap-okuyan-cocuk-yetistirmek\/","title":{"rendered":"Kitap Okuyan \u00c7ocuk Yeti\u015ftirmek"},"content":{"rendered":"<p>Baz\u0131 \u00e7ocuklar kitap okumamak direnirken baz\u0131lar\u0131 ise yemek masas\u0131nda bile kitab\u0131 elinden b\u0131rakmaz! Hangisi olursa olsun bir\u00e7ok aile, \u00e7ocuklar\u0131n\u0131n okuma ser\u00fcvenlerini desteklemek i\u00e7in yap\u0131labilecek en etkin yollar\u0131n neler oldu\u011funu merak etmektedir. \u00c7ocu\u011funuza kitap okumaya ne zaman ba\u015flamal\u0131s\u0131n\u0131z? Kitap okumaya isteksiz bir \u00e7ocu\u011fa ilham verebilecek kadar g\u00fczel bir kitab\u0131 nas\u0131l bulabilirsiniz? Bir kitab\u0131n o ya\u015f grubuna uygun olup olamad\u0131\u011f\u0131n\u0131 nas\u0131l anlayabilirsiniz? Yavrunuzun kitap okuma al\u0131\u015fkanl\u0131\u011f\u0131n\u0131 yeti\u015fkinlikte de s\u00fcrd\u00fcrmesi i\u00e7in neler yapabilirsiniz? \u00d6d\u00fcll\u00fc k\u00fct\u00fcphane \u00f6\u011fretmeni Megan Daley, b\u00fct\u00fcn bu sorulara ve daha fazlas\u0131na cevaplar sunmaktad\u0131r. Daley, tan\u0131nm\u0131\u015f Avustralyal\u0131 \u00e7ocuk edebiyat\u0131 yazarlar\u0131n\u0131n birinci a\u011f\u0131zdan deme\u00e7leriyle ve g\u00fcncel ara\u015ft\u0131rma sonu\u00e7lar\u0131yla desteklenen bu cana yak\u0131n ve kolay anla\u015f\u0131l\u0131r rehbere on be\u015f y\u0131ll\u0131k birikimini aktarm\u0131\u015ft\u0131r. Bu kitap, kitap temal\u0131 aktivitelerin nas\u0131l yap\u0131laca\u011f\u0131yla ilgili birtak\u0131m y\u00f6nergeler ve okuma listeleri gibi pratik ipu\u00e7lar\u0131n\u0131 da i\u00e7ermektedir. Kitap Okuyan \u00c7ocuk Yeti\u015ftirmek, \u00e7ocuklar\u0131 kitaplara \u00e2\u015f\u0131k etmek i\u00e7in \u00e7aba g\u00f6steren her ailenin ve e\u011fitimcinin elinin alt\u0131nda bulunmas\u0131 gereken bir rehberdir. <\/p>\n","protected":false},"excerpt":{"rendered":"<p>Baz\u0131 \u00e7ocuklar kitap okumamak direnirken baz\u0131lar\u0131 ise yemek masas\u0131nda bile kitab\u0131 elinden b\u0131rakmaz! Hangisi olursa olsun bir\u00e7ok aile, \u00e7ocuklar\u0131n\u0131n okuma ser\u00fcvenlerini desteklemek i\u00e7in yap\u0131labilecek en etkin<span class=\"excerpt-hellip\"> [\u2026]<\/span><\/p>\n","protected":false},"featured_media":0,"template":"","meta":{"_monsterinsights_skip_tracking":false,"_monsterinsights_sitenote_active":false,"_monsterinsights_sitenote_note":"","_monsterinsights_sitenote_category":0},"product_brand":[],"product_cat":[17996,12364],"product_tag":[],"class_list":{"0":"post-726409","1":"product","2":"type-product","3":"status-publish","5":"product_cat-ebeveyn-kitaplari","6":"product_cat-genel-konular","7":"pa_cilt-ciltsiz","8":"pa_tur-kitap","9":"pa_yayinevi-orenda","10":"pa_yazar-megan-daley","12":"first","13":"instock","14":"sale","15":"shipping-taxable","16":"purchasable","17":"product-type-simple"},"_links":{"self":[{"href":"https:\/\/roveyayinevi.com.tr\/index.php\/wp-json\/wp\/v2\/product\/726409","targetHints":{"allow":["GET"]}}],"collection":[{"href":"https:\/\/roveyayinevi.com.tr\/index.php\/wp-json\/wp\/v2\/product"}],"about":[{"href":"https:\/\/roveyayinevi.com.tr\/index.php\/wp-json\/wp\/v2\/types\/product"}],"wp:attachment":[{"href":"https:\/\/roveyayinevi.com.tr\/index.php\/wp-json\/wp\/v2\/media?parent=726409"}],"wp:term":[{"taxonomy":"product_brand","embeddable":true,"href":"https:\/\/roveyayinevi.com.tr\/index.php\/wp-json\/wp\/v2\/product_brand?post=726409"},{"taxonomy":"product_cat","embeddable":true,"href":"https:\/\/roveyayinevi.com.tr\/index.php\/wp-json\/wp\/v2\/product_cat?post=726409"},{"taxonomy":"product_tag","embeddable":true,"href":"https:\/\/roveyayinevi.com.tr\/index.php\/wp-json\/wp\/v2\/product_tag?post=726409"}],"curies":[{"name":"wp","href":"https:\/\/api.w.org\/{rel}","templated":true}]}}