{"id":726406,"date":"2025-08-27T20:05:31","date_gmt":"2025-08-27T17:05:31","guid":{"rendered":"https:\/\/roveyayinevi.com.tr\/index.php\/urun\/bizans-maden-sanati\/"},"modified":"2026-04-16T02:34:07","modified_gmt":"2026-04-15T23:34:07","slug":"bizans-maden-sanati","status":"publish","type":"product","link":"https:\/\/roveyayinevi.com.tr\/index.php\/urun\/bizans-maden-sanati\/","title":{"rendered":"Bizans Maden Sanat\u0131"},"content":{"rendered":"<p>Maden, Bizans el sanatlar\u0131nda gerek din\u00ee i\u015flevli (liturjik) e\u015fyalarda gerek g\u00fcnl\u00fck kullan\u0131m e\u015fyalar\u0131nda yo\u011fun olarak kullan\u0131lan bir malzemedir. Bu \u00e7al\u0131\u015fmada, 1992-1997 y\u0131llar\u0131 aras\u0131nda T\u00fcrkiye m\u00fczelerinden saptanan ve kiliselerde \u00f6zellikle \u00d6karisti ayini s\u0131ras\u0131nda kullan\u0131lan 125 obje (paten, kalis, ka\u015f\u0131k, ibrik, trulla, buhurdan, yelpaze, kitap kapa\u011f\u0131, ha\u00e7 ve ha\u00e7 kaidesi) tan\u0131t\u0131lm\u0131\u015f; teknik, i\u015flev, form, bezeme, \u00fcslup \u00f6zellikleri ile de\u011ferlendirilerek tarih \u00f6nerileri yap\u0131lm\u0131\u015ft\u0131r. G\u00fcm\u00fc\u015f, bronz ve bak\u0131r madenlerinden yap\u0131lan ayin objeleri \u00fczerlerindeki s\u00fcslemelerin zenginli\u011finin yan\u0131 s\u0131ra y\u00fcklendikleri sembolik anlamlar ile de \u00f6n plana \u00e7\u0131kar: patenin \u0130sa\u2019n\u0131n bedenini sembolize eden kutsal ekmek, kalisin \u0130sa\u2019n\u0131n kan\u0131n\u0131 sembolize eden kutsal \u015farap i\u00e7in kullan\u0131lmas\u0131 gibi. Bu kitap, T\u00fcrkiye m\u00fczelerinin Bizans maden eserleri ve din\u00ee i\u015flevli (liturjik) e\u015fyalar a\u00e7\u0131s\u0131ndan ne kadar zengin oldu\u011funu ortaya koymaktad\u0131r.<\/p>\n","protected":false},"excerpt":{"rendered":"<p>Maden, Bizans el sanatlar\u0131nda gerek din\u00ee i\u015flevli (liturjik) e\u015fyalarda gerek g\u00fcnl\u00fck kullan\u0131m e\u015fyalar\u0131nda yo\u011fun olarak kullan\u0131lan bir malzemedir. Bu \u00e7al\u0131\u015fmada, 1992-1997 y\u0131llar\u0131 aras\u0131nda T\u00fcrkiye m\u00fczelerinden saptanan<span class=\"excerpt-hellip\"> [\u2026]<\/span><\/p>\n","protected":false},"featured_media":0,"template":"","meta":{"_monsterinsights_skip_tracking":false,"_monsterinsights_sitenote_active":false,"_monsterinsights_sitenote_note":"","_monsterinsights_sitenote_category":0},"product_brand":[],"product_cat":[16169,12408],"product_tag":[],"class_list":{"0":"post-726406","1":"product","2":"type-product","3":"status-publish","5":"product_cat-geleneksel-sanatlar","6":"product_cat-sanat","7":"pa_cilt-ciltsiz","8":"pa_tur-kitap","9":"pa_yayinevi-bilgin-kultur-sanat","10":"pa_yazar-meryem-acara-eser","12":"first","13":"instock","14":"sale","15":"shipping-taxable","16":"purchasable","17":"product-type-simple"},"_links":{"self":[{"href":"https:\/\/roveyayinevi.com.tr\/index.php\/wp-json\/wp\/v2\/product\/726406","targetHints":{"allow":["GET"]}}],"collection":[{"href":"https:\/\/roveyayinevi.com.tr\/index.php\/wp-json\/wp\/v2\/product"}],"about":[{"href":"https:\/\/roveyayinevi.com.tr\/index.php\/wp-json\/wp\/v2\/types\/product"}],"wp:attachment":[{"href":"https:\/\/roveyayinevi.com.tr\/index.php\/wp-json\/wp\/v2\/media?parent=726406"}],"wp:term":[{"taxonomy":"product_brand","embeddable":true,"href":"https:\/\/roveyayinevi.com.tr\/index.php\/wp-json\/wp\/v2\/product_brand?post=726406"},{"taxonomy":"product_cat","embeddable":true,"href":"https:\/\/roveyayinevi.com.tr\/index.php\/wp-json\/wp\/v2\/product_cat?post=726406"},{"taxonomy":"product_tag","embeddable":true,"href":"https:\/\/roveyayinevi.com.tr\/index.php\/wp-json\/wp\/v2\/product_tag?post=726406"}],"curies":[{"name":"wp","href":"https:\/\/api.w.org\/{rel}","templated":true}]}}