{"id":726405,"date":"2025-08-27T20:05:31","date_gmt":"2025-08-27T17:05:31","guid":{"rendered":"https:\/\/roveyayinevi.com.tr\/index.php\/urun\/gizemli-okullarda-icsel-yolculuk\/"},"modified":"2026-04-05T02:41:45","modified_gmt":"2026-04-04T23:41:45","slug":"gizemli-okullarda-icsel-yolculuk","status":"publish","type":"product","link":"https:\/\/roveyayinevi.com.tr\/index.php\/urun\/gizemli-okullarda-icsel-yolculuk\/","title":{"rendered":"Gizemli Okullarda \u0130\u00e7sel Yolculuk"},"content":{"rendered":"<p>Hayat\u0131n\u0131n 20 y\u0131l\u0131 a\u015fk\u0131n bir b\u00f6l\u00fcm\u00fcn\u00fc bir\u00e7ok \u00fclkede ve k\u00fclt\u00fcrde, farkl\u0131 bilim-ler\/ilimler ile i\u00e7 i\u00e7e, ara\u015ft\u0131rarak, okuyarak, kadim ilimler konusunda e\u011fitilerek, mistik deneyimlere alan a\u00e7arak, inisiyasyonlardan ge\u00e7erek, \u00e7e\u015fitli kom\u00fcnlerde hizmet ederek ge\u00e7iren yazar, kendi patikas\u0131n\u0131n izini s\u00fcrerken ya\u015fad\u0131\u011f\u0131 deneyim-leri, ald\u0131\u011f\u0131 e\u011fitimleri, i\u00e7sel yolculu\u011funda kendi \u00fczerinde uygulad\u0131\u011f\u0131 metotlar\u0131 aktar\u0131yor kitab\u0131na. Bu s\u00fcre\u00e7 i\u00e7indeki ara\u015ft\u0131rmalar\u0131ndan, k\u00fclt\u00fcrleraras\u0131 seyahatlerinden, yer yer ilham vermesi, yer yer ibret olmas\u0131, yer yer i\u00e7ini d\u00f6kmek, yer yer yak\u0131nla\u015fmak ad\u0131na kesitler sunan yazar, bu zenginle\u015ftirici d\u00f6n\u00fc\u015f\u00fcme ortak olmaya davet ediyor okuyucuyu.<\/p>\n","protected":false},"excerpt":{"rendered":"<p>Hayat\u0131n\u0131n 20 y\u0131l\u0131 a\u015fk\u0131n bir b\u00f6l\u00fcm\u00fcn\u00fc bir\u00e7ok \u00fclkede ve k\u00fclt\u00fcrde, farkl\u0131 bilim-ler\/ilimler ile i\u00e7 i\u00e7e, ara\u015ft\u0131rarak, okuyarak, kadim ilimler konusunda e\u011fitilerek, mistik deneyimlere alan a\u00e7arak, inisiyasyonlardan<span class=\"excerpt-hellip\"> [\u2026]<\/span><\/p>\n","protected":false},"featured_media":0,"template":"","meta":{"_monsterinsights_skip_tracking":false,"_monsterinsights_sitenote_active":false,"_monsterinsights_sitenote_note":"","_monsterinsights_sitenote_category":0},"product_brand":[],"product_cat":[12364,12376],"product_tag":[],"class_list":{"0":"post-726405","1":"product","2":"type-product","3":"status-publish","5":"product_cat-genel-konular","6":"product_cat-kisisel-gelisim","7":"pa_cilt-ciltsiz","8":"pa_tur-kitap","9":"pa_yayinevi-butik-yayinlari","10":"pa_yazar-fulya-eyilik","12":"first","13":"instock","14":"sale","15":"shipping-taxable","16":"purchasable","17":"product-type-simple"},"_links":{"self":[{"href":"https:\/\/roveyayinevi.com.tr\/index.php\/wp-json\/wp\/v2\/product\/726405","targetHints":{"allow":["GET"]}}],"collection":[{"href":"https:\/\/roveyayinevi.com.tr\/index.php\/wp-json\/wp\/v2\/product"}],"about":[{"href":"https:\/\/roveyayinevi.com.tr\/index.php\/wp-json\/wp\/v2\/types\/product"}],"wp:attachment":[{"href":"https:\/\/roveyayinevi.com.tr\/index.php\/wp-json\/wp\/v2\/media?parent=726405"}],"wp:term":[{"taxonomy":"product_brand","embeddable":true,"href":"https:\/\/roveyayinevi.com.tr\/index.php\/wp-json\/wp\/v2\/product_brand?post=726405"},{"taxonomy":"product_cat","embeddable":true,"href":"https:\/\/roveyayinevi.com.tr\/index.php\/wp-json\/wp\/v2\/product_cat?post=726405"},{"taxonomy":"product_tag","embeddable":true,"href":"https:\/\/roveyayinevi.com.tr\/index.php\/wp-json\/wp\/v2\/product_tag?post=726405"}],"curies":[{"name":"wp","href":"https:\/\/api.w.org\/{rel}","templated":true}]}}