{"id":726403,"date":"2025-08-27T20:05:29","date_gmt":"2025-08-27T17:05:29","guid":{"rendered":"https:\/\/roveyayinevi.com.tr\/index.php\/urun\/love-reading-yek-metot-seviye-2\/"},"modified":"2026-04-16T02:34:06","modified_gmt":"2026-04-15T23:34:06","slug":"love-reading-yek-metot-seviye-2","status":"publish","type":"product","link":"https:\/\/roveyayinevi.com.tr\/index.php\/urun\/love-reading-yek-metot-seviye-2\/","title":{"rendered":"Love Reading &#8211; Yek Metot Seviye 2"},"content":{"rendered":"<p>\u0130lham\u0131 ve hayatta ba\u015far\u0131l\u0131 olma arzusunu, ancak bunlar\u0131 zorluklarla ya\u015fam\u0131\u015f ve sonunda ba\u015farm\u0131\u015f bir kalpte g\u00f6rebilirsiniz.Bu kitaptaki hayatlar sizi dil edindirirken d\u00fc\u015f\u00fcnd\u00fcrecek, kelime hazinenizi geni\u015fletirken art\u0131k bu i\u015fi s\u0131k\u0131lmadan zevkle yapman\u0131z\u0131 sa\u011flayacak.Kitab\u0131 ve kelime egzersizlerini tamamlad\u0131\u011f\u0131n\u0131zda \u0130ngilizce\u2019de \u00e7ok s\u0131k kullan\u0131lan 3.500\u2019den fazla kelimeyi okuduk\u00e7a mutlu olacak ve genel k\u00fclt\u00fcr\u00fcn\u00fcz\u00fc de paralel olarak artt\u0131ran hikayeler edinmi\u015f olacaks\u0131n\u0131z.Dil edinirken okumak, zorunluluktan kaynaklanan bir duygu de\u011fildir, okumak bir sanatt\u0131r. Ve sanat emek vermeden olmaz, emek verildi\u011finde de emekle \u0131slanan toprak kurumaz.Dil edinerek d\u00fcnyaya sa\u00e7aca\u011f\u0131n\u0131z topra\u011f\u0131n hi\u00e7 kurumamas\u0131 dile\u011fi ile&#8230;<\/p>\n","protected":false},"excerpt":{"rendered":"<p>\u0130lham\u0131 ve hayatta ba\u015far\u0131l\u0131 olma arzusunu, ancak bunlar\u0131 zorluklarla ya\u015fam\u0131\u015f ve sonunda ba\u015farm\u0131\u015f bir kalpte g\u00f6rebilirsiniz.Bu kitaptaki hayatlar sizi dil edindirirken d\u00fc\u015f\u00fcnd\u00fcrecek, kelime hazinenizi geni\u015fletirken art\u0131k<span class=\"excerpt-hellip\"> [\u2026]<\/span><\/p>\n","protected":false},"featured_media":0,"template":"","meta":{"_monsterinsights_skip_tracking":false,"_monsterinsights_sitenote_active":false,"_monsterinsights_sitenote_note":"","_monsterinsights_sitenote_category":0},"product_brand":[],"product_cat":[14597,12566,14702],"product_tag":[],"class_list":{"0":"post-726403","1":"product","2":"type-product","3":"status-publish","5":"product_cat-dil-ogrenimi","6":"product_cat-egitim","7":"product_cat-ingilizce","8":"pa_cilt-ciltsiz","9":"pa_tur-kitap","10":"pa_yayinevi-spesifik-yayinlari","11":"pa_yazar-seda-yekeler","13":"first","14":"instock","15":"sale","16":"shipping-taxable","17":"purchasable","18":"product-type-simple"},"_links":{"self":[{"href":"https:\/\/roveyayinevi.com.tr\/index.php\/wp-json\/wp\/v2\/product\/726403","targetHints":{"allow":["GET"]}}],"collection":[{"href":"https:\/\/roveyayinevi.com.tr\/index.php\/wp-json\/wp\/v2\/product"}],"about":[{"href":"https:\/\/roveyayinevi.com.tr\/index.php\/wp-json\/wp\/v2\/types\/product"}],"wp:attachment":[{"href":"https:\/\/roveyayinevi.com.tr\/index.php\/wp-json\/wp\/v2\/media?parent=726403"}],"wp:term":[{"taxonomy":"product_brand","embeddable":true,"href":"https:\/\/roveyayinevi.com.tr\/index.php\/wp-json\/wp\/v2\/product_brand?post=726403"},{"taxonomy":"product_cat","embeddable":true,"href":"https:\/\/roveyayinevi.com.tr\/index.php\/wp-json\/wp\/v2\/product_cat?post=726403"},{"taxonomy":"product_tag","embeddable":true,"href":"https:\/\/roveyayinevi.com.tr\/index.php\/wp-json\/wp\/v2\/product_tag?post=726403"}],"curies":[{"name":"wp","href":"https:\/\/api.w.org\/{rel}","templated":true}]}}