{"id":726400,"date":"2025-08-27T20:05:27","date_gmt":"2025-08-27T17:05:27","guid":{"rendered":"https:\/\/roveyayinevi.com.tr\/index.php\/urun\/dogu-akdenizde-satranc\/"},"modified":"2026-04-16T02:34:06","modified_gmt":"2026-04-15T23:34:06","slug":"dogu-akdenizde-satranc","status":"publish","type":"product","link":"https:\/\/roveyayinevi.com.tr\/index.php\/urun\/dogu-akdenizde-satranc\/","title":{"rendered":"Do\u011fu Akdeniz&#8217;de Satran\u00e7"},"content":{"rendered":"<p>21. Y\u00fczy\u0131l T\u00fcrk jeopoliti\u011finin a\u011f\u0131rl\u0131k merkezi denizler, yani Mavi Vatan&#8217;d\u0131r. Bu kapsamda Do\u011fu Akdeniz m\u00fccadelenin merkezidir. Gerek ABD&#8217;nin kenar ku\u015fak jeopoliti\u011fi gerekse Akdeniz&#8217;e \u00e7\u0131k\u0131\u015f\u0131 olan ba\u011f\u0131ms\u0131z kukla bir K\u00fcrdistan&#8217;\u0131n \u00f6nlenmesi \u00fczerinden \u0130srail&#8217;in g\u00fcvenli\u011fi ile 21&#8217;inci y\u00fczy\u0131l\u0131n enerji m\u00fccadelesi penceresinden bak\u0131ld\u0131\u011f\u0131nda T\u00fcrkiye&#8217;nin ulusal hak ve \u00e7\u0131karlar\u0131 Do\u011fu Akdeniz&#8217;de \u0130srail ve Avrupa-Atlantik sistem ile \u00e7at\u0131\u015fma rotas\u0131ndad\u0131r. Gelecek ku\u015faklar\u0131n savunma g\u00fcvenlik, refah ve mutlulu\u011funu belirleyecek bu jeopolitik m\u00fccadelede iki unsur belirleyicidir. Birincisi g\u00fcc\u00fcn\u00fc ulusal savunma sanayiinden alan Cumhuriyet Donanmas\u0131 di\u011feri de 1974&#8217;ten sonra Anadolu&#8217;nun g\u00fcneyden ku\u015fat\u0131lm\u0131\u015fl\u0131\u011f\u0131na son veren KKTC&#8217;deki T\u00fcrk askeri varl\u0131\u011f\u0131d\u0131r. O nedenle Anavatan, Yavru Vatan ve Mavi Vatan art\u0131k b\u00fct\u00fcnle\u015fme s\u00fcrecine girmelidir. KKTC&#8217;nin federal yap\u0131 alt\u0131nda gelece\u011fi olamaz. Elinizdeki kitap Do\u011fu Akdeniz&#8217;de oynanan jeopolitik satranca KKTC odakl\u0131 b\u0131r bak\u0131\u015f sunuyor. Alternatif d\u00fc\u015f\u00fcnce yollar\u0131 a\u00e7\u0131yor. Akademik teoriler ile hayat\u0131n ger\u00e7ekleri aras\u0131nda dengeli bir yaz\u0131mla kar\u015f\u0131m\u0131za g\u00fcncel bir de\u011ferlendirme \u00e7\u0131kar\u0131yor. Mustafa Kemal Atat\u00fcrk d\u00f6neminden sonra ilk kez, Mavi Vatan kavram\u0131 alt\u0131nda kendi jeopolitik tezini ortaya koyan T\u00fcrkiye&#8217;de Kaan Cenk Saliho\u011flu gibi d\u00fc\u015f\u00fcnce sahiplerinin \u00e7o\u011falmas\u0131 en b\u00fcy\u00fck dile\u011fimdir.<\/p>\n","protected":false},"excerpt":{"rendered":"<p>21. Y\u00fczy\u0131l T\u00fcrk jeopoliti\u011finin a\u011f\u0131rl\u0131k merkezi denizler, yani Mavi Vatan&#8217;d\u0131r. Bu kapsamda Do\u011fu Akdeniz m\u00fccadelenin merkezidir. Gerek ABD&#8217;nin kenar ku\u015fak jeopoliti\u011fi gerekse Akdeniz&#8217;e \u00e7\u0131k\u0131\u015f\u0131 olan ba\u011f\u0131ms\u0131z<span class=\"excerpt-hellip\"> [\u2026]<\/span><\/p>\n","protected":false},"featured_media":0,"template":"","meta":{"_monsterinsights_skip_tracking":false,"_monsterinsights_sitenote_active":false,"_monsterinsights_sitenote_note":"","_monsterinsights_sitenote_category":0},"product_brand":[],"product_cat":[12337,14543],"product_tag":[],"class_list":{"0":"post-726400","1":"product","2":"type-product","3":"status-publish","5":"product_cat-politika-siyaset","6":"product_cat-turkiye-siyaseti-ve-politikasi","7":"pa_cilt-ciltsiz","8":"pa_tur-kitap","9":"pa_yayinevi-kaynak-yayinlari","10":"pa_yazar-kaan-cenk-salihoglu","12":"first","13":"instock","14":"sale","15":"shipping-taxable","16":"purchasable","17":"product-type-simple"},"_links":{"self":[{"href":"https:\/\/roveyayinevi.com.tr\/index.php\/wp-json\/wp\/v2\/product\/726400","targetHints":{"allow":["GET"]}}],"collection":[{"href":"https:\/\/roveyayinevi.com.tr\/index.php\/wp-json\/wp\/v2\/product"}],"about":[{"href":"https:\/\/roveyayinevi.com.tr\/index.php\/wp-json\/wp\/v2\/types\/product"}],"wp:attachment":[{"href":"https:\/\/roveyayinevi.com.tr\/index.php\/wp-json\/wp\/v2\/media?parent=726400"}],"wp:term":[{"taxonomy":"product_brand","embeddable":true,"href":"https:\/\/roveyayinevi.com.tr\/index.php\/wp-json\/wp\/v2\/product_brand?post=726400"},{"taxonomy":"product_cat","embeddable":true,"href":"https:\/\/roveyayinevi.com.tr\/index.php\/wp-json\/wp\/v2\/product_cat?post=726400"},{"taxonomy":"product_tag","embeddable":true,"href":"https:\/\/roveyayinevi.com.tr\/index.php\/wp-json\/wp\/v2\/product_tag?post=726400"}],"curies":[{"name":"wp","href":"https:\/\/api.w.org\/{rel}","templated":true}]}}