{"id":726397,"date":"2025-08-27T20:05:24","date_gmt":"2025-08-27T17:05:24","guid":{"rendered":"https:\/\/roveyayinevi.com.tr\/index.php\/urun\/gonulcalan\/"},"modified":"2026-04-16T02:34:06","modified_gmt":"2026-04-15T23:34:06","slug":"gonulcalan","status":"publish","type":"product","link":"https:\/\/roveyayinevi.com.tr\/index.php\/urun\/gonulcalan\/","title":{"rendered":"G\u00f6n\u00fcl\u00e7alan"},"content":{"rendered":"<p>\u201c \u015eehrine ho\u015f geldin Atlas.\u201dZeynep, hayat\u0131 yeterince renkliyken bir de a\u015fk\u0131n rengini ya\u015fayacakt\u0131. Zeynep\u2019in deli dolu halleriyle \u00e7arp\u0131\u015fan Atlas\u2019\u0131n ciddiyeti, harika bir ikili olu\u015fturacakt\u0131. Ta ki\u2026\u00dcst katlar\u0131na ta\u015f\u0131nan Doktor Atlas, \u00e7\u00f6p\u00e7atanl\u0131k yapmak i\u00e7in kollar\u0131 s\u0131vayan ikizler Selen ve Selin, bir de Zeynep\u2019i delirtmek i\u00e7in elinden geleni yapan ergen karde\u015fi \u00c7a\u011fatay, evlere \u015fenlik bir kitap ziyafeti sunacak sizlere.<\/p>\n","protected":false},"excerpt":{"rendered":"<p>\u201c \u015eehrine ho\u015f geldin Atlas.\u201dZeynep, hayat\u0131 yeterince renkliyken bir de a\u015fk\u0131n rengini ya\u015fayacakt\u0131. Zeynep\u2019in deli dolu halleriyle \u00e7arp\u0131\u015fan Atlas\u2019\u0131n ciddiyeti, harika bir ikili olu\u015fturacakt\u0131. Ta ki\u2026\u00dcst<span class=\"excerpt-hellip\"> [\u2026]<\/span><\/p>\n","protected":false},"featured_media":0,"template":"","meta":{"_monsterinsights_skip_tracking":false,"_monsterinsights_sitenote_active":false,"_monsterinsights_sitenote_note":"","_monsterinsights_sitenote_category":0},"product_brand":[],"product_cat":[12291,12711],"product_tag":[],"class_list":{"0":"post-726397","1":"product","2":"type-product","3":"status-publish","5":"product_cat-edebiyat","6":"product_cat-roman-oyku","7":"pa_cilt-ciltsiz","8":"pa_tur-kitap","9":"pa_yayinevi-elpis-yayinlari","10":"pa_yazar-s-melisa-teksari","12":"first","13":"instock","14":"sale","15":"shipping-taxable","16":"purchasable","17":"product-type-simple"},"_links":{"self":[{"href":"https:\/\/roveyayinevi.com.tr\/index.php\/wp-json\/wp\/v2\/product\/726397","targetHints":{"allow":["GET"]}}],"collection":[{"href":"https:\/\/roveyayinevi.com.tr\/index.php\/wp-json\/wp\/v2\/product"}],"about":[{"href":"https:\/\/roveyayinevi.com.tr\/index.php\/wp-json\/wp\/v2\/types\/product"}],"wp:attachment":[{"href":"https:\/\/roveyayinevi.com.tr\/index.php\/wp-json\/wp\/v2\/media?parent=726397"}],"wp:term":[{"taxonomy":"product_brand","embeddable":true,"href":"https:\/\/roveyayinevi.com.tr\/index.php\/wp-json\/wp\/v2\/product_brand?post=726397"},{"taxonomy":"product_cat","embeddable":true,"href":"https:\/\/roveyayinevi.com.tr\/index.php\/wp-json\/wp\/v2\/product_cat?post=726397"},{"taxonomy":"product_tag","embeddable":true,"href":"https:\/\/roveyayinevi.com.tr\/index.php\/wp-json\/wp\/v2\/product_tag?post=726397"}],"curies":[{"name":"wp","href":"https:\/\/api.w.org\/{rel}","templated":true}]}}