{"id":726396,"date":"2025-08-27T20:05:24","date_gmt":"2025-08-27T17:05:24","guid":{"rendered":"https:\/\/roveyayinevi.com.tr\/index.php\/urun\/mutluluga-giden-yol\/"},"modified":"2026-04-16T02:34:06","modified_gmt":"2026-04-15T23:34:06","slug":"mutluluga-giden-yol","status":"publish","type":"product","link":"https:\/\/roveyayinevi.com.tr\/index.php\/urun\/mutluluga-giden-yol\/","title":{"rendered":"Mutlulu\u011fa Giden Yol"},"content":{"rendered":"<p>Mutlulu\u011fa Giden Yol, kendine \u201cMutlu muyum?\u201d veya \u201cNeden mutlu de\u011filim?\u201d diye sormay\u0131 b\u0131rakan, terapide 10 y\u0131l ge\u00e7irmek veya kendini \u015fimdi oldu\u011fundan daha k\u00f6t\u00fc hissettiren \u2018mutluluk\u2019 ila\u00e7lar\u0131n\u0131 almak istemeyen herkes i\u00e7indir. Dahas\u0131, hayatlar\u0131 boyunca iyile\u015fmek i\u00e7in ila\u00e7 alan ve hala iyi hissetmeyenler i\u00e7indir.Sekiz b\u00f6l\u00fcm, insanlar\u0131n s\u0131k\u0131\u015f\u0131p kald\u0131klar\u0131 yaln\u0131zl\u0131k, kay\u0131p, nefret, utan\u00e7 ve kalp k\u0131r\u0131kl\u0131\u011f\u0131 gibi durumlardan anl\u0131k foto\u011fraflar ve al\u0131\u015ft\u0131rmalarla Umuda, Sevgiye, \u0130nanca ve Mutlulu\u011fa giden yeni yollar in\u015fa ettikleri ortak alanlara odaklanm\u0131\u015ft\u0131r.Dr. Marissa Pei\u2019nin ge\u00e7mi\u015ften gelen ac\u0131s\u0131 ve gelecek korkusu, okuyucuyla \u00f6zde\u015fle\u015fiyor ve bir umut mesaj\u0131 veriyor. Mutlulu\u011fu bulmak i\u00e7in m\u00fccadele edenlere, kendi ger\u00e7ekliklerini g\u00f6rmenin alternatif yollar\u0131n\u0131 sunuyor.<\/p>\n","protected":false},"excerpt":{"rendered":"<p>Mutlulu\u011fa Giden Yol, kendine \u201cMutlu muyum?\u201d veya \u201cNeden mutlu de\u011filim?\u201d diye sormay\u0131 b\u0131rakan, terapide 10 y\u0131l ge\u00e7irmek veya kendini \u015fimdi oldu\u011fundan daha k\u00f6t\u00fc hissettiren \u2018mutluluk\u2019 ila\u00e7lar\u0131n\u0131<span class=\"excerpt-hellip\"> [\u2026]<\/span><\/p>\n","protected":false},"featured_media":0,"template":"","meta":{"_monsterinsights_skip_tracking":false,"_monsterinsights_sitenote_active":false,"_monsterinsights_sitenote_note":"","_monsterinsights_sitenote_category":0},"product_brand":[],"product_cat":[12358,12357],"product_tag":[],"class_list":{"0":"post-726396","1":"product","2":"type-product","3":"status-publish","5":"product_cat-genel-psikoloji","6":"product_cat-psikoloji","7":"pa_cilt-ciltsiz","8":"pa_tur-kitap","9":"pa_yayinevi-sola-unitas","10":"pa_yazar-marissa-pei","12":"first","13":"instock","14":"sale","15":"shipping-taxable","16":"purchasable","17":"product-type-simple"},"_links":{"self":[{"href":"https:\/\/roveyayinevi.com.tr\/index.php\/wp-json\/wp\/v2\/product\/726396","targetHints":{"allow":["GET"]}}],"collection":[{"href":"https:\/\/roveyayinevi.com.tr\/index.php\/wp-json\/wp\/v2\/product"}],"about":[{"href":"https:\/\/roveyayinevi.com.tr\/index.php\/wp-json\/wp\/v2\/types\/product"}],"wp:attachment":[{"href":"https:\/\/roveyayinevi.com.tr\/index.php\/wp-json\/wp\/v2\/media?parent=726396"}],"wp:term":[{"taxonomy":"product_brand","embeddable":true,"href":"https:\/\/roveyayinevi.com.tr\/index.php\/wp-json\/wp\/v2\/product_brand?post=726396"},{"taxonomy":"product_cat","embeddable":true,"href":"https:\/\/roveyayinevi.com.tr\/index.php\/wp-json\/wp\/v2\/product_cat?post=726396"},{"taxonomy":"product_tag","embeddable":true,"href":"https:\/\/roveyayinevi.com.tr\/index.php\/wp-json\/wp\/v2\/product_tag?post=726396"}],"curies":[{"name":"wp","href":"https:\/\/api.w.org\/{rel}","templated":true}]}}