{"id":726394,"date":"2025-08-27T20:05:22","date_gmt":"2025-08-27T17:05:22","guid":{"rendered":"https:\/\/roveyayinevi.com.tr\/index.php\/urun\/korku-10\/"},"modified":"2026-04-16T02:34:06","modified_gmt":"2026-04-15T23:34:06","slug":"korku-10","status":"publish","type":"product","link":"https:\/\/roveyayinevi.com.tr\/index.php\/urun\/korku-10\/","title":{"rendered":"Korku"},"content":{"rendered":"<p>\u201cB\u00fct\u00fcn d\u00fcnyan\u0131n, kalbi d\u0131\u015f\u0131ndaki b\u00fct\u00fcn d\u00fcnyan\u0131n bombo\u015f oldu\u011funu hissediyordu.\u201dStefan Zweig\u2019\u0131n 1925 y\u0131l\u0131nda yay\u0131mlanan eseri Korku; sayg\u0131nl\u0131k komplolar\u0131n\u0131n alt\u0131nda, utan\u00e7, vicdan ve su\u00e7luluk r\u00fczg\u00e2rlar\u0131n\u0131n ayn\u0131 anda esti\u011fi benzersiz bir romand\u0131r. Konforlu bir ya\u015fam s\u00fcren sayg\u0131n bir kad\u0131n, evlili\u011finden ve burjuva ya\u015fant\u0131s\u0131ndan s\u0131k\u0131larak yeni heyecanlar ve maceralar aramaya ba\u015flar. Ancak gizemli bir \u015fantajc\u0131n\u0131n ortaya \u00e7\u0131kmas\u0131yla b\u00fct\u00fcn huzur dolu d\u00fcnyas\u0131 ters y\u00fcz olur. Bu andan sonra hayat\u0131na h\u00e2kim olan tek \u015fey her an iliklerine kadar hissetti\u011fi korkudur.Korku, insan\u0131n ya\u015fam\u0131ndaki hassas duygular\u0131n nas\u0131l de\u011fi\u015febilir oldu\u011funu, hayat\u0131n anlam\u0131n\u0131 yeniden kavrama yolundaki gen\u00e7 Irene ile okurlara sunuyor.<\/p>\n","protected":false},"excerpt":{"rendered":"<p>\u201cB\u00fct\u00fcn d\u00fcnyan\u0131n, kalbi d\u0131\u015f\u0131ndaki b\u00fct\u00fcn d\u00fcnyan\u0131n bombo\u015f oldu\u011funu hissediyordu.\u201dStefan Zweig\u2019\u0131n 1925 y\u0131l\u0131nda yay\u0131mlanan eseri Korku; sayg\u0131nl\u0131k komplolar\u0131n\u0131n alt\u0131nda, utan\u00e7, vicdan ve su\u00e7luluk r\u00fczg\u00e2rlar\u0131n\u0131n ayn\u0131 anda esti\u011fi<span class=\"excerpt-hellip\"> [\u2026]<\/span><\/p>\n","protected":false},"featured_media":0,"template":"","meta":{"_monsterinsights_skip_tracking":false,"_monsterinsights_sitenote_active":false,"_monsterinsights_sitenote_note":"","_monsterinsights_sitenote_category":0},"product_brand":[],"product_cat":[12291,12711],"product_tag":[],"class_list":{"0":"post-726394","1":"product","2":"type-product","3":"status-publish","5":"product_cat-edebiyat","6":"product_cat-roman-oyku","7":"pa_cilt-ciltsiz","8":"pa_tur-kitap","9":"pa_yayinevi-ren-kitap","10":"pa_yazar-stefan-zweig","12":"first","13":"instock","14":"sale","15":"shipping-taxable","16":"purchasable","17":"product-type-simple"},"_links":{"self":[{"href":"https:\/\/roveyayinevi.com.tr\/index.php\/wp-json\/wp\/v2\/product\/726394","targetHints":{"allow":["GET"]}}],"collection":[{"href":"https:\/\/roveyayinevi.com.tr\/index.php\/wp-json\/wp\/v2\/product"}],"about":[{"href":"https:\/\/roveyayinevi.com.tr\/index.php\/wp-json\/wp\/v2\/types\/product"}],"wp:attachment":[{"href":"https:\/\/roveyayinevi.com.tr\/index.php\/wp-json\/wp\/v2\/media?parent=726394"}],"wp:term":[{"taxonomy":"product_brand","embeddable":true,"href":"https:\/\/roveyayinevi.com.tr\/index.php\/wp-json\/wp\/v2\/product_brand?post=726394"},{"taxonomy":"product_cat","embeddable":true,"href":"https:\/\/roveyayinevi.com.tr\/index.php\/wp-json\/wp\/v2\/product_cat?post=726394"},{"taxonomy":"product_tag","embeddable":true,"href":"https:\/\/roveyayinevi.com.tr\/index.php\/wp-json\/wp\/v2\/product_tag?post=726394"}],"curies":[{"name":"wp","href":"https:\/\/api.w.org\/{rel}","templated":true}]}}