{"id":726389,"date":"2025-08-27T20:05:18","date_gmt":"2025-08-27T17:05:18","guid":{"rendered":"https:\/\/roveyayinevi.com.tr\/index.php\/urun\/yonetme-sanati\/"},"modified":"2026-04-16T02:34:06","modified_gmt":"2026-04-15T23:34:06","slug":"yonetme-sanati","status":"publish","type":"product","link":"https:\/\/roveyayinevi.com.tr\/index.php\/urun\/yonetme-sanati\/","title":{"rendered":"Y\u00f6netme Sanat\u0131"},"content":{"rendered":"<p>Y\u00f6netici, ortak amac\u0131n ba\u015far\u0131lmas\u0131nda be\u015fer\u00ee ve madd\u00ee kaynaklar\u0131 planlayan, \u00f6rg\u00fctleyen, y\u00f6neten ve nihayet t\u00fcm s\u00fcreci denetleyen bir akt\u00f6rd\u00fcr. G\u00fcn\u00fcm\u00fczde say\u0131s\u0131 artan ve sunmu\u015f oldu\u011fu hizmet alan\u0131 \u00e7e\u015fitlenen i\u015fletmelerin, kamu \u00f6rg\u00fctlerinin ve sivil toplum kurulu\u015flar\u0131n\u0131n verimi, \u00fcretkenli\u011fi ve etkilili\u011fi, profesyonelle\u015fmi\u015f bir y\u00f6netici profili gerektirmektedir. Y\u00f6neticilik t\u00fcm d\u00fcnyada giderek \u00f6zerkle\u015fmekte ve bir meslek olarak kabul g\u00f6rmektedir. Y\u00f6netsel davran\u0131\u015f t\u00fcm sanat dallar\u0131nda oldu\u011fu gibi incelik ve zarafet gerektirir. Bu kapsamda, bu kitab\u0131n amac\u0131 y\u00f6netici adaylar\u0131n\u0131n yeti\u015ftirilmesine ve h\u00e2lihaz\u0131rda y\u00f6netici olanlar\u0131n geli\u015fimine katk\u0131 sunmakt\u0131r. Kitap \u00fc\u00e7 k\u0131s\u0131m ve yirmi b\u00f6l\u00fcmden olu\u015fmaktad\u0131r. Birinci k\u0131s\u0131mda y\u00f6neticilik, ikinci k\u0131s\u0131mda y\u00f6netsel liderlik ve \u00fc\u00e7\u00fcnc\u00fc k\u0131s\u0131mda ise \u00e7e\u015fitli y\u00f6netsel bili\u015f ve davran\u0131\u015f konular\u0131na yer verilmektedir. Her bir b\u00f6l\u00fcm, incelenen konuya odakl\u0131 \u00f6rnek bir olay ile ba\u015flamakta, ard\u0131ndan incelenen konunun temel \u00f6zellikleri betimlenmektedir. Nihayet her bir b\u00f6l\u00fcm\u00fcn sonunda yine incelenen konu odakl\u0131 olmak \u00fczere okura, y\u00f6netsel uygulamalar\u0131n etkilili\u011fine katk\u0131 sunmas\u0131 dile\u011fiyle kimi pratik tavsiyeler verilmektedir. Kitab\u0131n hedef kitlesi lisans ve lisans\u00fcst\u00fc d\u00fczeyde \u00f6\u011frenim g\u00f6ren \u00f6\u011frenciler, y\u00f6netim odakl\u0131 ders veren \u00f6\u011fretim elemanlar\u0131, gelecek vizyonunda y\u00f6netici olanlar, halen sahada \u00e7e\u015fitli kademelerde y\u00f6neticilik g\u00f6revinde bulunanlar ve y\u00f6neticili\u011fe ilgi duyanlard\u0131r.<\/p>\n","protected":false},"excerpt":{"rendered":"<p>Y\u00f6netici, ortak amac\u0131n ba\u015far\u0131lmas\u0131nda be\u015fer\u00ee ve madd\u00ee kaynaklar\u0131 planlayan, \u00f6rg\u00fctleyen, y\u00f6neten ve nihayet t\u00fcm s\u00fcreci denetleyen bir akt\u00f6rd\u00fcr. G\u00fcn\u00fcm\u00fczde say\u0131s\u0131 artan ve sunmu\u015f oldu\u011fu hizmet alan\u0131<span class=\"excerpt-hellip\"> [\u2026]<\/span><\/p>\n","protected":false},"featured_media":0,"template":"","meta":{"_monsterinsights_skip_tracking":false,"_monsterinsights_sitenote_active":false,"_monsterinsights_sitenote_note":"","_monsterinsights_sitenote_category":0},"product_brand":[],"product_cat":[13043,19008],"product_tag":[],"class_list":{"0":"post-726389","1":"product","2":"type-product","3":"status-publish","5":"product_cat-ekonomi","6":"product_cat-yonetim","7":"pa_cilt-ciltsiz","8":"pa_tur-kitap","9":"pa_yayinevi-ani-yayincilik","10":"pa_yazar-murat-ozdemir","12":"first","13":"instock","14":"sale","15":"shipping-taxable","16":"purchasable","17":"product-type-simple"},"_links":{"self":[{"href":"https:\/\/roveyayinevi.com.tr\/index.php\/wp-json\/wp\/v2\/product\/726389","targetHints":{"allow":["GET"]}}],"collection":[{"href":"https:\/\/roveyayinevi.com.tr\/index.php\/wp-json\/wp\/v2\/product"}],"about":[{"href":"https:\/\/roveyayinevi.com.tr\/index.php\/wp-json\/wp\/v2\/types\/product"}],"wp:attachment":[{"href":"https:\/\/roveyayinevi.com.tr\/index.php\/wp-json\/wp\/v2\/media?parent=726389"}],"wp:term":[{"taxonomy":"product_brand","embeddable":true,"href":"https:\/\/roveyayinevi.com.tr\/index.php\/wp-json\/wp\/v2\/product_brand?post=726389"},{"taxonomy":"product_cat","embeddable":true,"href":"https:\/\/roveyayinevi.com.tr\/index.php\/wp-json\/wp\/v2\/product_cat?post=726389"},{"taxonomy":"product_tag","embeddable":true,"href":"https:\/\/roveyayinevi.com.tr\/index.php\/wp-json\/wp\/v2\/product_tag?post=726389"}],"curies":[{"name":"wp","href":"https:\/\/api.w.org\/{rel}","templated":true}]}}