{"id":726388,"date":"2025-08-27T20:05:17","date_gmt":"2025-08-27T17:05:17","guid":{"rendered":"https:\/\/roveyayinevi.com.tr\/index.php\/urun\/yurek-burgusu-3\/"},"modified":"2026-04-16T02:34:06","modified_gmt":"2026-04-15T23:34:06","slug":"yurek-burgusu-3","status":"publish","type":"product","link":"https:\/\/roveyayinevi.com.tr\/index.php\/urun\/yurek-burgusu-3\/","title":{"rendered":"Y\u00fcrek Burgusu"},"content":{"rendered":"<p>Henry James (1843 \u2013 1916) ABD\u2019den sevmemi\u015f ve Avrupa\u2019da ya\u015famay\u0131 se\u00e7mi\u015f bir ABD vatanda\u015f\u0131d\u0131r. Avrupa k\u00fclt\u00fcr\u00fcn\u00fc \u00f6z\u00fcmsemi\u015f, incelikli diliyle se\u00e7kinle\u015fmi\u015f bir yazard\u0131 ama \u00e7a\u011f\u0131n\u0131n bilincindeydi: \u00c7a\u011fda\u015f korku edebiyat\u0131n\u0131n ya\u015fam\u0131n en ince noktalar\u0131na dokunabilece\u011fini s\u00f6yleyen ilk yazarlardand\u0131r. Y\u00fcrek Burgusu, \u0130ngiliz toplum kurallar\u0131n\u0131n bir hayalet \u00f6yk\u00fcs\u00fcyle aktar\u0131ld\u0131\u011f\u0131 bir romand\u0131r. Bu roman, hayaletlerin sadece karanl\u0131k mek\u00e2nlarda \u00f6yk\u00fclenmeyece\u011finin en klasik \u00f6rne\u011fidir.<\/p>\n","protected":false},"excerpt":{"rendered":"<p>Henry James (1843 \u2013 1916) ABD\u2019den sevmemi\u015f ve Avrupa\u2019da ya\u015famay\u0131 se\u00e7mi\u015f bir ABD vatanda\u015f\u0131d\u0131r. Avrupa k\u00fclt\u00fcr\u00fcn\u00fc \u00f6z\u00fcmsemi\u015f, incelikli diliyle se\u00e7kinle\u015fmi\u015f bir yazard\u0131 ama \u00e7a\u011f\u0131n\u0131n bilincindeydi: \u00c7a\u011fda\u015f<span class=\"excerpt-hellip\"> [\u2026]<\/span><\/p>\n","protected":false},"featured_media":0,"template":"","meta":{"_monsterinsights_skip_tracking":false,"_monsterinsights_sitenote_active":false,"_monsterinsights_sitenote_note":"","_monsterinsights_sitenote_category":0},"product_brand":[],"product_cat":[12291,17033],"product_tag":[],"class_list":{"0":"post-726388","1":"product","2":"type-product","3":"status-publish","5":"product_cat-edebiyat","6":"product_cat-korku-gerilim","7":"pa_cilt-ciltsiz","8":"pa_tur-kitap","9":"pa_yayinevi-cem-yayinevi","10":"pa_yazar-henry-james","12":"first","13":"instock","14":"sale","15":"shipping-taxable","16":"purchasable","17":"product-type-simple"},"_links":{"self":[{"href":"https:\/\/roveyayinevi.com.tr\/index.php\/wp-json\/wp\/v2\/product\/726388","targetHints":{"allow":["GET"]}}],"collection":[{"href":"https:\/\/roveyayinevi.com.tr\/index.php\/wp-json\/wp\/v2\/product"}],"about":[{"href":"https:\/\/roveyayinevi.com.tr\/index.php\/wp-json\/wp\/v2\/types\/product"}],"wp:attachment":[{"href":"https:\/\/roveyayinevi.com.tr\/index.php\/wp-json\/wp\/v2\/media?parent=726388"}],"wp:term":[{"taxonomy":"product_brand","embeddable":true,"href":"https:\/\/roveyayinevi.com.tr\/index.php\/wp-json\/wp\/v2\/product_brand?post=726388"},{"taxonomy":"product_cat","embeddable":true,"href":"https:\/\/roveyayinevi.com.tr\/index.php\/wp-json\/wp\/v2\/product_cat?post=726388"},{"taxonomy":"product_tag","embeddable":true,"href":"https:\/\/roveyayinevi.com.tr\/index.php\/wp-json\/wp\/v2\/product_tag?post=726388"}],"curies":[{"name":"wp","href":"https:\/\/api.w.org\/{rel}","templated":true}]}}