{"id":726387,"date":"2025-08-27T20:05:16","date_gmt":"2025-08-27T17:05:16","guid":{"rendered":"https:\/\/roveyayinevi.com.tr\/index.php\/urun\/vampir-2\/"},"modified":"2026-04-16T02:34:06","modified_gmt":"2026-04-15T23:34:06","slug":"vampir-2","status":"publish","type":"product","link":"https:\/\/roveyayinevi.com.tr\/index.php\/urun\/vampir-2\/","title":{"rendered":"Vampir"},"content":{"rendered":"<p>John William Polidori (1795 \u2013 1821) Edinburgh \u00dcniversitesi\u2019nde t\u0131p \u00f6\u011frenimi g\u00f6ren en gen\u00e7 \u00f6\u011frenciydi. Bu parlak zek\u00e2, d\u00fcnyaca tan\u0131mas\u0131n\u0131 vampir edebiyat\u0131n\u0131n \u00f6nc\u00fclerinden olan kitab\u0131na bor\u00e7ludur: Vampir, \u00fcnl\u00fc \u015fair Lord Byron\u2019u Lord Ruthven ad\u0131yla Gotik edebiyat\u0131n bir kahraman\u0131 olarak sunmu\u015ftur. Yay\u0131nland\u0131\u011f\u0131 d\u00f6nemde hat\u0131r\u0131 say\u0131l\u0131r bir skandal yaratan eser, yazar\u0131 Polidori\u2019nin ya\u015fam\u0131 gibi k\u0131sac\u0131k ama etkileyicidir. Vampir\u2019i Altay \u0130ltan Akt\u00fcrk\u2019\u00fcn \u00e7evirisiyle sunuyoruz. <\/p>\n","protected":false},"excerpt":{"rendered":"<p>John William Polidori (1795 \u2013 1821) Edinburgh \u00dcniversitesi\u2019nde t\u0131p \u00f6\u011frenimi g\u00f6ren en gen\u00e7 \u00f6\u011frenciydi. Bu parlak zek\u00e2, d\u00fcnyaca tan\u0131mas\u0131n\u0131 vampir edebiyat\u0131n\u0131n \u00f6nc\u00fclerinden olan kitab\u0131na bor\u00e7ludur: Vampir,<span class=\"excerpt-hellip\"> [\u2026]<\/span><\/p>\n","protected":false},"featured_media":0,"template":"","meta":{"_monsterinsights_skip_tracking":false,"_monsterinsights_sitenote_active":false,"_monsterinsights_sitenote_note":"","_monsterinsights_sitenote_category":0},"product_brand":[],"product_cat":[12291,17033],"product_tag":[],"class_list":{"0":"post-726387","1":"product","2":"type-product","3":"status-publish","5":"product_cat-edebiyat","6":"product_cat-korku-gerilim","7":"pa_cilt-ciltsiz","8":"pa_tur-kitap","9":"pa_yayinevi-cem-yayinevi","10":"pa_yazar-john-william-polidori","12":"first","13":"instock","14":"sale","15":"shipping-taxable","16":"purchasable","17":"product-type-simple"},"_links":{"self":[{"href":"https:\/\/roveyayinevi.com.tr\/index.php\/wp-json\/wp\/v2\/product\/726387","targetHints":{"allow":["GET"]}}],"collection":[{"href":"https:\/\/roveyayinevi.com.tr\/index.php\/wp-json\/wp\/v2\/product"}],"about":[{"href":"https:\/\/roveyayinevi.com.tr\/index.php\/wp-json\/wp\/v2\/types\/product"}],"wp:attachment":[{"href":"https:\/\/roveyayinevi.com.tr\/index.php\/wp-json\/wp\/v2\/media?parent=726387"}],"wp:term":[{"taxonomy":"product_brand","embeddable":true,"href":"https:\/\/roveyayinevi.com.tr\/index.php\/wp-json\/wp\/v2\/product_brand?post=726387"},{"taxonomy":"product_cat","embeddable":true,"href":"https:\/\/roveyayinevi.com.tr\/index.php\/wp-json\/wp\/v2\/product_cat?post=726387"},{"taxonomy":"product_tag","embeddable":true,"href":"https:\/\/roveyayinevi.com.tr\/index.php\/wp-json\/wp\/v2\/product_tag?post=726387"}],"curies":[{"name":"wp","href":"https:\/\/api.w.org\/{rel}","templated":true}]}}