{"id":726386,"date":"2025-08-27T20:05:15","date_gmt":"2025-08-27T17:05:15","guid":{"rendered":"https:\/\/roveyayinevi.com.tr\/index.php\/urun\/vathek\/"},"modified":"2026-04-16T02:34:06","modified_gmt":"2026-04-15T23:34:06","slug":"vathek","status":"publish","type":"product","link":"https:\/\/roveyayinevi.com.tr\/index.php\/urun\/vathek\/","title":{"rendered":"Vathek"},"content":{"rendered":"<p>William Beckford (1760 \u2013 1844), Vathek\u2019i hen\u00fcz 21 ya\u015f\u0131ndayken yazmaya ba\u015flam\u0131\u015ft\u0131. Metin kitap olarak 1786\u2019da bas\u0131ld\u0131. Beckford kitab\u0131n deh\u015fetli havas\u0131ndan \u00e7ekinmi\u015f, metnin Arap\u00e7adan \u00e7evrildi\u011fini ima eden bir notla bas\u0131lmas\u0131n\u0131 istemi\u015fti. Vathek, Cehennem betimlemeleri ve Do\u011fu k\u00fclt\u00fcr\u00fcne has masal havas\u0131n\u0131n m\u00fckemmel bir bile\u015fimidir. 250 y\u0131ld\u0131r s\u00fcrekli at\u0131f yap\u0131lan bir Gotik klasi\u011fi olarak okunmaya devam edecektir. <\/p>\n","protected":false},"excerpt":{"rendered":"<p>William Beckford (1760 \u2013 1844), Vathek\u2019i hen\u00fcz 21 ya\u015f\u0131ndayken yazmaya ba\u015flam\u0131\u015ft\u0131. Metin kitap olarak 1786\u2019da bas\u0131ld\u0131. Beckford kitab\u0131n deh\u015fetli havas\u0131ndan \u00e7ekinmi\u015f, metnin Arap\u00e7adan \u00e7evrildi\u011fini ima eden<span class=\"excerpt-hellip\"> [\u2026]<\/span><\/p>\n","protected":false},"featured_media":0,"template":"","meta":{"_monsterinsights_skip_tracking":false,"_monsterinsights_sitenote_active":false,"_monsterinsights_sitenote_note":"","_monsterinsights_sitenote_category":0},"product_brand":[],"product_cat":[12291,17033],"product_tag":[],"class_list":{"0":"post-726386","1":"product","2":"type-product","3":"status-publish","5":"product_cat-edebiyat","6":"product_cat-korku-gerilim","7":"pa_cilt-ciltsiz","8":"pa_tur-kitap","9":"pa_yayinevi-cem-yayinevi","10":"pa_yazar-william-beckford","12":"first","13":"instock","14":"sale","15":"shipping-taxable","16":"purchasable","17":"product-type-simple"},"_links":{"self":[{"href":"https:\/\/roveyayinevi.com.tr\/index.php\/wp-json\/wp\/v2\/product\/726386","targetHints":{"allow":["GET"]}}],"collection":[{"href":"https:\/\/roveyayinevi.com.tr\/index.php\/wp-json\/wp\/v2\/product"}],"about":[{"href":"https:\/\/roveyayinevi.com.tr\/index.php\/wp-json\/wp\/v2\/types\/product"}],"wp:attachment":[{"href":"https:\/\/roveyayinevi.com.tr\/index.php\/wp-json\/wp\/v2\/media?parent=726386"}],"wp:term":[{"taxonomy":"product_brand","embeddable":true,"href":"https:\/\/roveyayinevi.com.tr\/index.php\/wp-json\/wp\/v2\/product_brand?post=726386"},{"taxonomy":"product_cat","embeddable":true,"href":"https:\/\/roveyayinevi.com.tr\/index.php\/wp-json\/wp\/v2\/product_cat?post=726386"},{"taxonomy":"product_tag","embeddable":true,"href":"https:\/\/roveyayinevi.com.tr\/index.php\/wp-json\/wp\/v2\/product_tag?post=726386"}],"curies":[{"name":"wp","href":"https:\/\/api.w.org\/{rel}","templated":true}]}}