{"id":726384,"date":"2025-08-27T20:05:13","date_gmt":"2025-08-27T17:05:13","guid":{"rendered":"https:\/\/roveyayinevi.com.tr\/index.php\/urun\/nicin-savas\/"},"modified":"2026-04-16T02:34:06","modified_gmt":"2026-04-15T23:34:06","slug":"nicin-savas","status":"publish","type":"product","link":"https:\/\/roveyayinevi.com.tr\/index.php\/urun\/nicin-savas\/","title":{"rendered":"Ni\u00e7in Sava\u015f?"},"content":{"rendered":"<p>Freud XX. y\u00fczy\u0131ldaki b\u00fcy\u00fck sava\u015flar\u0131 ya\u015fad\u0131, \u00e7ekilen ac\u0131lara yak\u0131ndan tan\u0131k oldu. Bilim insan\u0131 kimli\u011fine yara\u015f\u0131r bi\u00e7imde, sava\u015flar\u0131n ard\u0131ndan hem sava\u015fan insan\u0131n ruhsal durumunu inceledi, hem de yeni sava\u015flar\u0131n \u00f6nlenmesi i\u00e7in \u00e7areler arad\u0131. Ni\u00e7in Sava\u015f? kitab\u0131n\u0131 olu\u015fturan yaz\u0131lar a\u011f\u0131rl\u0131kl\u0131 olarak Freud\u2019un bu \u00e7abas\u0131n\u0131 yans\u0131tmaktad\u0131r. Freud\u2019un Einstein\u2019a yazd\u0131\u011f\u0131 mektup sava\u015f \u201chastal\u0131\u011f\u0131na\u201d, ne yaz\u0131k ki g\u00fcn\u00fcm\u00fczde de ge\u00e7erlili\u011fini koruyan bir bak\u0131\u015f i\u00e7ermektedir. Bu kitapta ayr\u0131ca, Freud\u2019un Dostoyevski ve eserlerinde baba sorununa ili\u015fkin \u00e7ok \u00f6nemli bir makalesi de yer almaktad\u0131r. <\/p>\n","protected":false},"excerpt":{"rendered":"<p>Freud XX. y\u00fczy\u0131ldaki b\u00fcy\u00fck sava\u015flar\u0131 ya\u015fad\u0131, \u00e7ekilen ac\u0131lara yak\u0131ndan tan\u0131k oldu. Bilim insan\u0131 kimli\u011fine yara\u015f\u0131r bi\u00e7imde, sava\u015flar\u0131n ard\u0131ndan hem sava\u015fan insan\u0131n ruhsal durumunu inceledi, hem de<span class=\"excerpt-hellip\"> [\u2026]<\/span><\/p>\n","protected":false},"featured_media":0,"template":"","meta":{"_monsterinsights_skip_tracking":false,"_monsterinsights_sitenote_active":false,"_monsterinsights_sitenote_note":"","_monsterinsights_sitenote_category":0},"product_brand":[],"product_cat":[12358,12357],"product_tag":[],"class_list":{"0":"post-726384","1":"product","2":"type-product","3":"status-publish","5":"product_cat-genel-psikoloji","6":"product_cat-psikoloji","7":"pa_cilt-ciltsiz","8":"pa_tur-kitap","9":"pa_yayinevi-cem-yayinevi","10":"pa_yazar-sigmund-freud","12":"first","13":"instock","14":"sale","15":"shipping-taxable","16":"purchasable","17":"product-type-simple"},"_links":{"self":[{"href":"https:\/\/roveyayinevi.com.tr\/index.php\/wp-json\/wp\/v2\/product\/726384","targetHints":{"allow":["GET"]}}],"collection":[{"href":"https:\/\/roveyayinevi.com.tr\/index.php\/wp-json\/wp\/v2\/product"}],"about":[{"href":"https:\/\/roveyayinevi.com.tr\/index.php\/wp-json\/wp\/v2\/types\/product"}],"wp:attachment":[{"href":"https:\/\/roveyayinevi.com.tr\/index.php\/wp-json\/wp\/v2\/media?parent=726384"}],"wp:term":[{"taxonomy":"product_brand","embeddable":true,"href":"https:\/\/roveyayinevi.com.tr\/index.php\/wp-json\/wp\/v2\/product_brand?post=726384"},{"taxonomy":"product_cat","embeddable":true,"href":"https:\/\/roveyayinevi.com.tr\/index.php\/wp-json\/wp\/v2\/product_cat?post=726384"},{"taxonomy":"product_tag","embeddable":true,"href":"https:\/\/roveyayinevi.com.tr\/index.php\/wp-json\/wp\/v2\/product_tag?post=726384"}],"curies":[{"name":"wp","href":"https:\/\/api.w.org\/{rel}","templated":true}]}}