{"id":726382,"date":"2025-08-27T20:05:12","date_gmt":"2025-08-27T17:05:12","guid":{"rendered":"https:\/\/roveyayinevi.com.tr\/index.php\/urun\/havari\/"},"modified":"2026-04-16T02:34:06","modified_gmt":"2026-04-15T23:34:06","slug":"havari","status":"publish","type":"product","link":"https:\/\/roveyayinevi.com.tr\/index.php\/urun\/havari\/","title":{"rendered":"Havari"},"content":{"rendered":"<p>Nat\u00fcralizmin \u00f6nc\u00fc yazarlar\u0131ndan olan Gerhart Hauptmann, ak\u0131m\u0131n en se\u00e7kin \u00f6rneklerinden birini tiyatro alan\u0131nda vermi\u015f, Dokumac\u0131lar oyunuyla \u00fcn kazanm\u0131\u015ft\u0131r. Hauptmann tiyatro metinlerinin yan\u0131s\u0131ra \u00f6yk\u00fcler de kaleme alm\u0131\u015ft\u0131r.G\u00fcndelik ya\u015famda gizli d\u00fcnya ger\u00e7ekli\u011fine s\u00fcrekli vurgu yapan Hauptmann \u00f6yk\u00fcleri, nat\u00fcralizmin se\u00e7kin \u00f6rnekleridir. Hauptmann 1912 y\u0131l\u0131nda Nobel Edebiyat \u00d6d\u00fcl\u00fc\u2019ne lay\u0131k g\u00f6r\u00fclm\u00fc\u015ft\u00fcr.<\/p>\n","protected":false},"excerpt":{"rendered":"<p>Nat\u00fcralizmin \u00f6nc\u00fc yazarlar\u0131ndan olan Gerhart Hauptmann, ak\u0131m\u0131n en se\u00e7kin \u00f6rneklerinden birini tiyatro alan\u0131nda vermi\u015f, Dokumac\u0131lar oyunuyla \u00fcn kazanm\u0131\u015ft\u0131r. Hauptmann tiyatro metinlerinin yan\u0131s\u0131ra \u00f6yk\u00fcler de kaleme alm\u0131\u015ft\u0131r.G\u00fcndelik<span class=\"excerpt-hellip\"> [\u2026]<\/span><\/p>\n","protected":false},"featured_media":0,"template":"","meta":{"_monsterinsights_skip_tracking":false,"_monsterinsights_sitenote_active":false,"_monsterinsights_sitenote_note":"","_monsterinsights_sitenote_category":0},"product_brand":[],"product_cat":[13661,12291],"product_tag":[],"class_list":{"0":"post-726382","1":"product","2":"type-product","3":"status-publish","5":"product_cat-diger-ulke-edebiyatlari","6":"product_cat-edebiyat","7":"pa_cilt-ciltsiz","8":"pa_tur-kitap","9":"pa_yayinevi-cem-yayinevi","10":"pa_yazar-gerhart-hauptmann","12":"first","13":"instock","14":"sale","15":"shipping-taxable","16":"purchasable","17":"product-type-simple"},"_links":{"self":[{"href":"https:\/\/roveyayinevi.com.tr\/index.php\/wp-json\/wp\/v2\/product\/726382","targetHints":{"allow":["GET"]}}],"collection":[{"href":"https:\/\/roveyayinevi.com.tr\/index.php\/wp-json\/wp\/v2\/product"}],"about":[{"href":"https:\/\/roveyayinevi.com.tr\/index.php\/wp-json\/wp\/v2\/types\/product"}],"wp:attachment":[{"href":"https:\/\/roveyayinevi.com.tr\/index.php\/wp-json\/wp\/v2\/media?parent=726382"}],"wp:term":[{"taxonomy":"product_brand","embeddable":true,"href":"https:\/\/roveyayinevi.com.tr\/index.php\/wp-json\/wp\/v2\/product_brand?post=726382"},{"taxonomy":"product_cat","embeddable":true,"href":"https:\/\/roveyayinevi.com.tr\/index.php\/wp-json\/wp\/v2\/product_cat?post=726382"},{"taxonomy":"product_tag","embeddable":true,"href":"https:\/\/roveyayinevi.com.tr\/index.php\/wp-json\/wp\/v2\/product_tag?post=726382"}],"curies":[{"name":"wp","href":"https:\/\/api.w.org\/{rel}","templated":true}]}}