{"id":726381,"date":"2025-08-27T20:05:11","date_gmt":"2025-08-27T17:05:11","guid":{"rendered":"https:\/\/roveyayinevi.com.tr\/index.php\/urun\/oluler-susar\/"},"modified":"2026-04-16T02:34:06","modified_gmt":"2026-04-15T23:34:06","slug":"oluler-susar","status":"publish","type":"product","link":"https:\/\/roveyayinevi.com.tr\/index.php\/urun\/oluler-susar\/","title":{"rendered":"\u00d6l\u00fcler Susar"},"content":{"rendered":"<p>Kendisiyle yap\u0131lan bir s\u00f6yle\u015fide, eserlerinde neden hep benzer konular\u0131 i\u015fledi\u011fi sorusu \u00fczerine, \u201cBen a\u015fk ve \u00f6l\u00fcm \u00fczerine yazar\u0131m. Bunlardan ba\u015fka yaz\u0131lacak bir konu olabilir mi?\u201d diyen Arthur Schnitzler (1862-1931) XIX. y\u00fczy\u0131l sonu Viyana\u2019s\u0131n\u0131n \u00e7\u00f6k\u00fc\u015f d\u00f6nemini anlatan bir yazard\u0131r. Tan\u0131nm\u0131\u015f \u00f6yk\u00fcs\u00fc Te\u011fmen Gustl, Almancada birinci tekil ki\u015fi a\u011fz\u0131ndan yaz\u0131lm\u0131\u015f, bilin\u00e7 ak\u0131\u015f\u0131 tekni\u011fi kullan\u0131lan ilk \u00f6yk\u00fcd\u00fcr. Bu olumsuz kahraman \u00f6yk\u00fcs\u00fc, ordunun tutucu kurallar\u0131n\u0131 ve kabuktan ibaret onur anlay\u0131\u015f\u0131n\u0131 hedef al\u0131r. \u00d6yk\u00fc, Schnitzler\u2019in t\u0131bbi kurul \u00fcyesi olarak s\u00fcrd\u00fcrd\u00fc\u011f\u00fc yedek subayl\u0131k g\u00f6revinden ayr\u0131lmak zorunda kalmas\u0131na neden olur. Freud, Schnitzler\u2019e yazd\u0131\u011f\u0131 bir mektupta, \u201cSizin \u00f6nsezilerinizin g\u00fcc\u00fc ve duygusal g\u00f6zlemlerinizin g\u00fcncelli\u011fi sayesinde izlenimlerim zenginle\u015fti; bunlar di\u011fer insanlar \u00fczerinde yorucu \u00e7al\u0131\u015fmalar sonucu elde edebildi\u011fimden \u00e7ok daha fazlayd\u0131,\u201d diye itiraf eder. Schnitzler Avrupa modern edebiyat\u0131n\u0131n \u00f6nc\u00fclerindendir<\/p>\n","protected":false},"excerpt":{"rendered":"<p>Kendisiyle yap\u0131lan bir s\u00f6yle\u015fide, eserlerinde neden hep benzer konular\u0131 i\u015fledi\u011fi sorusu \u00fczerine, \u201cBen a\u015fk ve \u00f6l\u00fcm \u00fczerine yazar\u0131m. Bunlardan ba\u015fka yaz\u0131lacak bir konu olabilir mi?\u201d diyen<span class=\"excerpt-hellip\"> [\u2026]<\/span><\/p>\n","protected":false},"featured_media":0,"template":"","meta":{"_monsterinsights_skip_tracking":false,"_monsterinsights_sitenote_active":false,"_monsterinsights_sitenote_note":"","_monsterinsights_sitenote_category":0},"product_brand":[],"product_cat":[13661,12291],"product_tag":[],"class_list":{"0":"post-726381","1":"product","2":"type-product","3":"status-publish","5":"product_cat-diger-ulke-edebiyatlari","6":"product_cat-edebiyat","7":"pa_cilt-ciltsiz","8":"pa_tur-kitap","9":"pa_yayinevi-cem-yayinevi","10":"pa_yazar-arthur-schnitzler","12":"first","13":"instock","14":"sale","15":"shipping-taxable","16":"purchasable","17":"product-type-simple"},"_links":{"self":[{"href":"https:\/\/roveyayinevi.com.tr\/index.php\/wp-json\/wp\/v2\/product\/726381","targetHints":{"allow":["GET"]}}],"collection":[{"href":"https:\/\/roveyayinevi.com.tr\/index.php\/wp-json\/wp\/v2\/product"}],"about":[{"href":"https:\/\/roveyayinevi.com.tr\/index.php\/wp-json\/wp\/v2\/types\/product"}],"wp:attachment":[{"href":"https:\/\/roveyayinevi.com.tr\/index.php\/wp-json\/wp\/v2\/media?parent=726381"}],"wp:term":[{"taxonomy":"product_brand","embeddable":true,"href":"https:\/\/roveyayinevi.com.tr\/index.php\/wp-json\/wp\/v2\/product_brand?post=726381"},{"taxonomy":"product_cat","embeddable":true,"href":"https:\/\/roveyayinevi.com.tr\/index.php\/wp-json\/wp\/v2\/product_cat?post=726381"},{"taxonomy":"product_tag","embeddable":true,"href":"https:\/\/roveyayinevi.com.tr\/index.php\/wp-json\/wp\/v2\/product_tag?post=726381"}],"curies":[{"name":"wp","href":"https:\/\/api.w.org\/{rel}","templated":true}]}}