{"id":726376,"date":"2025-08-27T20:05:07","date_gmt":"2025-08-27T17:05:07","guid":{"rendered":"https:\/\/roveyayinevi.com.tr\/index.php\/urun\/kimya\/"},"modified":"2026-04-16T02:34:06","modified_gmt":"2026-04-15T23:34:06","slug":"kimya","status":"publish","type":"product","link":"https:\/\/roveyayinevi.com.tr\/index.php\/urun\/kimya\/","title":{"rendered":"Kimya"},"content":{"rendered":"<p>D\u00fcnyada ilk kez, \u00f6zg\u00fcn bir fikirle yaz\u0131lan bu nadide tiyatro eseri Kimya\u2019n\u0131n, \u00fclkemizden \u00e7\u0131kmas\u0131, sanat tarihine yak\u0131ndan tan\u0131kl\u0131k etme f\u0131rsat\u0131 veriyor. Tiyatronun kimyas\u0131 de\u011fi\u015fiyor. T\u00fcrk Tiyatrosu\u2019nun art\u0131k yeni bir s\u00f6z\u00fc var: Holografik Tiyatro. Hololgrafik Tiyatro, yeni bir tiyatro fikri ve tekni\u011fidir. Yazar, bu yeni fikri bulu\u015funu; tiyatronun ana unsurlar\u0131n\u0131 koruyarak, hologram teknolojisi ve \u201cyaz\u0131l\u0131 eser\u201d \u00fczerine detaylar\u0131yla temellendiriyor. Eskiyi y\u0131k\u0131yor ve \u201cyeni\u201d nin pe\u015fine hepimizi s\u00fcr\u00fckl\u00fcyor&#8230; Oyun boyunca sahnede \u201cayn\u0131 ki\u015fiden iki tane\u201d olmas\u0131, ger\u00e7ek Kimya\u2019y\u0131 bulmay\u0131 zorla\u015ft\u0131r\u0131rken Kimya, \u015eems\u2019in Allah a\u015fk\u0131 ile kendi g\u00f6n\u00fcl a\u015fk\u0131 aras\u0131nda s\u0131k\u0131\u015fan, i\u00e7 hesapla\u015fmas\u0131 bitmeyen bir oyuncu. Sahnede \u0131\u015f\u0131klar alt\u0131nda k\u0131vranan, ba\u015fkalar\u0131na kulaklar\u0131n\u0131 t\u0131kad\u0131k\u00e7a yaln\u0131zla\u015fan Kimya Hatun\u2019un sanc\u0131lar\u0131na \u015fahit oldu\u011fumuz tiyatro metni ile yazar; oyunu ilk s\u0131ralardan izliyormu\u015f hissine kap\u0131lman\u0131za neden oluyor. Tek ki\u015filik gibi g\u00f6r\u00fcnen bu kad\u0131n oyununu yazar; \u00e7a\u011f\u0131n\u0131 a\u015fan, yenilik\u00e7i ve bilim kurgu tarz\u0131nda, yedi katmanl\u0131 bir hikaye olarak tasarlam\u0131\u015f. Yazar, her katmanda okuyucuyla da oyun oynamay\u0131 ihmal etmiyor&#8230; Haz\u0131r m\u0131s\u0131n?<\/p>\n","protected":false},"excerpt":{"rendered":"<p>D\u00fcnyada ilk kez, \u00f6zg\u00fcn bir fikirle yaz\u0131lan bu nadide tiyatro eseri Kimya\u2019n\u0131n, \u00fclkemizden \u00e7\u0131kmas\u0131, sanat tarihine yak\u0131ndan tan\u0131kl\u0131k etme f\u0131rsat\u0131 veriyor. Tiyatronun kimyas\u0131 de\u011fi\u015fiyor. T\u00fcrk Tiyatrosu\u2019nun<span class=\"excerpt-hellip\"> [\u2026]<\/span><\/p>\n","protected":false},"featured_media":0,"template":"","meta":{"_monsterinsights_skip_tracking":false,"_monsterinsights_sitenote_active":false,"_monsterinsights_sitenote_note":"","_monsterinsights_sitenote_category":0},"product_brand":[],"product_cat":[12409,12408],"product_tag":[],"class_list":{"0":"post-726376","1":"product","2":"type-product","3":"status-publish","5":"product_cat-fotograf-sinema-tiyatro","6":"product_cat-sanat","7":"pa_cilt-ciltsiz","8":"pa_tur-kitap","9":"pa_yayinevi-herdem-kitap","10":"pa_yazar-yesim-uludag","12":"first","13":"instock","14":"sale","15":"shipping-taxable","16":"purchasable","17":"product-type-simple"},"_links":{"self":[{"href":"https:\/\/roveyayinevi.com.tr\/index.php\/wp-json\/wp\/v2\/product\/726376","targetHints":{"allow":["GET"]}}],"collection":[{"href":"https:\/\/roveyayinevi.com.tr\/index.php\/wp-json\/wp\/v2\/product"}],"about":[{"href":"https:\/\/roveyayinevi.com.tr\/index.php\/wp-json\/wp\/v2\/types\/product"}],"wp:attachment":[{"href":"https:\/\/roveyayinevi.com.tr\/index.php\/wp-json\/wp\/v2\/media?parent=726376"}],"wp:term":[{"taxonomy":"product_brand","embeddable":true,"href":"https:\/\/roveyayinevi.com.tr\/index.php\/wp-json\/wp\/v2\/product_brand?post=726376"},{"taxonomy":"product_cat","embeddable":true,"href":"https:\/\/roveyayinevi.com.tr\/index.php\/wp-json\/wp\/v2\/product_cat?post=726376"},{"taxonomy":"product_tag","embeddable":true,"href":"https:\/\/roveyayinevi.com.tr\/index.php\/wp-json\/wp\/v2\/product_tag?post=726376"}],"curies":[{"name":"wp","href":"https:\/\/api.w.org\/{rel}","templated":true}]}}