{"id":726373,"date":"2025-08-27T20:05:04","date_gmt":"2025-08-27T17:05:04","guid":{"rendered":"https:\/\/roveyayinevi.com.tr\/index.php\/urun\/sefalet-emine-semiye-kitapligi-1\/"},"modified":"2026-04-16T02:34:06","modified_gmt":"2026-04-15T23:34:06","slug":"sefalet-emine-semiye-kitapligi-1","status":"publish","type":"product","link":"https:\/\/roveyayinevi.com.tr\/index.php\/urun\/sefalet-emine-semiye-kitapligi-1\/","title":{"rendered":"Sefalet &#8211; Emine Semiye Kitapl\u0131\u011f\u0131 1"},"content":{"rendered":"<p>Osmanl\u0131 kad\u0131n hareketinin en \u00f6nemli isimlerinden Emine Semiye Han\u0131m (1864-1944), y\u00fcz y\u0131l\u0131 a\u015fk\u0131n bir unutulu\u015fun ard\u0131ndan edebiyat ve tarih sahnesinde hak etti\u011fi yeri edinmeye ba\u015fl\u0131yor. \u00dcnl\u00fc tarih\u00e7i Ahmet Cevdet Pa\u015fan\u0131n k\u0131z\u0131 olan Emine Semiye, ablas\u0131 Fatma Aliye gibi, 21. y\u00fczy\u0131lda yeniden ke\u015ffediliyor ve gazetelerde kalm\u0131\u015f tefrikalar\u0131, Osmanl\u0131\u2019n\u0131n son y\u00fczy\u0131l\u0131n\u0131n toplumsal yap\u0131s\u0131na \u0131\u015f\u0131k tutan roman ve hik\u00e2yeleri, d\u00f6nemin siyasetiyle yak\u0131ndan ilintili gazete yaz\u0131lar\u0131, Vak\u0131fBank K\u00fclt\u00fcr Yay\u0131nlar\u0131 b\u00fcnyesinde Latin harfleriyle okurlar\u0131na kavu\u015fuyor. Emine Semiye\u2019nin b\u00fct\u00fcn eserlerinin okurlar\u0131n ilgisine sunulmas\u0131n\u0131 ama\u00e7layan bu serinin ilk cildi Sefalet. Bu \u00f6nemli roman sadece edebiyatseverler i\u00e7in de\u011fil, Osmanl\u0131 Ayd\u0131nlanmas\u0131n\u0131n toplumsal ve siyasal y\u00f6nlerini kad\u0131n hareketi \u00fczerinden anlamak isteyen b\u00fct\u00fcn ara\u015ft\u0131rmac\u0131lar ve tarihseverler i\u00e7in de e\u015fsiz bir kaynak.<\/p>\n","protected":false},"excerpt":{"rendered":"<p>Osmanl\u0131 kad\u0131n hareketinin en \u00f6nemli isimlerinden Emine Semiye Han\u0131m (1864-1944), y\u00fcz y\u0131l\u0131 a\u015fk\u0131n bir unutulu\u015fun ard\u0131ndan edebiyat ve tarih sahnesinde hak etti\u011fi yeri edinmeye ba\u015fl\u0131yor. \u00dcnl\u00fc<span class=\"excerpt-hellip\"> [\u2026]<\/span><\/p>\n","protected":false},"featured_media":0,"template":"","meta":{"_monsterinsights_skip_tracking":false,"_monsterinsights_sitenote_active":false,"_monsterinsights_sitenote_note":"","_monsterinsights_sitenote_category":0},"product_brand":[],"product_cat":[13517,12304],"product_tag":[],"class_list":{"0":"post-726373","1":"product","2":"type-product","3":"status-publish","5":"product_cat-osmanli-tarihi","6":"product_cat-tarih","7":"pa_cilt-ciltsiz","8":"pa_tur-kitap","9":"pa_yayinevi-vakifbank-kultur-yayinlari","10":"pa_yazar-tugba-sivri","12":"first","13":"instock","14":"sale","15":"shipping-taxable","16":"purchasable","17":"product-type-simple"},"_links":{"self":[{"href":"https:\/\/roveyayinevi.com.tr\/index.php\/wp-json\/wp\/v2\/product\/726373","targetHints":{"allow":["GET"]}}],"collection":[{"href":"https:\/\/roveyayinevi.com.tr\/index.php\/wp-json\/wp\/v2\/product"}],"about":[{"href":"https:\/\/roveyayinevi.com.tr\/index.php\/wp-json\/wp\/v2\/types\/product"}],"wp:attachment":[{"href":"https:\/\/roveyayinevi.com.tr\/index.php\/wp-json\/wp\/v2\/media?parent=726373"}],"wp:term":[{"taxonomy":"product_brand","embeddable":true,"href":"https:\/\/roveyayinevi.com.tr\/index.php\/wp-json\/wp\/v2\/product_brand?post=726373"},{"taxonomy":"product_cat","embeddable":true,"href":"https:\/\/roveyayinevi.com.tr\/index.php\/wp-json\/wp\/v2\/product_cat?post=726373"},{"taxonomy":"product_tag","embeddable":true,"href":"https:\/\/roveyayinevi.com.tr\/index.php\/wp-json\/wp\/v2\/product_tag?post=726373"}],"curies":[{"name":"wp","href":"https:\/\/api.w.org\/{rel}","templated":true}]}}