{"id":726372,"date":"2025-08-27T20:05:04","date_gmt":"2025-08-27T17:05:04","guid":{"rendered":"https:\/\/roveyayinevi.com.tr\/index.php\/urun\/devlet-hava-yollari\/"},"modified":"2026-04-16T02:34:06","modified_gmt":"2026-04-15T23:34:06","slug":"devlet-hava-yollari","status":"publish","type":"product","link":"https:\/\/roveyayinevi.com.tr\/index.php\/urun\/devlet-hava-yollari\/","title":{"rendered":"Devlet Hava Yollar\u0131"},"content":{"rendered":"<p>Abdullah Nergiz, yurti\u00e7i ve yurtd\u0131\u015f\u0131ndaki ar\u015fivlerden, ilgili kurumlar\u0131n evrak\u0131ndan ve ki\u015fisel koleksiyonlar dahil olmak \u00fczere literat\u00fcrdeki her t\u00fcrl\u00fc kaynaktan yararlanarak kaleme ald\u0131\u011f\u0131 bu kitapta, Osmanl\u0131-T\u00fcrk modernle\u015fmesinin dikkat \u00e7ekici kurumsalla\u015fma \u00f6yk\u00fclerinden biri olan sivil havac\u0131l\u0131\u011f\u0131n tarihine yak\u0131ndan bak\u0131yor. T\u00fcrk sivil havac\u0131l\u0131\u011f\u0131n\u0131n do\u011fu\u015f ve geli\u015fim d\u00f6nemini, milli kimlik in\u015fas\u0131 ve milli iktisat politikalar\u0131n\u0131n bir uzant\u0131s\u0131 olarak ele al\u0131p analiz eden Nergiz, \u00e7al\u0131\u015fmas\u0131nda, ilk yerli u\u00e7ak fabrikas\u0131 projesinden ilk u\u00e7ak al\u0131m\u0131na, ilk havaliman\u0131 tesisinden ilk u\u00e7u\u015f deneyimine kadar pek \u00e7ok ilgi \u00e7ekici konu ba\u015fl\u0131\u011f\u0131na yer veriyor. Devlet Hava Yollar\u0131: T\u00fcrkiye\u2019de Sivil Havac\u0131l\u0131\u011f\u0131n Do\u011fu\u015fu (1933-1956) 1930\u2019lardan 1950\u2019lere dek de\u011fi\u015fen uluslararas\u0131 siyasi arenada \u0130ngiliz, Alman ve Amerikan sanayii ile T\u00fcrk havac\u0131l\u0131\u011f\u0131 aras\u0131ndaki ili\u015fkilere de yer vererek okurlar\u0131na \u00e7ok geni\u015f bir perspektif sunuyor.<\/p>\n","protected":false},"excerpt":{"rendered":"<p>Abdullah Nergiz, yurti\u00e7i ve yurtd\u0131\u015f\u0131ndaki ar\u015fivlerden, ilgili kurumlar\u0131n evrak\u0131ndan ve ki\u015fisel koleksiyonlar dahil olmak \u00fczere literat\u00fcrdeki her t\u00fcrl\u00fc kaynaktan yararlanarak kaleme ald\u0131\u011f\u0131 bu kitapta, Osmanl\u0131-T\u00fcrk modernle\u015fmesinin<span class=\"excerpt-hellip\"> [\u2026]<\/span><\/p>\n","protected":false},"featured_media":0,"template":"","meta":{"_monsterinsights_skip_tracking":false,"_monsterinsights_sitenote_active":false,"_monsterinsights_sitenote_note":"","_monsterinsights_sitenote_category":0},"product_brand":[],"product_cat":[12304,13650],"product_tag":[],"class_list":{"0":"post-726372","1":"product","2":"type-product","3":"status-publish","5":"product_cat-tarih","6":"product_cat-turk-tarihi-arastirmalari","7":"pa_cilt-ciltsiz","8":"pa_tur-kitap","9":"pa_yayinevi-vakifbank-kultur-yayinlari","10":"pa_yazar-abdullah-nergiz","12":"first","13":"instock","14":"sale","15":"shipping-taxable","16":"purchasable","17":"product-type-simple"},"_links":{"self":[{"href":"https:\/\/roveyayinevi.com.tr\/index.php\/wp-json\/wp\/v2\/product\/726372","targetHints":{"allow":["GET"]}}],"collection":[{"href":"https:\/\/roveyayinevi.com.tr\/index.php\/wp-json\/wp\/v2\/product"}],"about":[{"href":"https:\/\/roveyayinevi.com.tr\/index.php\/wp-json\/wp\/v2\/types\/product"}],"wp:attachment":[{"href":"https:\/\/roveyayinevi.com.tr\/index.php\/wp-json\/wp\/v2\/media?parent=726372"}],"wp:term":[{"taxonomy":"product_brand","embeddable":true,"href":"https:\/\/roveyayinevi.com.tr\/index.php\/wp-json\/wp\/v2\/product_brand?post=726372"},{"taxonomy":"product_cat","embeddable":true,"href":"https:\/\/roveyayinevi.com.tr\/index.php\/wp-json\/wp\/v2\/product_cat?post=726372"},{"taxonomy":"product_tag","embeddable":true,"href":"https:\/\/roveyayinevi.com.tr\/index.php\/wp-json\/wp\/v2\/product_tag?post=726372"}],"curies":[{"name":"wp","href":"https:\/\/api.w.org\/{rel}","templated":true}]}}