{"id":726371,"date":"2025-08-27T20:05:03","date_gmt":"2025-08-27T17:05:03","guid":{"rendered":"https:\/\/roveyayinevi.com.tr\/index.php\/urun\/bir-osmanli-muftusunun-gozunden-atina-tarihi\/"},"modified":"2026-04-16T02:34:06","modified_gmt":"2026-04-15T23:34:06","slug":"bir-osmanli-muftusunun-gozunden-atina-tarihi","status":"publish","type":"product","link":"https:\/\/roveyayinevi.com.tr\/index.php\/urun\/bir-osmanli-muftusunun-gozunden-atina-tarihi\/","title":{"rendered":"Bir Osmanl\u0131 M\u00fcft\u00fcs\u00fcn\u00fcn G\u00f6z\u00fcnden Atina Tarihi"},"content":{"rendered":"<p>Vak\u0131fBank K\u00fclt\u00fcr Yay\u0131nlar\u0131 medeniyetimizin tozlu raflarda unutulan de\u011ferli bir eserini yakla\u015f\u0131k \u00fc\u00e7 y\u00fczy\u0131l sonra okurlar\u0131n ilgisine sunuyor. 1688-1715 tarihleri aras\u0131nda Atina\u2019da ya\u015fam\u0131\u015f bir Osmanl\u0131 m\u00fcft\u00fcs\u00fc olan Mahmud Efendi taraf\u0131ndan 1730\u2019lu y\u0131llar\u0131n sonunda kaleme al\u0131nan ve Atina\u2019n\u0131n kadim tarihine dair yaz\u0131lm\u0131\u015f ilk Osmanl\u0131ca eser olma \u00f6zelli\u011fini ta\u015f\u0131yan T\u00e2rih-i Med\u00eenet\u00fc\u2019l-Hukem\u00e2, tarih\u00e7i G\u00fcl\u00e7in Tunal\u0131\u2019n\u0131n Ruhr \u00dcniversitesi\u2019ndeki doktora \u00e7al\u0131\u015fmas\u0131n\u0131n ke\u015fifleri ve yeni bulgular\u0131 e\u015fli\u011finde nihayet g\u00fcn y\u00fcz\u00fcne \u00e7\u0131k\u0131yor. Athena\u2019dan Sokrates\u2019e, Perslerden Spartal\u0131lara de\u011fin pek \u00e7ok ki\u015fi, konu ve olaya de\u011finen bu kapsaml\u0131 eser, on sekizinci y\u00fczy\u0131l\u0131n ba\u015flar\u0131ndaki Osmanl\u0131 entelekt\u00fcel d\u00fcnyas\u0131na, o d\u00fcnyan\u0131n kaynaklar\u0131na ve M\u00fcsl\u00fcman \u00e2limlerle Rum-Ortodoks \u00e2limlerin fikir al\u0131\u015fveri\u015flerine, i\u015fbirliklerine ve kadim tarihe bak\u0131\u015flar\u0131na dair bize hayli ilgi \u00e7ekici bilgiler sunuyor.<\/p>\n","protected":false},"excerpt":{"rendered":"<p>Vak\u0131fBank K\u00fclt\u00fcr Yay\u0131nlar\u0131 medeniyetimizin tozlu raflarda unutulan de\u011ferli bir eserini yakla\u015f\u0131k \u00fc\u00e7 y\u00fczy\u0131l sonra okurlar\u0131n ilgisine sunuyor. 1688-1715 tarihleri aras\u0131nda Atina\u2019da ya\u015fam\u0131\u015f bir Osmanl\u0131 m\u00fcft\u00fcs\u00fc olan<span class=\"excerpt-hellip\"> [\u2026]<\/span><\/p>\n","protected":false},"featured_media":0,"template":"","meta":{"_monsterinsights_skip_tracking":false,"_monsterinsights_sitenote_active":false,"_monsterinsights_sitenote_note":"","_monsterinsights_sitenote_category":0},"product_brand":[],"product_cat":[13517,12304],"product_tag":[],"class_list":{"0":"post-726371","1":"product","2":"type-product","3":"status-publish","5":"product_cat-osmanli-tarihi","6":"product_cat-tarih","7":"pa_cilt-ciltsiz","8":"pa_tur-kitap","9":"pa_yayinevi-vakifbank-kultur-yayinlari","10":"pa_yazar-gulcin-tunali","12":"first","13":"instock","14":"sale","15":"shipping-taxable","16":"purchasable","17":"product-type-simple"},"_links":{"self":[{"href":"https:\/\/roveyayinevi.com.tr\/index.php\/wp-json\/wp\/v2\/product\/726371","targetHints":{"allow":["GET"]}}],"collection":[{"href":"https:\/\/roveyayinevi.com.tr\/index.php\/wp-json\/wp\/v2\/product"}],"about":[{"href":"https:\/\/roveyayinevi.com.tr\/index.php\/wp-json\/wp\/v2\/types\/product"}],"wp:attachment":[{"href":"https:\/\/roveyayinevi.com.tr\/index.php\/wp-json\/wp\/v2\/media?parent=726371"}],"wp:term":[{"taxonomy":"product_brand","embeddable":true,"href":"https:\/\/roveyayinevi.com.tr\/index.php\/wp-json\/wp\/v2\/product_brand?post=726371"},{"taxonomy":"product_cat","embeddable":true,"href":"https:\/\/roveyayinevi.com.tr\/index.php\/wp-json\/wp\/v2\/product_cat?post=726371"},{"taxonomy":"product_tag","embeddable":true,"href":"https:\/\/roveyayinevi.com.tr\/index.php\/wp-json\/wp\/v2\/product_tag?post=726371"}],"curies":[{"name":"wp","href":"https:\/\/api.w.org\/{rel}","templated":true}]}}