{"id":726369,"date":"2025-08-27T20:05:02","date_gmt":"2025-08-27T17:05:02","guid":{"rendered":"https:\/\/roveyayinevi.com.tr\/index.php\/urun\/fen-bilimleri-ve-muhendislikte-kisilik\/"},"modified":"2026-04-16T02:34:06","modified_gmt":"2026-04-15T23:34:06","slug":"fen-bilimleri-ve-muhendislikte-kisilik","status":"publish","type":"product","link":"https:\/\/roveyayinevi.com.tr\/index.php\/urun\/fen-bilimleri-ve-muhendislikte-kisilik\/","title":{"rendered":"Fen Bilimleri ve M\u00fchendislikte Ki\u015filik"},"content":{"rendered":"<p>\u0130\u00e7indekiler TABLOLAR L\u0130STES\u0130 \u015eEK\u0130LLER L\u0130STES\u0130 1 B\u00d6L\u00dcM:  FTMM ALANLARINDA BA\u015eARI VE TUTUM YORDAYICILARI NELERD\u0130R? 2. B\u00d6L\u00dcM: K\u0130\u015e\u0130L\u0130K FTMM B\u0130REYLER\u0130 \u0130\u00c7\u0130N D\u0130\u011eER MESLEK\u0130 GRUPLARDAN FARKLI MI? 3. B\u00d6L\u00dcM: K\u0130\u015e\u0130L\u0130K FTMM ALANLARINDA MESLEK\u0130 TUTUM VE BA\u015eARIYI YORDAR MI? 4. B\u00d6L\u00dcM:  BA\u015eARMA MOT\u0130VASYONU: T\u00dcRK\u0130YE\u2019DE Y\u00dcR\u00dcT\u00dcLM\u00dc\u015e B\u0130R ARA\u015eTIRMA 5. B\u00d6L\u00dcM: FTMM ALANLARINA Y\u00d6NELME VE BA\u015eARI: \u00d6ZET VE \u00d6NER\u0130LER <\/p>\n","protected":false},"excerpt":{"rendered":"<p>\u0130\u00e7indekiler TABLOLAR L\u0130STES\u0130 \u015eEK\u0130LLER L\u0130STES\u0130 1 B\u00d6L\u00dcM: FTMM ALANLARINDA BA\u015eARI VE TUTUM YORDAYICILARI NELERD\u0130R? 2. B\u00d6L\u00dcM: K\u0130\u015e\u0130L\u0130K FTMM B\u0130REYLER\u0130 \u0130\u00c7\u0130N D\u0130\u011eER MESLEK\u0130 GRUPLARDAN FARKLI MI? 3.<span class=\"excerpt-hellip\"> [\u2026]<\/span><\/p>\n","protected":false},"featured_media":0,"template":"","meta":{"_monsterinsights_skip_tracking":false,"_monsterinsights_sitenote_active":false,"_monsterinsights_sitenote_note":"","_monsterinsights_sitenote_category":0},"product_brand":[],"product_cat":[12358,12357],"product_tag":[],"class_list":{"0":"post-726369","1":"product","2":"type-product","3":"status-publish","5":"product_cat-genel-psikoloji","6":"product_cat-psikoloji","7":"pa_cilt-ciltsiz","8":"pa_tur-kitap","9":"pa_yayinevi-gazi-kitabevi","10":"pa_yazar-yonca-toker","12":"first","13":"instock","14":"sale","15":"shipping-taxable","16":"purchasable","17":"product-type-simple"},"_links":{"self":[{"href":"https:\/\/roveyayinevi.com.tr\/index.php\/wp-json\/wp\/v2\/product\/726369","targetHints":{"allow":["GET"]}}],"collection":[{"href":"https:\/\/roveyayinevi.com.tr\/index.php\/wp-json\/wp\/v2\/product"}],"about":[{"href":"https:\/\/roveyayinevi.com.tr\/index.php\/wp-json\/wp\/v2\/types\/product"}],"wp:attachment":[{"href":"https:\/\/roveyayinevi.com.tr\/index.php\/wp-json\/wp\/v2\/media?parent=726369"}],"wp:term":[{"taxonomy":"product_brand","embeddable":true,"href":"https:\/\/roveyayinevi.com.tr\/index.php\/wp-json\/wp\/v2\/product_brand?post=726369"},{"taxonomy":"product_cat","embeddable":true,"href":"https:\/\/roveyayinevi.com.tr\/index.php\/wp-json\/wp\/v2\/product_cat?post=726369"},{"taxonomy":"product_tag","embeddable":true,"href":"https:\/\/roveyayinevi.com.tr\/index.php\/wp-json\/wp\/v2\/product_tag?post=726369"}],"curies":[{"name":"wp","href":"https:\/\/api.w.org\/{rel}","templated":true}]}}