{"id":726367,"date":"2025-08-27T20:05:00","date_gmt":"2025-08-27T17:05:00","guid":{"rendered":"https:\/\/roveyayinevi.com.tr\/index.php\/urun\/spinoza-ve-ickin-siyaset-dusuncesi\/"},"modified":"2026-04-16T02:34:06","modified_gmt":"2026-04-15T23:34:06","slug":"spinoza-ve-ickin-siyaset-dusuncesi","status":"publish","type":"product","link":"https:\/\/roveyayinevi.com.tr\/index.php\/urun\/spinoza-ve-ickin-siyaset-dusuncesi\/","title":{"rendered":"Spinoza ve \u0130\u00e7kin Siyaset D\u00fc\u015f\u00fcncesi"},"content":{"rendered":"<p>\u0130\u00e7indekiler G\u0130R\u0130\u015e 1. B\u00f6l\u00fcm: A\u015fk\u0131nl\u0131ktan \u0130\u00e7kinli\u011fe Siyasetin Tan\u0131mlanmas\u0131 1.1. A\u015fk\u0131nc\u0131 Anlay\u0131\u015f ve Siyasete Yans\u0131malar\u0131 1.2. \u0130\u00e7kinci Anlay\u0131\u015f ve Siyasete Yans\u0131malar\u0131 2. B\u00f6l\u00fcm: Spinoza\u2019n\u0131n Siyasi D\u00fc\u015f\u00fcncesi 3. B\u00f6l\u00fcm: Spinoza\u2019n\u0131n Etkileri <\/p>\n","protected":false},"excerpt":{"rendered":"<p>\u0130\u00e7indekiler G\u0130R\u0130\u015e 1. B\u00f6l\u00fcm: A\u015fk\u0131nl\u0131ktan \u0130\u00e7kinli\u011fe Siyasetin Tan\u0131mlanmas\u0131 1.1. A\u015fk\u0131nc\u0131 Anlay\u0131\u015f ve Siyasete Yans\u0131malar\u0131 1.2. \u0130\u00e7kinci Anlay\u0131\u015f ve Siyasete Yans\u0131malar\u0131 2. B\u00f6l\u00fcm: Spinoza\u2019n\u0131n Siyasi D\u00fc\u015f\u00fcncesi 3.<span class=\"excerpt-hellip\"> [\u2026]<\/span><\/p>\n","protected":false},"featured_media":0,"template":"","meta":{"_monsterinsights_skip_tracking":false,"_monsterinsights_sitenote_active":false,"_monsterinsights_sitenote_note":"","_monsterinsights_sitenote_category":0},"product_brand":[],"product_cat":[12337,14706],"product_tag":[],"class_list":{"0":"post-726367","1":"product","2":"type-product","3":"status-publish","5":"product_cat-politika-siyaset","6":"product_cat-siyaset-bilimi","7":"pa_cilt-ciltsiz","8":"pa_tur-kitap","9":"pa_yayinevi-gazi-kitabevi","10":"pa_yazar-habibe-kulle","12":"first","13":"instock","14":"sale","15":"shipping-taxable","16":"purchasable","17":"product-type-simple"},"_links":{"self":[{"href":"https:\/\/roveyayinevi.com.tr\/index.php\/wp-json\/wp\/v2\/product\/726367","targetHints":{"allow":["GET"]}}],"collection":[{"href":"https:\/\/roveyayinevi.com.tr\/index.php\/wp-json\/wp\/v2\/product"}],"about":[{"href":"https:\/\/roveyayinevi.com.tr\/index.php\/wp-json\/wp\/v2\/types\/product"}],"wp:attachment":[{"href":"https:\/\/roveyayinevi.com.tr\/index.php\/wp-json\/wp\/v2\/media?parent=726367"}],"wp:term":[{"taxonomy":"product_brand","embeddable":true,"href":"https:\/\/roveyayinevi.com.tr\/index.php\/wp-json\/wp\/v2\/product_brand?post=726367"},{"taxonomy":"product_cat","embeddable":true,"href":"https:\/\/roveyayinevi.com.tr\/index.php\/wp-json\/wp\/v2\/product_cat?post=726367"},{"taxonomy":"product_tag","embeddable":true,"href":"https:\/\/roveyayinevi.com.tr\/index.php\/wp-json\/wp\/v2\/product_tag?post=726367"}],"curies":[{"name":"wp","href":"https:\/\/api.w.org\/{rel}","templated":true}]}}