{"id":726365,"date":"2025-08-27T20:04:58","date_gmt":"2025-08-27T17:04:58","guid":{"rendered":"https:\/\/roveyayinevi.com.tr\/index.php\/urun\/sakin-soyleme\/"},"modified":"2026-04-16T02:34:06","modified_gmt":"2026-04-15T23:34:06","slug":"sakin-soyleme","status":"publish","type":"product","link":"https:\/\/roveyayinevi.com.tr\/index.php\/urun\/sakin-soyleme\/","title":{"rendered":"Sak\u0131n S\u00f6yleme"},"content":{"rendered":"<p>Bir star parlar. Bir topluluk yanar. \u00d6len bir kad\u0131n huzur bulur. Bir \u00e7ocu\u011fun kalbi k\u0131r\u0131l\u0131r. \u0130nsanlar bu d\u00fcnyadaki yerlerini nas\u0131l bulur ve bununla nas\u0131l uzla\u015f\u0131r? Bu soru Nate Powell\u2019\u0131n \u00e7al\u0131\u015fmalar\u0131n\u0131n merkezinde yer al\u0131yor. \u00d6d\u00fcll\u00fc grafik romanc\u0131 Powell, Sak\u0131n S\u00f6yleme\u2019de g\u00fc\u00e7l\u00fc k\u0131sa \u00f6yk\u00fclerini bir araya getiriyor. Ruhani ve zorlay\u0131c\u0131 hik\u00e2yelerine bir yazar olarak hem d\u00fcr\u00fcst hem de \u015fefkatli yakla\u015f\u0131yor. \u201cB\u00fcy\u00fcleyici, \u015fiirsel, g\u00f6rsel bir \u015f\u00f6len. Sak\u0131n S\u00f6yleme, kafan\u0131z\u0131n i\u00e7inde yer edecek. Kitab\u0131 bitirdikten sonra bile i\u00e7indeki melodileri m\u0131r\u0131ldan\u0131yor olacaks\u0131n\u0131z.\u201d &#8211; Becky Cloonan \u201cSak\u0131n S\u00f6yleme, \u00f6yk\u00fc derlemesinden \u00e7ok daha fazlas\u0131. G\u00fcn\u00fcm\u00fcz\u00fcn en yetenekli hik\u00e2ye anlat\u0131c\u0131lar\u0131ndan birinin, ge\u00e7irmi\u015f oldu\u011fu evrimin bir aynas\u0131.\u201d &#8211; Scott Snyder <\/p>\n","protected":false},"excerpt":{"rendered":"<p>Bir star parlar. Bir topluluk yanar. \u00d6len bir kad\u0131n huzur bulur. Bir \u00e7ocu\u011fun kalbi k\u0131r\u0131l\u0131r. \u0130nsanlar bu d\u00fcnyadaki yerlerini nas\u0131l bulur ve bununla nas\u0131l uzla\u015f\u0131r? Bu<span class=\"excerpt-hellip\"> [\u2026]<\/span><\/p>\n","protected":false},"featured_media":0,"template":"","meta":{"_monsterinsights_skip_tracking":false,"_monsterinsights_sitenote_active":false,"_monsterinsights_sitenote_note":"","_monsterinsights_sitenote_category":0},"product_brand":[],"product_cat":[12416,12291],"product_tag":[],"class_list":{"0":"post-726365","1":"product","2":"type-product","3":"status-publish","5":"product_cat-cizgi-roman","6":"product_cat-edebiyat","7":"pa_cilt-ciltsiz","8":"pa_tur-kitap","9":"pa_yayinevi-kara-karga-yayinlari","10":"pa_yazar-nate-powell","12":"first","13":"instock","14":"sale","15":"shipping-taxable","16":"purchasable","17":"product-type-simple"},"_links":{"self":[{"href":"https:\/\/roveyayinevi.com.tr\/index.php\/wp-json\/wp\/v2\/product\/726365","targetHints":{"allow":["GET"]}}],"collection":[{"href":"https:\/\/roveyayinevi.com.tr\/index.php\/wp-json\/wp\/v2\/product"}],"about":[{"href":"https:\/\/roveyayinevi.com.tr\/index.php\/wp-json\/wp\/v2\/types\/product"}],"wp:attachment":[{"href":"https:\/\/roveyayinevi.com.tr\/index.php\/wp-json\/wp\/v2\/media?parent=726365"}],"wp:term":[{"taxonomy":"product_brand","embeddable":true,"href":"https:\/\/roveyayinevi.com.tr\/index.php\/wp-json\/wp\/v2\/product_brand?post=726365"},{"taxonomy":"product_cat","embeddable":true,"href":"https:\/\/roveyayinevi.com.tr\/index.php\/wp-json\/wp\/v2\/product_cat?post=726365"},{"taxonomy":"product_tag","embeddable":true,"href":"https:\/\/roveyayinevi.com.tr\/index.php\/wp-json\/wp\/v2\/product_tag?post=726365"}],"curies":[{"name":"wp","href":"https:\/\/api.w.org\/{rel}","templated":true}]}}