{"id":726364,"date":"2025-08-27T20:04:58","date_gmt":"2025-08-27T17:04:58","guid":{"rendered":"https:\/\/roveyayinevi.com.tr\/index.php\/urun\/kalpleri-ayarlama-enstitusu\/"},"modified":"2025-11-19T18:18:30","modified_gmt":"2025-11-19T15:18:30","slug":"kalpleri-ayarlama-enstitusu","status":"publish","type":"product","link":"https:\/\/roveyayinevi.com.tr\/index.php\/urun\/kalpleri-ayarlama-enstitusu\/","title":{"rendered":"Kalpleri Ayarlama Enstit\u00fcs\u00fc"},"content":{"rendered":"<p>Duygu durumlar\u0131n\u0131n kalp sa\u011fl\u0131\u011f\u0131 \u00fczerindeki etkisi nedir? Stresi y\u00f6netmek ve mutlu bir ya\u015fam\u0131n anahtar\u0131n\u0131 bulmak m\u00fcmk\u00fcn m\u00fc? \u0130leride kalp hastas\u0131 olaca\u011f\u0131n\u0131 d\u00fc\u015f\u00fcnenler, ger\u00e7ekten hasta olurlar m\u0131? Mutlu insanlar\u0131n kalbi daha m\u0131 sa\u011fl\u0131kl\u0131d\u0131r? <\/p>\n","protected":false},"excerpt":{"rendered":"<p>Duygu durumlar\u0131n\u0131n kalp sa\u011fl\u0131\u011f\u0131 \u00fczerindeki etkisi nedir? Stresi y\u00f6netmek ve mutlu bir ya\u015fam\u0131n anahtar\u0131n\u0131 bulmak m\u00fcmk\u00fcn m\u00fc? \u0130leride kalp hastas\u0131 olaca\u011f\u0131n\u0131 d\u00fc\u015f\u00fcnenler, ger\u00e7ekten hasta olurlar m\u0131?<span class=\"excerpt-hellip\"> [\u2026]<\/span><\/p>\n","protected":false},"featured_media":0,"template":"","meta":{"_monsterinsights_skip_tracking":false,"_monsterinsights_sitenote_active":false,"_monsterinsights_sitenote_note":"","_monsterinsights_sitenote_category":0},"product_brand":[],"product_cat":[16965,13365],"product_tag":[],"class_list":{"0":"post-726364","1":"product","2":"type-product","3":"status-publish","5":"product_cat-genel-saglik-kitaplari","6":"product_cat-saglik","7":"pa_cilt-ciltsiz","8":"pa_tur-kitap","9":"pa_yayinevi-destek-yayinlari","10":"pa_yazar-hicran-tuluce-ahmet-taha-alper","12":"first","13":"instock","14":"sale","15":"shipping-taxable","16":"purchasable","17":"product-type-simple"},"_links":{"self":[{"href":"https:\/\/roveyayinevi.com.tr\/index.php\/wp-json\/wp\/v2\/product\/726364","targetHints":{"allow":["GET"]}}],"collection":[{"href":"https:\/\/roveyayinevi.com.tr\/index.php\/wp-json\/wp\/v2\/product"}],"about":[{"href":"https:\/\/roveyayinevi.com.tr\/index.php\/wp-json\/wp\/v2\/types\/product"}],"wp:attachment":[{"href":"https:\/\/roveyayinevi.com.tr\/index.php\/wp-json\/wp\/v2\/media?parent=726364"}],"wp:term":[{"taxonomy":"product_brand","embeddable":true,"href":"https:\/\/roveyayinevi.com.tr\/index.php\/wp-json\/wp\/v2\/product_brand?post=726364"},{"taxonomy":"product_cat","embeddable":true,"href":"https:\/\/roveyayinevi.com.tr\/index.php\/wp-json\/wp\/v2\/product_cat?post=726364"},{"taxonomy":"product_tag","embeddable":true,"href":"https:\/\/roveyayinevi.com.tr\/index.php\/wp-json\/wp\/v2\/product_tag?post=726364"}],"curies":[{"name":"wp","href":"https:\/\/api.w.org\/{rel}","templated":true}]}}