{"id":726363,"date":"2025-08-27T20:04:57","date_gmt":"2025-08-27T17:04:57","guid":{"rendered":"https:\/\/roveyayinevi.com.tr\/index.php\/urun\/bir-kultur-virusu\/"},"modified":"2026-04-16T02:34:06","modified_gmt":"2026-04-15T23:34:06","slug":"bir-kultur-virusu","status":"publish","type":"product","link":"https:\/\/roveyayinevi.com.tr\/index.php\/urun\/bir-kultur-virusu\/","title":{"rendered":"Bir K\u00fclt\u00fcr Vir\u00fcs\u00fc"},"content":{"rendered":"<p>\u00c7in\u2019in Wuhan kentinde ortaya \u00e7\u0131kan ve hayat\u0131m\u0131z\u0131 bir anda distopyaya d\u00f6n\u00fc\u015ft\u00fcren Co vid 19, yery\u00fcz\u00fcndeki ne ilk ne de son salg\u0131n. Ancak yine de insano\u011flu vir\u00fcsle nas\u0131l ba\u015f edece\u011fini, vir\u00fcs bittikten sonra nas\u0131l bir hayat\u0131n kendisini bekledi\u011fini \u00e7\u00f6z\u00fcmlemekte ba\u015far\u0131l\u0131 de\u011fil. \u0130\u015fte Erdem Da\u011fdemir, t\u00fcm d\u00fcnyay\u0131 etkisi alt\u0131na alan ve hayatlar\u0131m\u0131z\u0131 bir anda dijital ekranlara s\u0131\u011fd\u0131ran Co vid 19 vir\u00fcs\u00fcn\u00fcn bug\u00fcn\u00fcn\u00fc ve gelece\u011fini tart\u0131\u015f\u0131yor bu kitapta. \u0130nsan beyninin adaptif bir organ oldu\u011funu savunan Da\u011fdemir, Co vid 19 vir\u00fcs\u00fcn\u00fcn hayat\u0131m\u0131za girmesiyle beynimizin ne gibi de\u011fi\u015fikliklerle m\u00fccadele etti\u011fini, duygusal ve zihinsel olarak nelerle kar\u015f\u0131 kar\u015f\u0131ya oldu\u011fumuzu ve bunun End\u00fcstri 4.0 ile ba\u011flam\u0131n\u0131 cesur bir \u015fekilde ortaya koyuyor. Pandeminin h\u0131zland\u0131rd\u0131\u011f\u0131 dijitalle\u015fme hayatlar\u0131m\u0131za ve bize neler kazand\u0131racak ya da bizden neler g\u00f6t\u00fcrecek? Bir insan \u00fcretimi olan makineler, gelece\u011fi nas\u0131l \u015fekillendirecek? Gelecek ve dijital d\u00fcnyada biz insanlar nas\u0131l bir rol oynayaca\u011f\u0131z? Bir K\u00fclt\u00fcr Vir\u00fcs\u00fc, pandemi ve etkilerinden yola \u00e7\u0131karak insanl\u0131k tarihine ve sanayi devrimleri \u0131\u015f\u0131\u011f\u0131nda geli\u015fen ve d\u00f6n\u00fc\u015fen d\u00fcnyaya \u0131\u015f\u0131k tutuyor. <\/p>\n","protected":false},"excerpt":{"rendered":"<p>\u00c7in\u2019in Wuhan kentinde ortaya \u00e7\u0131kan ve hayat\u0131m\u0131z\u0131 bir anda distopyaya d\u00f6n\u00fc\u015ft\u00fcren Co vid 19, yery\u00fcz\u00fcndeki ne ilk ne de son salg\u0131n. Ancak yine de insano\u011flu vir\u00fcsle<span class=\"excerpt-hellip\"> [\u2026]<\/span><\/p>\n","protected":false},"featured_media":0,"template":"","meta":{"_monsterinsights_skip_tracking":false,"_monsterinsights_sitenote_active":false,"_monsterinsights_sitenote_note":"","_monsterinsights_sitenote_category":0},"product_brand":[],"product_cat":[12325,12324],"product_tag":[],"class_list":{"0":"post-726363","1":"product","2":"type-product","3":"status-publish","5":"product_cat-diger-sosyoloji","6":"product_cat-sosyoloji","7":"pa_cilt-ciltsiz","8":"pa_tur-kitap","9":"pa_yayinevi-kara-karga-yayinlari","10":"pa_yazar-erdem-dagdemir","12":"first","13":"instock","14":"sale","15":"shipping-taxable","16":"purchasable","17":"product-type-simple"},"_links":{"self":[{"href":"https:\/\/roveyayinevi.com.tr\/index.php\/wp-json\/wp\/v2\/product\/726363","targetHints":{"allow":["GET"]}}],"collection":[{"href":"https:\/\/roveyayinevi.com.tr\/index.php\/wp-json\/wp\/v2\/product"}],"about":[{"href":"https:\/\/roveyayinevi.com.tr\/index.php\/wp-json\/wp\/v2\/types\/product"}],"wp:attachment":[{"href":"https:\/\/roveyayinevi.com.tr\/index.php\/wp-json\/wp\/v2\/media?parent=726363"}],"wp:term":[{"taxonomy":"product_brand","embeddable":true,"href":"https:\/\/roveyayinevi.com.tr\/index.php\/wp-json\/wp\/v2\/product_brand?post=726363"},{"taxonomy":"product_cat","embeddable":true,"href":"https:\/\/roveyayinevi.com.tr\/index.php\/wp-json\/wp\/v2\/product_cat?post=726363"},{"taxonomy":"product_tag","embeddable":true,"href":"https:\/\/roveyayinevi.com.tr\/index.php\/wp-json\/wp\/v2\/product_tag?post=726363"}],"curies":[{"name":"wp","href":"https:\/\/api.w.org\/{rel}","templated":true}]}}