{"id":726361,"date":"2025-08-27T20:04:55","date_gmt":"2025-08-27T17:04:55","guid":{"rendered":"https:\/\/roveyayinevi.com.tr\/index.php\/urun\/muzcu-kedi\/"},"modified":"2026-04-16T02:34:05","modified_gmt":"2026-04-15T23:34:05","slug":"muzcu-kedi","status":"publish","type":"product","link":"https:\/\/roveyayinevi.com.tr\/index.php\/urun\/muzcu-kedi\/","title":{"rendered":"Muzcu Kedi"},"content":{"rendered":"<p>Yazar ve \u00f6\u011fretmen Meftun Kocakaya Bay\u0131r imzal\u0131 \u201cMuzcu Kedi\u201d, \u00e7ocuklara en zor anlarda bile insan\u0131 iyili\u011fe sevk edecek bir yolun var oldu\u011funu \u00f6\u011f\u00fctleyen e\u015fsiz bir eser.Rus ill\u00fcstrat\u00f6r Ekaterina Stanchenko\u2019nun resimleriyle renklenen kitapta, muzu \u00e7ok seven bir kedinin hikayesi minik okurlara aktar\u0131l\u0131yor. Macera, yemeye bay\u0131ld\u0131\u011f\u0131 muzu satarak ge\u00e7imini sa\u011flayan Muzcu Kedi\u2019nin birdenbire kendini evinden \u00e7ok uzak bulmas\u0131yla ba\u015fl\u0131yor. Ormanda kaybolan kahraman\u0131m\u0131z\u0131n, muz lokantas\u0131 a\u00e7arak krizi f\u0131rsata \u00e7evirmesiyle hikaye keyifli bir hal al\u0131yor.\u201cMuzcu Kedi\u201d ayr\u0131ca, \u00e7ocuklara hayvan sevgisini de a\u015f\u0131layabilece\u011finiz samimi bir dostluk \u00f6yk\u00fcs\u00fc. E\u011flenceli oldu\u011fu kadar \u00f6\u011fretici bir y\u00f6n de bar\u0131nd\u0131ran Meftun Karakaya Bay\u0131r\u2019\u0131n kitab\u0131, \u00e7ocuklara k\u0131skan\u00e7l\u0131\u011f\u0131n ne denli k\u00f6t\u00fc bir duygu oldu\u011funu ve d\u00fcr\u00fcst olman\u0131n de\u011ferini anlat\u0131yor.\u00c7ocu\u011funuza pes etmemeyi, iyili\u011fi ve dostlu\u011fu \u00f6\u011fretecek bir kitap aray\u0131\u015f\u0131ndaysan\u0131z, \u201cMuzcu Kedi\u201d tam size g\u00f6re!<\/p>\n","protected":false},"excerpt":{"rendered":"<p>Yazar ve \u00f6\u011fretmen Meftun Kocakaya Bay\u0131r imzal\u0131 \u201cMuzcu Kedi\u201d, \u00e7ocuklara en zor anlarda bile insan\u0131 iyili\u011fe sevk edecek bir yolun var oldu\u011funu \u00f6\u011f\u00fctleyen e\u015fsiz bir eser.Rus<span class=\"excerpt-hellip\"> [\u2026]<\/span><\/p>\n","protected":false},"featured_media":0,"template":"","meta":{"_monsterinsights_skip_tracking":false,"_monsterinsights_sitenote_active":false,"_monsterinsights_sitenote_note":"","_monsterinsights_sitenote_category":0},"product_brand":[],"product_cat":[12275,12274],"product_tag":[],"class_list":{"0":"post-726361","1":"product","2":"type-product","3":"status-publish","5":"product_cat-6-12-yas-kitaplari","6":"product_cat-cocuk-ve-genclik-kitaplari","7":"pa_cilt-ciltsiz","8":"pa_tur-kitap","9":"pa_yayinevi-yeni-insan-yayinlari","10":"pa_yazar-meftun-kocakaya-bayir","12":"first","13":"instock","14":"sale","15":"shipping-taxable","16":"purchasable","17":"product-type-simple"},"_links":{"self":[{"href":"https:\/\/roveyayinevi.com.tr\/index.php\/wp-json\/wp\/v2\/product\/726361","targetHints":{"allow":["GET"]}}],"collection":[{"href":"https:\/\/roveyayinevi.com.tr\/index.php\/wp-json\/wp\/v2\/product"}],"about":[{"href":"https:\/\/roveyayinevi.com.tr\/index.php\/wp-json\/wp\/v2\/types\/product"}],"wp:attachment":[{"href":"https:\/\/roveyayinevi.com.tr\/index.php\/wp-json\/wp\/v2\/media?parent=726361"}],"wp:term":[{"taxonomy":"product_brand","embeddable":true,"href":"https:\/\/roveyayinevi.com.tr\/index.php\/wp-json\/wp\/v2\/product_brand?post=726361"},{"taxonomy":"product_cat","embeddable":true,"href":"https:\/\/roveyayinevi.com.tr\/index.php\/wp-json\/wp\/v2\/product_cat?post=726361"},{"taxonomy":"product_tag","embeddable":true,"href":"https:\/\/roveyayinevi.com.tr\/index.php\/wp-json\/wp\/v2\/product_tag?post=726361"}],"curies":[{"name":"wp","href":"https:\/\/api.w.org\/{rel}","templated":true}]}}