{"id":726359,"date":"2025-08-27T20:04:54","date_gmt":"2025-08-27T17:04:54","guid":{"rendered":"https:\/\/roveyayinevi.com.tr\/index.php\/urun\/gorunmeyen-yaralar\/"},"modified":"2025-09-23T06:06:08","modified_gmt":"2025-09-23T03:06:08","slug":"gorunmeyen-yaralar","status":"publish","type":"product","link":"https:\/\/roveyayinevi.com.tr\/index.php\/urun\/gorunmeyen-yaralar\/","title":{"rendered":"G\u00f6r\u00fcnmeyen Yaralar"},"content":{"rendered":"<p>Kad\u0131n cinayeti kurbanlar\u0131\u2026 \u015eiddet ma\u011fdurlar\u0131 ve aileleri\u2026 Failler\u2026 Kolluk kuvvetleri\u2026 Kad\u0131n \u00f6rg\u00fctleri\u2026 \u0130nsanl\u0131k tarihinin en b\u00fcy\u00fck evrensel salg\u0131nlar\u0131ndan olan aile i\u00e7i \u015fiddet, t\u00fcm y\u00f6nleriyle, toplumsal k\u00f6kenleri ve bile\u015fenlerinin hikayeleriyle ad\u0131m ad\u0131m ele al\u0131nmas\u0131 gereken bir alan. Can\u0131m\u0131z\u0131 yakan, utan\u00e7 veren, \u00f6fkelendiren, isyan ettiren her bir \u201colay\u0131n\u201d ard\u0131nda yatan\u0131 ortaya koymak, bundan sonras\u0131nda her birimizin neler yapabilece\u011fini, \u015fiddetin nas\u0131l \u00f6nlenebilece\u011fini, sorunun nas\u0131l \u00e7\u00f6z\u00fclece\u011fini bulmak en acil ihtiyac\u0131m\u0131z. Elinizde tuttu\u011funuz bu kitap, anlat\u0131 gazetecili\u011finin en \u00e7arp\u0131c\u0131 \u00f6rneklerinden biri. Rachel Louise Snyder\u2019\u0131n on y\u0131la yay\u0131lan derin ve ayr\u0131nt\u0131l\u0131 \u00e7al\u0131\u015fmas\u0131n\u0131n \u00fcr\u00fcn\u00fc. Snyder bu kitab\u0131 yazd\u0131\u011f\u0131 on y\u0131ll\u0131k s\u00fcre\u00e7te yaln\u0131zca \u015fiddet ma\u011fduru kad\u0131nlarla de\u011fil, faillerle, \u00f6ld\u00fcr\u00fclen kad\u0131nlar\u0131n aileleri ve arkada\u015flar\u0131yla, savc\u0131larla, polislerle, sa\u011fl\u0131k \u00e7al\u0131\u015fanlar\u0131yla, kad\u0131n \u00f6rg\u00fctleriyle g\u00f6r\u00fc\u015ferek konuyu 360 derece \u00f6n\u00fcm\u00fcze sunmu\u015f durumda. Aile i\u00e7i \u015fiddet \u00e7a\u011fr\u0131lar\u0131na devlet taraf\u0131ndan nas\u0131l yan\u0131t verildi\u011fini g\u00f6rmek i\u00e7in polislerle devriyeye \u00e7\u0131kan, hapishanedeki ya da denetimli serbestlikten yararlanan faillerin dahil oldu\u011fu \u015fiddete m\u00fcdahale programlar\u0131n\u0131 izleyen bir yazar\u0131n eseriyle kar\u015f\u0131 kar\u015f\u0131yay\u0131z. S\u0131\u011f\u0131nma evleri, acil yard\u0131m ekipleri, risk de\u011ferlendirme komiteleri de Snyder\u2019in titiz \u00e7al\u0131\u015fmas\u0131nda yerlerini alm\u0131\u015f. T\u00fcm bunlar sayesinde belki de ilk kez, bu denli kapsaml\u0131 bir bi\u00e7imde sadece aile i\u00e7i \u015fiddetin g\u00f6r\u00fcnmeyen ve \u00f6zel k\u00f6\u015felerini de\u011fil, ayn\u0131 zamanda toplumlara yans\u0131yan sonu\u00e7lar\u0131n\u0131 da ele alan bir esere sahibiz. Elbette bu kitab\u0131 bir anlama ve harekete ge\u00e7me k\u0131lavuzu olarak okuman\u0131z m\u00fcmk\u00fcn; bu haliyle de ba\u015fucunuzdan, \u00e7antan\u0131zdan, k\u00fct\u00fcphanenizden eksik olmayacak. Ama biliyoruz ki bu kitap ayn\u0131 zamanda sar\u0131l\u0131p a\u011flad\u0131\u011f\u0131n\u0131z, \u00f6fkenizi payla\u015ft\u0131\u011f\u0131n\u0131z, sorular sordu\u011funuz, umut buldu\u011funuz bir arkada\u015f\u0131n\u0131z olacak\u2026 <\/p>\n","protected":false},"excerpt":{"rendered":"<p>Kad\u0131n cinayeti kurbanlar\u0131\u2026 \u015eiddet ma\u011fdurlar\u0131 ve aileleri\u2026 Failler\u2026 Kolluk kuvvetleri\u2026 Kad\u0131n \u00f6rg\u00fctleri\u2026 \u0130nsanl\u0131k tarihinin en b\u00fcy\u00fck evrensel salg\u0131nlar\u0131ndan olan aile i\u00e7i \u015fiddet, t\u00fcm y\u00f6nleriyle, toplumsal k\u00f6kenleri<span class=\"excerpt-hellip\"> [\u2026]<\/span><\/p>\n","protected":false},"featured_media":0,"template":"","meta":{"_monsterinsights_skip_tracking":false,"_monsterinsights_sitenote_active":false,"_monsterinsights_sitenote_note":"","_monsterinsights_sitenote_category":0},"product_brand":[],"product_cat":[26396,13488],"product_tag":[],"class_list":{"0":"post-726359","1":"product","2":"type-product","3":"status-publish","5":"product_cat-kadin-erkek-iliskileri","6":"product_cat-toplum-ve-insan","7":"pa_cilt-ciltsiz","8":"pa_tur-kitap","9":"pa_yayinevi-okuyan-us-yayin","10":"pa_yazar-rachel-louise-snyder","12":"first","13":"instock","14":"sale","15":"shipping-taxable","16":"purchasable","17":"product-type-simple"},"_links":{"self":[{"href":"https:\/\/roveyayinevi.com.tr\/index.php\/wp-json\/wp\/v2\/product\/726359","targetHints":{"allow":["GET"]}}],"collection":[{"href":"https:\/\/roveyayinevi.com.tr\/index.php\/wp-json\/wp\/v2\/product"}],"about":[{"href":"https:\/\/roveyayinevi.com.tr\/index.php\/wp-json\/wp\/v2\/types\/product"}],"wp:attachment":[{"href":"https:\/\/roveyayinevi.com.tr\/index.php\/wp-json\/wp\/v2\/media?parent=726359"}],"wp:term":[{"taxonomy":"product_brand","embeddable":true,"href":"https:\/\/roveyayinevi.com.tr\/index.php\/wp-json\/wp\/v2\/product_brand?post=726359"},{"taxonomy":"product_cat","embeddable":true,"href":"https:\/\/roveyayinevi.com.tr\/index.php\/wp-json\/wp\/v2\/product_cat?post=726359"},{"taxonomy":"product_tag","embeddable":true,"href":"https:\/\/roveyayinevi.com.tr\/index.php\/wp-json\/wp\/v2\/product_tag?post=726359"}],"curies":[{"name":"wp","href":"https:\/\/api.w.org\/{rel}","templated":true}]}}