{"id":726358,"date":"2025-08-27T20:04:54","date_gmt":"2025-08-27T17:04:54","guid":{"rendered":"https:\/\/roveyayinevi.com.tr\/index.php\/urun\/kaf-dagindan-toroslara-osmanlidan-gunumuze-turkiyede-alman-gocmenler\/"},"modified":"2026-04-16T02:34:05","modified_gmt":"2026-04-15T23:34:05","slug":"kaf-dagindan-toroslara-osmanlidan-gunumuze-turkiyede-alman-gocmenler","status":"publish","type":"product","link":"https:\/\/roveyayinevi.com.tr\/index.php\/urun\/kaf-dagindan-toroslara-osmanlidan-gunumuze-turkiyede-alman-gocmenler\/","title":{"rendered":"Kaf Da\u011f\u0131&#8217;ndan Toroslar&#8217;a Osmanl\u0131&#8217;dan G\u00fcn\u00fcm\u00fcze T\u00fcrkiye&#8217;de Alman G\u00f6\u00e7menler"},"content":{"rendered":"<p>Elinizde tutmu\u015f oldu\u011funuz bu kitapta T\u00fcrkiye\u2019de ya\u015fayan Almanlar, T\u00fcrk-Alman ili\u015fkileri a\u00e7\u0131s\u0131ndan ele al\u0131nmaktad\u0131r. Ge\u00e7mi\u015ften g\u00fcn\u00fcm\u00fcze T\u00fcrkiye\u2019de ya\u015fayan Almanlar\u0131 b\u00fct\u00fcnl\u00fckl\u00fc bir \u015fekilde konu edinen ba\u015fka bir \u00e7al\u0131\u015fma yap\u0131lmam\u0131\u015f olmas\u0131 bu kitaba ayr\u0131 bir \u00f6nem ve \u00f6zg\u00fcnl\u00fck katmaktad\u0131r. Ayr\u0131ca bu \u00e7al\u0131\u015fman\u0131n ortaya \u00e7\u0131kmas\u0131 ileride T\u00fcrkiye\u2019de ya\u015fayan Almanlar veya yabanc\u0131lar hakk\u0131nda yap\u0131lacak bilimsel \u00e7al\u0131\u015fmalar\u0131n ivme kazanmas\u0131na yol a\u00e7acakt\u0131r. Bu kitapta Almanlar\u0131n hangi d\u00f6nemlerde ve \u015fartlarda T\u00fcrkiye\u2019ye g\u00f6\u00e7 ettikleri, iki \u00fclke aras\u0131ndaki ili\u015fkiler \u00e7er\u00e7evesinde sahip olduklar\u0131 yasal haklar, T\u00fcrk toplumuna intibak d\u00fczeyleri, kar\u015f\u0131la\u015ft\u0131klar\u0131 sorunlar ve y\u00fcr\u00fctt\u00fckleri ekonomik faaliyetler \u00fczerinde durulmaktad\u0131r. Bu \u00e7al\u0131\u015fmada Osmanl\u0131 ve Cumhuriyet d\u00f6nemlerinde T\u00fcrkiye\u2019ye g\u00f6\u00e7 eden Almanlar; Filistin, Kars, Amasya ve Antalya\/Alanya \u00f6rnekleri \u00fczerinden incelemeye tabi tutulmaktad\u0131r.Bu kitaptaki b\u00f6l\u00fcmlerin hepsi belirlenen belli bir sistemati\u011fe ve y\u00f6nteme sad\u0131k kal\u0131narak yaz\u0131lm\u0131\u015f olmas\u0131n\u0131n yan\u0131 s\u0131ra mevzuya \u00e7ok boyutlu bir bak\u0131\u015f a\u00e7\u0131s\u0131 getirmesi sebebiyle, T\u00fcrkiye\u2019de ya\u015fayan di\u011fer yabanc\u0131 topluluklar\u0131n benzer \u015fekilde ara\u015ft\u0131r\u0131lmas\u0131na kap\u0131 aralayacak mahiyettedir. Di\u011fer yandan, T\u00fcrkiye\u2019de ya\u015famay\u0131 planlayan ya da h\u00e2lihaz\u0131rda T\u00fcrkiye\u2019de ikamet eden Almanlar veya \u00e7e\u015fitli Alman kurumlar\u0131n\u0131n temsilcileri i\u00e7in bu kitab\u0131n bir rehber eser olma niteli\u011fi ta\u015f\u0131d\u0131\u011f\u0131 s\u00f6ylenebilir. S\u00f6z gelimi, Cumhuriyet d\u00f6neminde T\u00fcrkiye\u2019de ya\u015fayan Almanlar\u0131n ele al\u0131nd\u0131\u011f\u0131 son b\u00f6l\u00fcmde s\u00f6z konusu toplumun yasal haklar\u0131, kurduklar\u0131 dernekler ve e\u011fitim kurumlar\u0131 hakk\u0131nda detayl\u0131 bilgiler verilmektedir. \u0130\u015fte bu a\u00e7\u0131dan bak\u0131ld\u0131\u011f\u0131nda, mevcut \u00e7al\u0131\u015fman\u0131n akademik niteli\u011finin yan\u0131 s\u0131ra pratik de\u011feri de ortaya \u00e7\u0131kmaktad\u0131r.<\/p>\n","protected":false},"excerpt":{"rendered":"<p>Elinizde tutmu\u015f oldu\u011funuz bu kitapta T\u00fcrkiye\u2019de ya\u015fayan Almanlar, T\u00fcrk-Alman ili\u015fkileri a\u00e7\u0131s\u0131ndan ele al\u0131nmaktad\u0131r. Ge\u00e7mi\u015ften g\u00fcn\u00fcm\u00fcze T\u00fcrkiye\u2019de ya\u015fayan Almanlar\u0131 b\u00fct\u00fcnl\u00fckl\u00fc bir \u015fekilde konu edinen ba\u015fka bir \u00e7al\u0131\u015fma<span class=\"excerpt-hellip\"> [\u2026]<\/span><\/p>\n","protected":false},"featured_media":0,"template":"","meta":{"_monsterinsights_skip_tracking":false,"_monsterinsights_sitenote_active":false,"_monsterinsights_sitenote_note":"","_monsterinsights_sitenote_category":0},"product_brand":[],"product_cat":[13590,12337],"product_tag":[],"class_list":{"0":"post-726358","1":"product","2":"type-product","3":"status-publish","5":"product_cat-arastirma-inceleme-politika-siyaset","6":"product_cat-politika-siyaset","7":"pa_cilt-ciltsiz","8":"pa_tur-kitap","9":"pa_yayinevi-astana-yayinlari","10":"pa_yazar-fahri-turk-emirhan-kaya","12":"first","13":"instock","14":"sale","15":"shipping-taxable","16":"purchasable","17":"product-type-simple"},"_links":{"self":[{"href":"https:\/\/roveyayinevi.com.tr\/index.php\/wp-json\/wp\/v2\/product\/726358","targetHints":{"allow":["GET"]}}],"collection":[{"href":"https:\/\/roveyayinevi.com.tr\/index.php\/wp-json\/wp\/v2\/product"}],"about":[{"href":"https:\/\/roveyayinevi.com.tr\/index.php\/wp-json\/wp\/v2\/types\/product"}],"wp:attachment":[{"href":"https:\/\/roveyayinevi.com.tr\/index.php\/wp-json\/wp\/v2\/media?parent=726358"}],"wp:term":[{"taxonomy":"product_brand","embeddable":true,"href":"https:\/\/roveyayinevi.com.tr\/index.php\/wp-json\/wp\/v2\/product_brand?post=726358"},{"taxonomy":"product_cat","embeddable":true,"href":"https:\/\/roveyayinevi.com.tr\/index.php\/wp-json\/wp\/v2\/product_cat?post=726358"},{"taxonomy":"product_tag","embeddable":true,"href":"https:\/\/roveyayinevi.com.tr\/index.php\/wp-json\/wp\/v2\/product_tag?post=726358"}],"curies":[{"name":"wp","href":"https:\/\/api.w.org\/{rel}","templated":true}]}}