{"id":726356,"date":"2025-08-27T20:04:52","date_gmt":"2025-08-27T17:04:52","guid":{"rendered":"https:\/\/roveyayinevi.com.tr\/index.php\/urun\/demokratik-despotizm\/"},"modified":"2025-10-30T13:06:25","modified_gmt":"2025-10-30T10:06:25","slug":"demokratik-despotizm","status":"publish","type":"product","link":"https:\/\/roveyayinevi.com.tr\/index.php\/urun\/demokratik-despotizm\/","title":{"rendered":"Demokratik Despotizm"},"content":{"rendered":"<p>Alexis de Tocqueville, devrimlerin birer k\u0131r\u0131lma veya kopu\u015f olmad\u0131\u011f\u0131n\u0131, aksine devletin merkezile\u015fmesi ve t\u00fcm toplumsal s\u0131n\u0131flar\u0131n devlete ba\u011f\u0131ml\u0131 hale gelmesiyle neticelenen bir s\u00fcreklilik i\u00e7indeki u\u011fraklar oldu\u011funu ileri s\u00fcren siyaset bilimci. 1848 Devrimi sonras\u0131 \u0130kinci Cumhuriyet\u2019in anayasas\u0131n\u0131 yazan, ama \u201cbudala\u201d olarak g\u00f6rd\u00fc\u011f\u00fc Louis-Napol\u00e9on Bonaparte\u2019\u0131n \u00f6nce cumhurba\u015fkan\u0131 se\u00e7ilmesi ve ard\u0131ndan da darbe yapmas\u0131yla siyaset hayat\u0131ndan tamamen \u00e7ekilen bir siyaset\u00e7i. Liberal siyasetin oldu\u011fu kadar bir sosyologlar zincirinin de Comte, Marx, Weber kadar \u00f6nemli halkalar\u0131ndan biri. Amerika\u2019da Demokrasi adl\u0131 d\u00f6rt ciltlik \u00e7al\u0131\u015fmas\u0131n\u0131n bu son b\u00f6l\u00fcm\u00fcnde, demokratik despotizm teriminin hi\u00e7 de bir oksimoron olmad\u0131\u011f\u0131n\u0131 ortaya koyuyor. \u201cB\u00fct\u00fcn insanlar benze\u015fti\u011fi zaman s\u0131n\u0131rs\u0131z g\u00fcc\u00fc olan tek bir h\u00fck\u00fcmet kurmak kolay olur; i\u00e7g\u00fcd\u00fcler yeter. Ancak ayn\u0131 ko\u015fullarda ikincil g\u00fc\u00e7leri \u00f6rg\u00fctleyip korumak, vatanda\u015flar ba\u011f\u0131ms\u0131z ve bireysel a\u00e7\u0131dan g\u00fc\u00e7s\u00fczken, d\u00fczeni y\u0131kmadan zorbal\u0131\u011fa kar\u015f\u0131 m\u00fccadele edebilecek \u00f6zg\u00fcr kurumlar yaratmak i\u00e7in insanlara zek\u00e2, bilim ve sanat gerekecektir.\u201d <\/p>\n","protected":false},"excerpt":{"rendered":"<p>Alexis de Tocqueville, devrimlerin birer k\u0131r\u0131lma veya kopu\u015f olmad\u0131\u011f\u0131n\u0131, aksine devletin merkezile\u015fmesi ve t\u00fcm toplumsal s\u0131n\u0131flar\u0131n devlete ba\u011f\u0131ml\u0131 hale gelmesiyle neticelenen bir s\u00fcreklilik i\u00e7indeki u\u011fraklar oldu\u011funu<span class=\"excerpt-hellip\"> [\u2026]<\/span><\/p>\n","protected":false},"featured_media":0,"template":"","meta":{"_monsterinsights_skip_tracking":false,"_monsterinsights_sitenote_active":false,"_monsterinsights_sitenote_note":"","_monsterinsights_sitenote_category":0},"product_brand":[],"product_cat":[12291,13872],"product_tag":[],"class_list":{"0":"post-726356","1":"product","2":"type-product","3":"status-publish","5":"product_cat-edebiyat","6":"product_cat-klasikler","7":"pa_cilt-ciltsiz","8":"pa_tur-kitap","9":"pa_yayinevi-kirmizi-kedi-yayinevi","10":"pa_yazar-alexis-de-tocqueville","12":"first","13":"instock","14":"sale","15":"shipping-taxable","16":"purchasable","17":"product-type-simple"},"_links":{"self":[{"href":"https:\/\/roveyayinevi.com.tr\/index.php\/wp-json\/wp\/v2\/product\/726356","targetHints":{"allow":["GET"]}}],"collection":[{"href":"https:\/\/roveyayinevi.com.tr\/index.php\/wp-json\/wp\/v2\/product"}],"about":[{"href":"https:\/\/roveyayinevi.com.tr\/index.php\/wp-json\/wp\/v2\/types\/product"}],"wp:attachment":[{"href":"https:\/\/roveyayinevi.com.tr\/index.php\/wp-json\/wp\/v2\/media?parent=726356"}],"wp:term":[{"taxonomy":"product_brand","embeddable":true,"href":"https:\/\/roveyayinevi.com.tr\/index.php\/wp-json\/wp\/v2\/product_brand?post=726356"},{"taxonomy":"product_cat","embeddable":true,"href":"https:\/\/roveyayinevi.com.tr\/index.php\/wp-json\/wp\/v2\/product_cat?post=726356"},{"taxonomy":"product_tag","embeddable":true,"href":"https:\/\/roveyayinevi.com.tr\/index.php\/wp-json\/wp\/v2\/product_tag?post=726356"}],"curies":[{"name":"wp","href":"https:\/\/api.w.org\/{rel}","templated":true}]}}