{"id":726355,"date":"2025-08-27T20:04:51","date_gmt":"2025-08-27T17:04:51","guid":{"rendered":"https:\/\/roveyayinevi.com.tr\/index.php\/urun\/dorian-grayin-portresi-11\/"},"modified":"2026-04-16T02:34:05","modified_gmt":"2026-04-15T23:34:05","slug":"dorian-grayin-portresi-11","status":"publish","type":"product","link":"https:\/\/roveyayinevi.com.tr\/index.php\/urun\/dorian-grayin-portresi-11\/","title":{"rendered":"Dorian Gray\u2019in Portresi"},"content":{"rendered":"<p>Edebiyat tarihinin en sars\u0131c\u0131 metinlerinden biri olan Dorian Gray\u2019in Portresi, yaz\u0131ld\u0131\u011f\u0131 d\u00f6nemde okurlar\u0131n ve ele\u015ftirmenlerin hedefi olmu\u015f, b\u00fcy\u00fck tepki \u00e7ekmi\u015ftir. Oscar Wilde\u2019\u0131n tek roman\u0131 olan kitap, gen\u00e7 ve yak\u0131\u015f\u0131kl\u0131 Dorian Gray\u2019in \u00f6yk\u00fcs\u00fcn\u00fc anlat\u0131r. Ressam Basil Hallward taraf\u0131ndan portresi yap\u0131lan bu gen\u00e7 adam kendisi yerine portresinin ya\u015flanmas\u0131n\u0131 diler. Ebedi gen\u00e7lik kar\u015f\u0131l\u0131\u011f\u0131nda ruhundan vazge\u00e7en Dorian Gray, insan\u0131 insan yapan de\u011ferlerden giderek uzakla\u015facakt\u0131r. Oscar Wilde, g\u00fczelli\u011fini korumak u\u011fruna vicdan\u0131ndan, ruhundan vazge\u00e7en bir karakteri anlat\u0131rken bir ba\u015fyap\u0131ta imza at\u0131yor. \u201cOdada yakla\u015f\u0131k on dakika durduktan sonra, r\u00fck\u00fc\u015f zengin dullarla ve s\u0131k\u0131c\u0131 akademisyenlerle konu\u015furken birdenbire birinin bana bakt\u0131\u011f\u0131n\u0131 fark ettim. Hafif\u00e7e d\u00f6nd\u00fcm ve Dorian Gray\u2019i ilk kez g\u00f6rd\u00fcm. G\u00f6zlerimiz bulu\u015ftu\u011funda benzimin soldu\u011funu hissettim. \u00dczerime tuhaf bir korku \u00e7\u00f6kt\u00fc. Halis ki\u015fili\u011fi son derece b\u00fcy\u00fcleyici biriyle y\u00fcz y\u00fcze geldi\u011fimi biliyordum ve bunun b\u00f6yle olmas\u0131na izin verirsem benli\u011fimin tamam\u0131n\u0131, ruhumun tamam\u0131n\u0131, sanat\u0131m\u0131n bizatihi kendisini zapt edecekti.\u201d <\/p>\n","protected":false},"excerpt":{"rendered":"<p>Edebiyat tarihinin en sars\u0131c\u0131 metinlerinden biri olan Dorian Gray\u2019in Portresi, yaz\u0131ld\u0131\u011f\u0131 d\u00f6nemde okurlar\u0131n ve ele\u015ftirmenlerin hedefi olmu\u015f, b\u00fcy\u00fck tepki \u00e7ekmi\u015ftir. Oscar Wilde\u2019\u0131n tek roman\u0131 olan kitap,<span class=\"excerpt-hellip\"> [\u2026]<\/span><\/p>\n","protected":false},"featured_media":0,"template":"","meta":{"_monsterinsights_skip_tracking":false,"_monsterinsights_sitenote_active":false,"_monsterinsights_sitenote_note":"","_monsterinsights_sitenote_category":0},"product_brand":[],"product_cat":[12291,13872],"product_tag":[],"class_list":{"0":"post-726355","1":"product","2":"type-product","3":"status-publish","5":"product_cat-edebiyat","6":"product_cat-klasikler","7":"pa_cilt-ciltsiz","8":"pa_tur-kitap","9":"pa_yayinevi-kirmizi-kedi-yayinevi","10":"pa_yazar-oscar-wilde","12":"first","13":"instock","14":"sale","15":"shipping-taxable","16":"purchasable","17":"product-type-simple"},"_links":{"self":[{"href":"https:\/\/roveyayinevi.com.tr\/index.php\/wp-json\/wp\/v2\/product\/726355","targetHints":{"allow":["GET"]}}],"collection":[{"href":"https:\/\/roveyayinevi.com.tr\/index.php\/wp-json\/wp\/v2\/product"}],"about":[{"href":"https:\/\/roveyayinevi.com.tr\/index.php\/wp-json\/wp\/v2\/types\/product"}],"wp:attachment":[{"href":"https:\/\/roveyayinevi.com.tr\/index.php\/wp-json\/wp\/v2\/media?parent=726355"}],"wp:term":[{"taxonomy":"product_brand","embeddable":true,"href":"https:\/\/roveyayinevi.com.tr\/index.php\/wp-json\/wp\/v2\/product_brand?post=726355"},{"taxonomy":"product_cat","embeddable":true,"href":"https:\/\/roveyayinevi.com.tr\/index.php\/wp-json\/wp\/v2\/product_cat?post=726355"},{"taxonomy":"product_tag","embeddable":true,"href":"https:\/\/roveyayinevi.com.tr\/index.php\/wp-json\/wp\/v2\/product_tag?post=726355"}],"curies":[{"name":"wp","href":"https:\/\/api.w.org\/{rel}","templated":true}]}}