{"id":726353,"date":"2025-08-27T20:04:49","date_gmt":"2025-08-27T17:04:49","guid":{"rendered":"https:\/\/roveyayinevi.com.tr\/index.php\/urun\/benden-kacmaz-4lu-set\/"},"modified":"2026-04-16T02:34:05","modified_gmt":"2026-04-15T23:34:05","slug":"benden-kacmaz-4lu-set","status":"publish","type":"product","link":"https:\/\/roveyayinevi.com.tr\/index.php\/urun\/benden-kacmaz-4lu-set\/","title":{"rendered":"Benden  Ka\u00e7maz 4\u2019L\u00dc Set"},"content":{"rendered":"<p>*BAK *G\u00d6R *BUL *SAY *YAZ G\u00f6rsel alg\u0131 ve dikkat geli\u015fimi; g\u00f6rsel haf\u0131za, g\u00f6rsel ayr\u0131m ve g\u00f6z-hareket koordinasyonu sa\u011flamada \u00e7ok \u00f6nemli bir yer tutar. Bu sayede g\u00f6r\u00fcnenin anla\u015f\u0131lmas\u0131 ve yorumlanmas\u0131 m\u00fcmk\u00fcn olur. Beyinde bu yetilerin geli\u015ftirilmesi ve \u00fcst d\u00fczeye \u00e7\u0131kar\u0131lmas\u0131 \u00e7ocu\u011fa verilen e\u011fitimle yak\u0131ndan ili\u015fkilidir. Alg\u0131 ve dikkat fonksiyonlar\u0131n geli\u015fimi, beyin ve onun n\u00f6ral ba\u011flant\u0131lar\u0131 zorlanarak ve \u00e7al\u0131\u015ft\u0131r\u0131larak g\u00fc\u00e7lendirilebilir. Bu ama\u00e7la, BENDEN KA\u00c7MAZ 4\u2019L\u00dc SET &#8211; Odaklanma, Alg\u0131-Dikkat ve Konsantrasyon Bulmacalar\u0131\u2019n\u0131 haz\u0131rlam\u0131\u015f bulunmaktay\u0131z.  Bir kerede birden fazla unsura dikkat etmek ve odaklanman\u0131n gerekti\u011fi bulmaca i\u00e7erikleriyle \u00e7ocuklar\u0131n g\u00f6rsel odaklanma, konsantrasyon, alg\u0131, dikkat ve matematik becerilerinin geli\u015fimine b\u00fcy\u00fck katk\u0131lar sa\u011flayacakt\u0131rBENDEN KA\u00c7MAZ 4\u2019L\u00dc SET\u2019te Yer Alan Kitaplar: 1.  KITALAR VE HAYVANLARI, 32 sayfa, renkli 2.  MASAL KAHRAMANLARI, 32 sayfa, renkli 3.  SEV\u0130ML\u0130 EVLER, 32 sayfa, renkli 4.   \u00c7ILGIN TA\u015eITLAR, 32 sayfa, renkli <\/p>\n","protected":false},"excerpt":{"rendered":"<p>*BAK *G\u00d6R *BUL *SAY *YAZ G\u00f6rsel alg\u0131 ve dikkat geli\u015fimi; g\u00f6rsel haf\u0131za, g\u00f6rsel ayr\u0131m ve g\u00f6z-hareket koordinasyonu sa\u011flamada \u00e7ok \u00f6nemli bir yer tutar. Bu sayede g\u00f6r\u00fcnenin<span class=\"excerpt-hellip\"> [\u2026]<\/span><\/p>\n","protected":false},"featured_media":0,"template":"","meta":{"_monsterinsights_skip_tracking":false,"_monsterinsights_sitenote_active":false,"_monsterinsights_sitenote_note":"","_monsterinsights_sitenote_category":0},"product_brand":[],"product_cat":[12274,12518],"product_tag":[],"class_list":{"0":"post-726353","1":"product","2":"type-product","3":"status-publish","5":"product_cat-cocuk-ve-genclik-kitaplari","6":"product_cat-okul-oncesi-kitaplar","7":"pa_cilt-ciltsiz","8":"pa_tur-kitap","9":"pa_yayinevi-hayykitap","10":"pa_yazar-canan-ozturk","12":"first","13":"instock","14":"sale","15":"shipping-taxable","16":"purchasable","17":"product-type-simple"},"_links":{"self":[{"href":"https:\/\/roveyayinevi.com.tr\/index.php\/wp-json\/wp\/v2\/product\/726353","targetHints":{"allow":["GET"]}}],"collection":[{"href":"https:\/\/roveyayinevi.com.tr\/index.php\/wp-json\/wp\/v2\/product"}],"about":[{"href":"https:\/\/roveyayinevi.com.tr\/index.php\/wp-json\/wp\/v2\/types\/product"}],"wp:attachment":[{"href":"https:\/\/roveyayinevi.com.tr\/index.php\/wp-json\/wp\/v2\/media?parent=726353"}],"wp:term":[{"taxonomy":"product_brand","embeddable":true,"href":"https:\/\/roveyayinevi.com.tr\/index.php\/wp-json\/wp\/v2\/product_brand?post=726353"},{"taxonomy":"product_cat","embeddable":true,"href":"https:\/\/roveyayinevi.com.tr\/index.php\/wp-json\/wp\/v2\/product_cat?post=726353"},{"taxonomy":"product_tag","embeddable":true,"href":"https:\/\/roveyayinevi.com.tr\/index.php\/wp-json\/wp\/v2\/product_tag?post=726353"}],"curies":[{"name":"wp","href":"https:\/\/api.w.org\/{rel}","templated":true}]}}